{"id":8344,"date":"2025-07-08T12:55:01","date_gmt":"2025-07-08T10:55:01","guid":{"rendered":"https:\/\/devs.openbaz.be\/stics\/?page_id=8344"},"modified":"2025-08-29T13:14:19","modified_gmt":"2025-08-29T11:14:19","slug":"faq","status":"publish","type":"page","link":"https:\/\/devs.openbaz.be\/stics\/faq\/","title":{"rendered":"FAQ"},"content":{"rendered":"\t\t<div data-elementor-type=\"wp-page\" data-elementor-id=\"8344\" class=\"elementor elementor-8344\" data-elementor-post-type=\"page\">\n\t\t\t\t<div class=\"elementor-element elementor-element-1a0b812 e-con-full e-flex e-con e-parent\" data-id=\"1a0b812\" data-element_type=\"container\" data-e-type=\"container\">\n\t\t\t\t<div class=\"elementor-element elementor-element-3381717 elementor-widget elementor-widget-template\" data-id=\"3381717\" data-element_type=\"widget\" data-e-type=\"widget\" data-widget_type=\"template.default\">\n\t\t\t\t<div class=\"elementor-widget-container\">\n\t\t\t\t\t\t\t<div class=\"elementor-template\">\n\t\t\t\t\t<div data-elementor-type=\"page\" data-elementor-id=\"8043\" class=\"elementor elementor-8043\" data-elementor-post-type=\"elementor_library\">\n\t\t\t\t<div data-dce-background-color=\"#2A22DD00\" data-dce-background-image-url=\"https:\/\/devs.openbaz.be\/stics\/wp-content\/uploads\/2025\/07\/separateur-header.svg\" class=\"elementor-element elementor-element-11019c0 e-con-full e-flex elementor-invisible e-con e-parent\" data-id=\"11019c0\" data-element_type=\"container\" data-e-type=\"container\" data-settings=\"{&quot;background_background&quot;:&quot;classic&quot;,&quot;animation&quot;:&quot;fadeInDown&quot;}\">\n\t\t<div class=\"elementor-element elementor-element-d03944c e-con-full e-flex e-con e-child\" data-id=\"d03944c\" data-element_type=\"container\" data-e-type=\"container\">\n\t\t\t\t<div class=\"elementor-element elementor-element-6de71b5 elementor-widget elementor-widget-spacer\" data-id=\"6de71b5\" data-element_type=\"widget\" data-e-type=\"widget\" data-widget_type=\"spacer.default\">\n\t\t\t\t\t\t\t<div class=\"elementor-spacer\">\n\t\t\t<div class=\"elementor-spacer-inner\"><\/div>\n\t\t<\/div>\n\t\t\t\t\t\t<\/div>\n\t\t<div class=\"elementor-element elementor-element-6bbc83a e-con-full e-flex e-con e-child\" data-id=\"6bbc83a\" data-element_type=\"container\" data-e-type=\"container\">\n\t\t\t\t<div class=\"elementor-element elementor-element-69861ad elementor-absolute elementor-invisible elementor-widget elementor-widget-image\" data-id=\"69861ad\" data-element_type=\"widget\" data-e-type=\"widget\" data-settings=\"{&quot;_position&quot;:&quot;absolute&quot;,&quot;_animation&quot;:&quot;fadeInLeft&quot;,&quot;_animation_delay&quot;:600}\" data-widget_type=\"image.default\">\n\t\t\t\t\t\t\t\t\t\t\t\t\t\t\t<img alt=\"\" fetchpriority=\"high\" decoding=\"async\" width=\"517\" height=\"378\" src=\"https:\/\/devs.openbaz.be\/stics\/wp-content\/uploads\/2025\/07\/triangle-1.svg\" class=\"attachment-large size-large wp-image-8455\" alt=\"\" \/>\t\t\t\t\t\t\t\t\t\t\t\t\t\t\t<\/div>\n\t\t\t\t<\/div>\n\t\t\t\t<\/div>\n\t\t\t\t<div class=\"elementor-element elementor-element-d16e4d8 elementor-absolute elementor-widget-mobile__width-initial elementor-widget elementor-widget-ucaddon_breadcrumbs_widget\" data-id=\"d16e4d8\" data-element_type=\"widget\" data-e-type=\"widget\" data-settings=\"{&quot;_position&quot;:&quot;absolute&quot;}\" data-widget_type=\"ucaddon_breadcrumbs_widget.default\">\n\t\t\t\t<div class=\"elementor-widget-container\">\n\t\t\t\t\t\n<!-- start Breadcrumbs -->\n\t\t<link id='font-awesome-css' href='https:\/\/devs.openbaz.be\/stics\/wp-content\/plugins\/unlimited-elements-for-elementor-premium\/assets_libraries\/font-awesome6\/fontawesome-all.min.css' type='text\/css' rel='stylesheet' >\n\t\t<link id='font-awesome-4-shim-css' href='https:\/\/devs.openbaz.be\/stics\/wp-content\/plugins\/unlimited-elements-for-elementor-premium\/assets_libraries\/font-awesome6\/fontawesome-v4-shims.min.css' type='text\/css' rel='stylesheet' >\n\n<style>\/* widget: Breadcrumbs *\/\n\n#uc_breadcrumbs_widget_elementor_d16e4d8 .uc-breadcrumbs-list {\n  margin: 0;\n  padding: 0;\n  display: flex;\n  flex-wrap: wrap;\n}\n#uc_breadcrumbs_widget_elementor_d16e4d8 .uc-breadcrumbs-list li {\n  display: flex;\n  align-items: center;\n  list-style-type: none;\n}\n#uc_breadcrumbs_widget_elementor_d16e4d8 .uc-item-title {\n    position: relative;\n    display: inline-flex;\n    justify-content: center;\n    align-items: center;\n}\n#uc_breadcrumbs_widget_elementor_d16e4d8 .uc-item-title-inner{\n  display: flex;\n  align-items: center;\n}\n\n  #uc_breadcrumbs_widget_elementor_d16e4d8 .uc-breadcrumb-separator {\n    display:flex;\n    align-items: center;\n    justify-content: center\n  }\n  #uc_breadcrumbs_widget_elementor_d16e4d8 .uc-breadcrumb-separator svg {\n    width:1em;\n    height:1em;\n  }\n\n\n\n\n\n\n<\/style>\n\n\n    \t\n            <div id=\"uc_breadcrumbs_widget_elementor_d16e4d8\" class=\"uc-breadcrumbs\">\n            <ul class=\"uc-breadcrumbs-list default\">\n                                                            <li class=\"uc-breadcrumb-item\">\n                            <a href=\"https:\/\/devs.openbaz.be\/stics\/\" class=\"uc-item-title\">\n                              <span class=\"uc-item-title-inner\">\n                                                                                                Accueil\n                              <\/span>\n                            <\/a>\n                                                    <\/li>              \t\t    \n                                                <\/ul>\n        <\/div>\n\n            \n<!-- end Breadcrumbs -->\n\t\t\t\t<\/div>\n\t\t\t\t<\/div>\n\t\t<div class=\"elementor-element elementor-element-f43505e e-con-full e-flex e-con e-child\" data-id=\"f43505e\" data-element_type=\"container\" data-e-type=\"container\">\n\t\t\t\t<div class=\"elementor-element elementor-element-8a17982 elementor-absolute elementor-invisible elementor-widget elementor-widget-image\" data-id=\"8a17982\" data-element_type=\"widget\" data-e-type=\"widget\" data-settings=\"{&quot;_position&quot;:&quot;absolute&quot;,&quot;_animation_delay&quot;:900,&quot;_animation&quot;:&quot;fadeInRight&quot;}\" data-widget_type=\"image.default\">\n\t\t\t\t\t\t\t\t\t\t\t\t\t\t\t<img alt=\"\" decoding=\"async\" width=\"320\" height=\"243\" src=\"https:\/\/devs.openbaz.be\/stics\/wp-content\/uploads\/2025\/07\/triangles-2.svg\" class=\"attachment-large size-large wp-image-8450\" alt=\"\" \/>\t\t\t\t\t\t\t\t\t\t\t\t\t\t\t<\/div>\n\t\t\t\t<\/div>\n\t\t\t\t<\/div>\n\t\t\t\t<\/div>\n\t\t\t\t<\/div>\n\t\t\t\t\t\t<\/div>\n\t\t\t\t<\/div>\n\t\t\t\t<\/div>\n\t\t<div class=\"elementor-element elementor-element-40404e6 e-con-full e-flex e-con e-parent\" data-id=\"40404e6\" data-element_type=\"container\" data-e-type=\"container\">\n\t\t<div class=\"elementor-element elementor-element-8192450 e-con-full e-flex e-con e-child\" data-id=\"8192450\" data-element_type=\"container\" data-e-type=\"container\">\n\t\t<div class=\"elementor-element elementor-element-233e05c e-con-full e-flex e-con e-child\" data-id=\"233e05c\" data-element_type=\"container\" data-e-type=\"container\">\n\t\t\t\t<div class=\"elementor-element elementor-element-d2097ee elementor-widget__width-initial elementor-invisible elementor-widget elementor-widget-heading\" data-id=\"d2097ee\" data-element_type=\"widget\" data-e-type=\"widget\" data-settings=\"{&quot;_animation&quot;:&quot;fadeInUp&quot;}\" data-widget_type=\"heading.default\">\n\t\t\t\t\t<h1 class=\"elementor-heading-title elementor-size-default\">FAQ<\/h1>\t\t\t\t<\/div>\n\t\t\t\t<div class=\"elementor-element elementor-element-231e8fa elementor-invisible elementor-widget elementor-widget-heading\" data-id=\"231e8fa\" data-element_type=\"widget\" data-e-type=\"widget\" data-settings=\"{&quot;_animation&quot;:&quot;fadeInUp&quot;,&quot;_animation_delay&quot;:300}\" data-widget_type=\"heading.default\">\n\t\t\t\t\t<h2 class=\"elementor-heading-title elementor-size-default\">Retrouvez sur cette page des questions fr\u00e9quentes que nos clients nous posent r\u00e9guli\u00e8rement au sujet de<\/h2>\t\t\t\t<\/div>\n\t\t\t\t<\/div>\n\t\t<div class=\"elementor-element elementor-element-321f272 e-con-full e-flex e-con e-child\" data-id=\"321f272\" data-element_type=\"container\" data-e-type=\"container\">\n\t\t\t\t<\/div>\n\t\t\t\t<\/div>\n\t\t\t\t<\/div>\n\t\t<div class=\"elementor-element elementor-element-3abd141 e-con-full e-flex e-con e-parent\" data-id=\"3abd141\" data-element_type=\"container\" data-e-type=\"container\">\n\t\t\t\t<div class=\"elementor-element elementor-element-8a1a06e elementor-widget elementor-widget-n-accordion\" data-id=\"8a1a06e\" data-element_type=\"widget\" data-e-type=\"widget\" data-settings=\"{&quot;default_state&quot;:&quot;expanded&quot;,&quot;max_items_expended&quot;:&quot;one&quot;,&quot;n_accordion_animation_duration&quot;:{&quot;unit&quot;:&quot;ms&quot;,&quot;size&quot;:400,&quot;sizes&quot;:[]}}\" data-widget_type=\"nested-accordion.default\">\n\t\t\t\t\t\t\t<div class=\"e-n-accordion\" aria-label=\"Accordion. Open links with Enter or Space, close with Escape, and navigate with Arrow Keys\">\n\t\t\t\t\t\t<details id=\"e-n-accordion-item-1440\" class=\"e-n-accordion-item\" open>\n\t\t\t\t<summary class=\"e-n-accordion-item-title\" data-accordion-index=\"1\" tabindex=\"0\" aria-expanded=\"true\" aria-controls=\"e-n-accordion-item-1440\" >\n\t\t\t\t\t<span class='e-n-accordion-item-title-header'><div class=\"e-n-accordion-item-title-text\"> Combien de participant.e.s maximum de la m\u00eame organisation peuvent participer \u00e0 une formation programm\u00e9e\u202f? <\/div><\/span>\n\t\t\t\t\t\t\t\t\t<\/summary>\n\t\t\t\t<div role=\"region\" aria-labelledby=\"e-n-accordion-item-1440\" class=\"elementor-element elementor-element-e8b8c14 e-con-full e-flex e-con e-child\" data-id=\"e8b8c14\" data-element_type=\"container\" data-e-type=\"container\">\n\t\t\t\t<div class=\"elementor-element elementor-element-76d5102 elementor-widget elementor-widget-text-editor\" data-id=\"76d5102\" data-element_type=\"widget\" data-e-type=\"widget\" data-widget_type=\"text-editor.default\">\n\t\t\t\t\t\t\t\t\t<p><span class=\"TextRun SCXW143596644 BCX0\" lang=\"FR-BE\" xml:lang=\"FR-BE\" data-contrast=\"none\"><span class=\"NormalTextRun SCXW143596644 BCX0\">Maximum 3 participant.es \/ institution<\/span><span class=\"NormalTextRun SCXW143596644 BCX0\"> sous r\u00e9serve de compl\u00e9ter<\/span><span class=\"NormalTextRun SCXW143596644 BCX0\"> un formulaire par inscription.<\/span><\/span><span class=\"EOP SCXW143596644 BCX0\" data-ccp-props=\"{}\">\u00a0<\/span><\/p>\t\t\t\t\t\t\t\t<\/div>\n\t\t\t\t<\/div>\n\t\t\t\t\t<\/details>\n\t\t\t\t\t\t<details id=\"e-n-accordion-item-1441\" class=\"e-n-accordion-item\" >\n\t\t\t\t<summary class=\"e-n-accordion-item-title\" data-accordion-index=\"2\" tabindex=\"-1\" aria-expanded=\"false\" aria-controls=\"e-n-accordion-item-1441\" >\n\t\t\t\t\t<span class='e-n-accordion-item-title-header'><div class=\"e-n-accordion-item-title-text\"> Quelles sont les conditions d\u2019annulation si le STICS annule ou reporte\u202f?  <\/div><\/span>\n\t\t\t\t\t\t\t\t\t<\/summary>\n\t\t\t\t<div role=\"region\" aria-labelledby=\"e-n-accordion-item-1441\" class=\"elementor-element elementor-element-ddc8a68 e-con-full e-flex e-con e-child\" data-id=\"ddc8a68\" data-element_type=\"container\" data-e-type=\"container\">\n\t\t\t\t<div class=\"elementor-element elementor-element-a50ee94 elementor-widget elementor-widget-text-editor\" data-id=\"a50ee94\" data-element_type=\"widget\" data-e-type=\"widget\" data-widget_type=\"text-editor.default\">\n\t\t\t\t\t\t\t\t\t<p>Les participant.es re\u00e7oivent une note de cr\u00e9dit ou sont inscrit.es sur la FP suivante.<\/p><p>Selon nos conditions g\u00e9n\u00e9rales, le STICS se r\u00e9serve le droit d\u2019annuler une formation si le nombre de participant.es est insuffisant. Le montant de l\u2019inscription sera d\u00e8s lors int\u00e9gralement rembours\u00e9 aux participant.es.<\/p>\t\t\t\t\t\t\t\t<\/div>\n\t\t\t\t<\/div>\n\t\t\t\t\t<\/details>\n\t\t\t\t\t\t<details id=\"e-n-accordion-item-1442\" class=\"e-n-accordion-item\" >\n\t\t\t\t<summary class=\"e-n-accordion-item-title\" data-accordion-index=\"3\" tabindex=\"-1\" aria-expanded=\"false\" aria-controls=\"e-n-accordion-item-1442\" >\n\t\t\t\t\t<span class='e-n-accordion-item-title-header'><div class=\"e-n-accordion-item-title-text\"> Est-ce qu\u2019une formation programm\u00e9e peut \u00eatre adapt\u00e9e dans notre \u00e9quipe\/ institution&nbsp;?  <\/div><\/span>\n\t\t\t\t\t\t\t\t\t<\/summary>\n\t\t\t\t<div role=\"region\" aria-labelledby=\"e-n-accordion-item-1442\" class=\"elementor-element elementor-element-798870e e-con-full e-flex e-con e-child\" data-id=\"798870e\" data-element_type=\"container\" data-e-type=\"container\">\n\t\t\t\t<div class=\"elementor-element elementor-element-e589f67 elementor-widget elementor-widget-text-editor\" data-id=\"e589f67\" data-element_type=\"widget\" data-e-type=\"widget\" data-widget_type=\"text-editor.default\">\n\t\t\t\t\t\t\t\t\t<p>Oui. Toutes nos formations programm\u00e9es peuvent \u00eatre propos\u00e9es sur mesure, sur site ou en nos locaux. Il y a lieu d\u2019introduire une demande d\u2019intervention sur mesure via le lien\u202f: <a href=\"https:\/\/devs.openbaz.be\/stics\/formations\/formations-sur-mesure\/\">https:\/\/devs.openbaz.be\/stics\/formations\/formations-sur-mesure\/\u00a0\u00a0<\/a><\/p>\t\t\t\t\t\t\t\t<\/div>\n\t\t\t\t<\/div>\n\t\t\t\t\t<\/details>\n\t\t\t\t\t\t<details id=\"e-n-accordion-item-1443\" class=\"e-n-accordion-item\" >\n\t\t\t\t<summary class=\"e-n-accordion-item-title\" data-accordion-index=\"4\" tabindex=\"-1\" aria-expanded=\"false\" aria-controls=\"e-n-accordion-item-1443\" >\n\t\t\t\t\t<span class='e-n-accordion-item-title-header'><div class=\"e-n-accordion-item-title-text\"> Quelles sont les conditions de base pour organiser une supervision\u202f?  <\/div><\/span>\n\t\t\t\t\t\t\t\t\t<\/summary>\n\t\t\t\t<div role=\"region\" aria-labelledby=\"e-n-accordion-item-1443\" class=\"elementor-element elementor-element-53d9399 e-con-full e-flex e-con e-child\" data-id=\"53d9399\" data-element_type=\"container\" data-e-type=\"container\">\n\t\t\t\t<div class=\"elementor-element elementor-element-3906371 elementor-widget elementor-widget-text-editor\" data-id=\"3906371\" data-element_type=\"widget\" data-e-type=\"widget\" data-widget_type=\"text-editor.default\">\n\t\t\t\t\t\t\t\t\t<p>Une supervision est engag\u00e9e une fois l\u2019analyse de la demande effectu\u00e9e. Les supervisions peuvent \u00eatre individuelles ou collectives.<\/p>\t\t\t\t\t\t\t\t<\/div>\n\t\t\t\t<\/div>\n\t\t\t\t\t<\/details>\n\t\t\t\t\t\t<details id=\"e-n-accordion-item-1444\" class=\"e-n-accordion-item\" >\n\t\t\t\t<summary class=\"e-n-accordion-item-title\" data-accordion-index=\"5\" tabindex=\"-1\" aria-expanded=\"false\" aria-controls=\"e-n-accordion-item-1444\" >\n\t\t\t\t\t<span class='e-n-accordion-item-title-header'><div class=\"e-n-accordion-item-title-text\"> Est-ce que l\u2019intervenant.e peut \u00eatre remplac\u00e9.e en cours de mission\u202f?  <\/div><\/span>\n\t\t\t\t\t\t\t\t\t<\/summary>\n\t\t\t\t<div role=\"region\" aria-labelledby=\"e-n-accordion-item-1444\" class=\"elementor-element elementor-element-8cf257c e-con-full e-flex e-con e-child\" data-id=\"8cf257c\" data-element_type=\"container\" data-e-type=\"container\">\n\t\t\t\t<div class=\"elementor-element elementor-element-47893de elementor-widget elementor-widget-text-editor\" data-id=\"47893de\" data-element_type=\"widget\" data-e-type=\"widget\" data-widget_type=\"text-editor.default\">\n\t\t\t\t\t\t\t\t\t<p>Un.e intervenant.e n\u2019est jamais remplac\u00e9.e au pieds lev\u00e9, dans ce cas de figure, une r\u00e9union entre toutes les parties prenantes sera organis\u00e9e pour \u00e9valuer la situation et prendre une d\u00e9cision partag\u00e9e entre le Stics et l\u2019institution.<\/p>\t\t\t\t\t\t\t\t<\/div>\n\t\t\t\t<\/div>\n\t\t\t\t\t<\/details>\n\t\t\t\t\t\t<details id=\"e-n-accordion-item-1445\" class=\"e-n-accordion-item\" >\n\t\t\t\t<summary class=\"e-n-accordion-item-title\" data-accordion-index=\"6\" tabindex=\"-1\" aria-expanded=\"false\" aria-controls=\"e-n-accordion-item-1445\" >\n\t\t\t\t\t<span class='e-n-accordion-item-title-header'><div class=\"e-n-accordion-item-title-text\"> Quelles sont les modalit\u00e9s de pr\u00e9paration d'une Intervention Sur Mesure\u202f?  <\/div><\/span>\n\t\t\t\t\t\t\t\t\t<\/summary>\n\t\t\t\t<div role=\"region\" aria-labelledby=\"e-n-accordion-item-1445\" class=\"elementor-element elementor-element-376986d e-con-full e-flex e-con e-child\" data-id=\"376986d\" data-element_type=\"container\" data-e-type=\"container\">\n\t\t\t\t<div class=\"elementor-element elementor-element-a9c3efd elementor-widget elementor-widget-text-editor\" data-id=\"a9c3efd\" data-element_type=\"widget\" data-e-type=\"widget\" data-widget_type=\"text-editor.default\">\n\t\t\t\t\t\t\t\t\t<p>Il est n\u00e9cessaire de pr\u00e9voir au moins un entretien pr\u00e9alable payant (d\u2019une dur\u00e9e de maximum 1 heure).<\/p>\t\t\t\t\t\t\t\t<\/div>\n\t\t\t\t<\/div>\n\t\t\t\t\t<\/details>\n\t\t\t\t\t\t<details id=\"e-n-accordion-item-1446\" class=\"e-n-accordion-item\" >\n\t\t\t\t<summary class=\"e-n-accordion-item-title\" data-accordion-index=\"7\" tabindex=\"-1\" aria-expanded=\"false\" aria-controls=\"e-n-accordion-item-1446\" >\n\t\t\t\t\t<span class='e-n-accordion-item-title-header'><div class=\"e-n-accordion-item-title-text\"> Les formations Stics sont-elles subsidi\u00e9es par le Fonds 4S\u202f?  <\/div><\/span>\n\t\t\t\t\t\t\t\t\t<\/summary>\n\t\t\t\t<div role=\"region\" aria-labelledby=\"e-n-accordion-item-1446\" class=\"elementor-element elementor-element-a2f4491 e-con-full e-flex e-con e-child\" data-id=\"a2f4491\" data-element_type=\"container\" data-e-type=\"container\">\n\t\t\t\t<div class=\"elementor-element elementor-element-1997b49 elementor-widget elementor-widget-text-editor\" data-id=\"1997b49\" data-element_type=\"widget\" data-e-type=\"widget\" data-widget_type=\"text-editor.default\">\n\t\t\t\t\t\t\t\t\t<p>Oui, les formations de STICS asbl peuvent \u00eatre subsidi\u00e9es par le Fonds 4S, \u00e0 condition que l\u2019association appartienne aux commissions paritaires 329.02 ou 329.03 (secteur associatif\/non marchand).<br \/><br \/>Cependant, le STICS ne s\u2019occupe pas de la demande de financement&nbsp;: c\u2019est \u00e0 l\u2019association (ou \u00e0 vous-m\u00eame) d\u2019introduire la demande aupr\u00e8s du Fonds 4S.<\/p>\t\t\t\t\t\t\t\t<\/div>\n\t\t\t\t<\/div>\n\t\t\t\t\t<\/details>\n\t\t\t\t\t<\/div>\n\t\t\t\t\t\n<script type=\"application\/ld+json\">{\"@context\":\"https:\\\/\\\/schema.org\",\"@type\":\"FAQPage\",\"mainEntity\":[{\"@type\":\"Question\",\"name\":\"Combien de participant.e.s maximum de la m\\u00eame organisation peuvent participer \\u00e0 une formation programm\\u00e9e\\u202f?\",\"acceptedAnswer\":{\"@type\":\"Answer\",\"text\":\"Maximum 3 participant.es \\\/ institution sous r\\u00e9serve de compl\\u00e9ter un formulaire par inscription.\\u00a0\"}},{\"@type\":\"Question\",\"name\":\"Quelles sont les conditions d\\u2019annulation si le STICS annule ou reporte\\u202f?\",\"acceptedAnswer\":{\"@type\":\"Answer\",\"text\":\"Les participant.es re\\u00e7oivent une note de cr\\u00e9dit ou sont inscrit.es sur la FP suivante.Selon nos conditions g\\u00e9n\\u00e9rales, le STICS se r\\u00e9serve le droit d\\u2019annuler une formation si le nombre de participant.es est insuffisant. Le montant de l\\u2019inscription sera d\\u00e8s lors int\\u00e9gralement rembours\\u00e9 aux participant.es.\"}},{\"@type\":\"Question\",\"name\":\"Est-ce qu\\u2019une formation programm\\u00e9e peut \\u00eatre adapt\\u00e9e dans notre \\u00e9quipe\\\/ institution ?\",\"acceptedAnswer\":{\"@type\":\"Answer\",\"text\":\"Oui. Toutes nos formations programm\\u00e9es peuvent \\u00eatre propos\\u00e9es sur mesure, sur site ou en nos locaux. Il y a lieu d\\u2019introduire une demande d\\u2019intervention sur mesure via le lien\\u202f: https:\\\/\\\/devs.openbaz.be\\\/stics\\\/formations\\\/formations-sur-mesure\\\/\\u00a0\\u00a0\"}},{\"@type\":\"Question\",\"name\":\"Quelles sont les conditions de base pour organiser une supervision\\u202f?\",\"acceptedAnswer\":{\"@type\":\"Answer\",\"text\":\"Une supervision est engag\\u00e9e une fois l\\u2019analyse de la demande effectu\\u00e9e. Les supervisions peuvent \\u00eatre individuelles ou collectives.\"}},{\"@type\":\"Question\",\"name\":\"Est-ce que l\\u2019intervenant.e peut \\u00eatre remplac\\u00e9.e en cours de mission\\u202f?\",\"acceptedAnswer\":{\"@type\":\"Answer\",\"text\":\"Un.e intervenant.e n\\u2019est jamais remplac\\u00e9.e au pieds lev\\u00e9, dans ce cas de figure, une r\\u00e9union entre toutes les parties prenantes sera organis\\u00e9e pour \\u00e9valuer la situation et prendre une d\\u00e9cision partag\\u00e9e entre le Stics et l\\u2019institution.\"}},{\"@type\":\"Question\",\"name\":\"Quelles sont les modalit\\u00e9s de pr\\u00e9paration d'une Intervention Sur Mesure\\u202f?\",\"acceptedAnswer\":{\"@type\":\"Answer\",\"text\":\"Il est n\\u00e9cessaire de pr\\u00e9voir au moins un entretien pr\\u00e9alable payant (d\\u2019une dur\\u00e9e de maximum 1 heure).\"}},{\"@type\":\"Question\",\"name\":\"Les formations Stics sont-elles subsidi\\u00e9es par le Fonds 4S\\u202f?\",\"acceptedAnswer\":{\"@type\":\"Answer\",\"text\":\"Oui, les formations de STICS asbl peuvent \\u00eatre subsidi\\u00e9es par le Fonds 4S, \\u00e0 condition que l\\u2019association appartienne aux commissions paritaires 329.02 ou 329.03 (secteur associatif\\\/non marchand).Cependant, le STICS ne s\\u2019occupe pas de la demande de financement&nbsp;: c\\u2019est \\u00e0 l\\u2019association (ou \\u00e0 vous-m\\u00eame) d\\u2019introduire la demande aupr\\u00e8s du Fonds 4S.\"}}]}<\/script>\n\t\t\t\t\t\t\t<\/div>\n\t\t\t\t<\/div>\n\t\t\t\t<\/div>","protected":false},"excerpt":{"rendered":"<p>FAQ Retrouvez sur cette page des questions fr\u00e9quentes que nos clients nous posent r\u00e9guli\u00e8rement au sujet de Combien de participant.e.s maximum de la m\u00eame organisation peuvent participer \u00e0 une formation programm\u00e9e\u202f? Maximum 3 participant.es \/ institution sous r\u00e9serve de compl\u00e9ter un formulaire par inscription.\u00a0 Quelles sont les conditions d\u2019annulation si le STICS annule ou reporte\u202f? [&hellip;]<\/p>","protected":false},"author":1,"featured_media":0,"parent":0,"menu_order":1,"comment_status":"closed","ping_status":"closed","template":"elementor_header_footer","meta":{"_acf_changed":false,"_seopress_robots_primary_cat":"","_seopress_titles_title":"","_seopress_titles_desc":"","_seopress_robots_index":"","_formation_external_id":"","_formation_date_debut":"","_formation_date_fin":"","_formation_heure_debut":"","_formation_heure_fin":"","_formation_cancelled":"","_formation_youtube":"","_formation_tarif":0,"_formation_info_date":"","_formation_info_diagnostic_oui":"","_formation_nom_formateur":"","_formation_prenom_formateur":"","_formation_nom_formateur2":"","_formation_prenom_formateur2":"","_formation_public":"","_formation_objectif":"","_formation_methodologie":"","_formation_itineraire":"","_formation_tarif_cs":0,"_formation_tarif_preferentiel":0,"_formation_info_diagnostic":"","_formation_localite":"","_formation_id_is_distant":"","_formation_heure_label":"","_formation_reference":"","_formation_presentation":"","_formation_archived":"","footnotes":""},"class_list":["post-8344","page","type-page","status-publish","hentry"],"acf":[],"_links":{"self":[{"href":"https:\/\/devs.openbaz.be\/stics\/wp-json\/wp\/v2\/pages\/8344","targetHints":{"allow":["GET"]}}],"collection":[{"href":"https:\/\/devs.openbaz.be\/stics\/wp-json\/wp\/v2\/pages"}],"about":[{"href":"https:\/\/devs.openbaz.be\/stics\/wp-json\/wp\/v2\/types\/page"}],"author":[{"embeddable":true,"href":"https:\/\/devs.openbaz.be\/stics\/wp-json\/wp\/v2\/users\/1"}],"replies":[{"embeddable":true,"href":"https:\/\/devs.openbaz.be\/stics\/wp-json\/wp\/v2\/comments?post=8344"}],"version-history":[{"count":0,"href":"https:\/\/devs.openbaz.be\/stics\/wp-json\/wp\/v2\/pages\/8344\/revisions"}],"wp:attachment":[{"href":"https:\/\/devs.openbaz.be\/stics\/wp-json\/wp\/v2\/media?parent=8344"}],"curies":[{"name":"wp","href":"https:\/\/api.w.org\/{rel}","templated":true}]}}