{"id":6380,"date":"2018-02-08T10:31:37","date_gmt":"2018-02-08T09:31:37","guid":{"rendered":"https:\/\/vz381arfja.preview.infomaniak.website\/_new\/?page_id=799"},"modified":"2025-09-03T16:53:28","modified_gmt":"2025-09-03T14:53:28","slug":"accompagnement-a-la-recherche-de-subsides","status":"publish","type":"page","link":"https:\/\/devs.openbaz.be\/stics\/accompagnement-a-la-recherche-de-subsides\/","title":{"rendered":"Accompagnement \u00e0 la recherche de subsides"},"content":{"rendered":"\t\t<div data-elementor-type=\"wp-page\" data-elementor-id=\"6380\" class=\"elementor elementor-6380\" data-elementor-post-type=\"page\">\n\t\t\t\t<div class=\"elementor-element elementor-element-32028a8 e-con-full e-flex e-con e-parent\" data-id=\"32028a8\" data-element_type=\"container\" data-e-type=\"container\">\n\t\t\t\t<div class=\"elementor-element elementor-element-742ba1c elementor-widget elementor-widget-template\" data-id=\"742ba1c\" data-element_type=\"widget\" data-e-type=\"widget\" data-widget_type=\"template.default\">\n\t\t\t\t<div class=\"elementor-widget-container\">\n\t\t\t\t\t\t\t<div class=\"elementor-template\">\n\t\t\t\t\t<div data-elementor-type=\"page\" data-elementor-id=\"8043\" class=\"elementor elementor-8043\" data-elementor-post-type=\"elementor_library\">\n\t\t\t\t<div data-dce-background-color=\"#2A22DD00\" data-dce-background-image-url=\"https:\/\/devs.openbaz.be\/stics\/wp-content\/uploads\/2025\/07\/separateur-header.svg\" class=\"elementor-element elementor-element-11019c0 e-con-full e-flex elementor-invisible e-con e-parent\" data-id=\"11019c0\" data-element_type=\"container\" data-e-type=\"container\" data-settings=\"{&quot;background_background&quot;:&quot;classic&quot;,&quot;animation&quot;:&quot;fadeInDown&quot;}\">\n\t\t<div class=\"elementor-element elementor-element-d03944c e-con-full e-flex e-con e-child\" data-id=\"d03944c\" data-element_type=\"container\" data-e-type=\"container\">\n\t\t\t\t<div class=\"elementor-element elementor-element-6de71b5 elementor-widget elementor-widget-spacer\" data-id=\"6de71b5\" data-element_type=\"widget\" data-e-type=\"widget\" data-widget_type=\"spacer.default\">\n\t\t\t\t\t\t\t<div class=\"elementor-spacer\">\n\t\t\t<div class=\"elementor-spacer-inner\"><\/div>\n\t\t<\/div>\n\t\t\t\t\t\t<\/div>\n\t\t<div class=\"elementor-element elementor-element-6bbc83a e-con-full e-flex e-con e-child\" data-id=\"6bbc83a\" data-element_type=\"container\" data-e-type=\"container\">\n\t\t\t\t<div class=\"elementor-element elementor-element-69861ad elementor-absolute elementor-invisible elementor-widget elementor-widget-image\" data-id=\"69861ad\" data-element_type=\"widget\" data-e-type=\"widget\" data-settings=\"{&quot;_position&quot;:&quot;absolute&quot;,&quot;_animation&quot;:&quot;fadeInLeft&quot;,&quot;_animation_delay&quot;:600}\" data-widget_type=\"image.default\">\n\t\t\t\t\t\t\t\t\t\t\t\t\t\t\t<img alt=\"\" decoding=\"async\" width=\"517\" height=\"378\" src=\"https:\/\/devs.openbaz.be\/stics\/wp-content\/uploads\/2025\/07\/triangle-1.svg\" class=\"attachment-large size-large wp-image-8455\" alt=\"\" \/>\t\t\t\t\t\t\t\t\t\t\t\t\t\t\t<\/div>\n\t\t\t\t<\/div>\n\t\t\t\t<\/div>\n\t\t\t\t<div class=\"elementor-element elementor-element-d16e4d8 elementor-absolute elementor-widget-mobile__width-initial elementor-widget elementor-widget-ucaddon_breadcrumbs_widget\" data-id=\"d16e4d8\" data-element_type=\"widget\" data-e-type=\"widget\" data-settings=\"{&quot;_position&quot;:&quot;absolute&quot;}\" data-widget_type=\"ucaddon_breadcrumbs_widget.default\">\n\t\t\t\t<div class=\"elementor-widget-container\">\n\t\t\t\t\t\n<!-- start Breadcrumbs -->\n\t\t<link id='font-awesome-css' href='https:\/\/devs.openbaz.be\/stics\/wp-content\/plugins\/unlimited-elements-for-elementor-premium\/assets_libraries\/font-awesome6\/fontawesome-all.min.css' type='text\/css' rel='stylesheet' >\n\t\t<link id='font-awesome-4-shim-css' href='https:\/\/devs.openbaz.be\/stics\/wp-content\/plugins\/unlimited-elements-for-elementor-premium\/assets_libraries\/font-awesome6\/fontawesome-v4-shims.min.css' type='text\/css' rel='stylesheet' >\n\n<style>\/* widget: Breadcrumbs *\/\n\n#uc_breadcrumbs_widget_elementor_d16e4d8 .uc-breadcrumbs-list {\n  margin: 0;\n  padding: 0;\n  display: flex;\n  flex-wrap: wrap;\n}\n#uc_breadcrumbs_widget_elementor_d16e4d8 .uc-breadcrumbs-list li {\n  display: flex;\n  align-items: center;\n  list-style-type: none;\n}\n#uc_breadcrumbs_widget_elementor_d16e4d8 .uc-item-title {\n    position: relative;\n    display: inline-flex;\n    justify-content: center;\n    align-items: center;\n}\n#uc_breadcrumbs_widget_elementor_d16e4d8 .uc-item-title-inner{\n  display: flex;\n  align-items: center;\n}\n\n  #uc_breadcrumbs_widget_elementor_d16e4d8 .uc-breadcrumb-separator {\n    display:flex;\n    align-items: center;\n    justify-content: center\n  }\n  #uc_breadcrumbs_widget_elementor_d16e4d8 .uc-breadcrumb-separator svg {\n    width:1em;\n    height:1em;\n  }\n\n\n\n\n\n\n<\/style>\n\n\n    \t\n            <div id=\"uc_breadcrumbs_widget_elementor_d16e4d8\" class=\"uc-breadcrumbs\">\n            <ul class=\"uc-breadcrumbs-list default\">\n                                                            <li class=\"uc-breadcrumb-item\">\n                            <a href=\"https:\/\/devs.openbaz.be\/stics\/\" class=\"uc-item-title\">\n                              <span class=\"uc-item-title-inner\">\n                                                                                                Accueil\n                              <\/span>\n                            <\/a>\n                                                    <\/li>              \t\t    \n                                                <\/ul>\n        <\/div>\n\n            \n<!-- end Breadcrumbs -->\n\t\t\t\t<\/div>\n\t\t\t\t<\/div>\n\t\t<div class=\"elementor-element elementor-element-f43505e e-con-full e-flex e-con e-child\" data-id=\"f43505e\" data-element_type=\"container\" data-e-type=\"container\">\n\t\t\t\t<div class=\"elementor-element elementor-element-8a17982 elementor-absolute elementor-invisible elementor-widget elementor-widget-image\" data-id=\"8a17982\" data-element_type=\"widget\" data-e-type=\"widget\" data-settings=\"{&quot;_position&quot;:&quot;absolute&quot;,&quot;_animation_delay&quot;:900,&quot;_animation&quot;:&quot;fadeInRight&quot;}\" data-widget_type=\"image.default\">\n\t\t\t\t\t\t\t\t\t\t\t\t\t\t\t<img alt=\"\" decoding=\"async\" width=\"320\" height=\"243\" src=\"https:\/\/devs.openbaz.be\/stics\/wp-content\/uploads\/2025\/07\/triangles-2.svg\" class=\"attachment-large size-large wp-image-8450\" alt=\"\" \/>\t\t\t\t\t\t\t\t\t\t\t\t\t\t\t<\/div>\n\t\t\t\t<\/div>\n\t\t\t\t<\/div>\n\t\t\t\t<\/div>\n\t\t\t\t<\/div>\n\t\t\t\t\t\t<\/div>\n\t\t\t\t<\/div>\n\t\t\t\t<\/div>\n\t\t<div class=\"elementor-element elementor-element-a8935ba e-con-full e-flex e-con e-parent\" data-id=\"a8935ba\" data-element_type=\"container\" data-e-type=\"container\">\n\t\t<div class=\"elementor-element elementor-element-936e11c e-con-full e-flex e-con e-child\" data-id=\"936e11c\" data-element_type=\"container\" data-e-type=\"container\">\n\t\t<div class=\"elementor-element elementor-element-15caf65 e-con-full e-flex e-con e-child\" data-id=\"15caf65\" data-element_type=\"container\" data-e-type=\"container\">\n\t\t\t\t<div class=\"elementor-element elementor-element-f6e67ce elementor-widget__width-initial elementor-absolute e-transform elementor-widget elementor-widget-image\" data-id=\"f6e67ce\" data-element_type=\"widget\" data-e-type=\"widget\" data-settings=\"{&quot;motion_fx_motion_fx_mouse&quot;:&quot;yes&quot;,&quot;motion_fx_tilt_effect&quot;:&quot;yes&quot;,&quot;motion_fx_tilt_speed&quot;:{&quot;unit&quot;:&quot;px&quot;,&quot;size&quot;:1.6,&quot;sizes&quot;:[]},&quot;_transform_scale_effect&quot;:{&quot;unit&quot;:&quot;px&quot;,&quot;size&quot;:1.6,&quot;sizes&quot;:[]},&quot;motion_fx_motion_fx_scrolling&quot;:&quot;yes&quot;,&quot;motion_fx_translateY_effect&quot;:&quot;yes&quot;,&quot;motion_fx_translateY_affectedRange&quot;:{&quot;unit&quot;:&quot;%&quot;,&quot;size&quot;:&quot;&quot;,&quot;sizes&quot;:{&quot;start&quot;:50,&quot;end&quot;:100}},&quot;_position&quot;:&quot;absolute&quot;,&quot;motion_fx_translateY_speed&quot;:{&quot;unit&quot;:&quot;px&quot;,&quot;size&quot;:4,&quot;sizes&quot;:[]},&quot;motion_fx_devices&quot;:[&quot;widescreen&quot;,&quot;desktop&quot;,&quot;laptop&quot;,&quot;tablet&quot;,&quot;mobile&quot;],&quot;_transform_scale_effect_widescreen&quot;:{&quot;unit&quot;:&quot;px&quot;,&quot;size&quot;:&quot;&quot;,&quot;sizes&quot;:[]},&quot;_transform_scale_effect_laptop&quot;:{&quot;unit&quot;:&quot;px&quot;,&quot;size&quot;:&quot;&quot;,&quot;sizes&quot;:[]},&quot;_transform_scale_effect_tablet&quot;:{&quot;unit&quot;:&quot;px&quot;,&quot;size&quot;:&quot;&quot;,&quot;sizes&quot;:[]},&quot;_transform_scale_effect_mobile&quot;:{&quot;unit&quot;:&quot;px&quot;,&quot;size&quot;:&quot;&quot;,&quot;sizes&quot;:[]}}\" data-widget_type=\"image.default\">\n\t\t\t\t\t\t\t\t\t\t\t\t\t\t\t<img alt=\"\" loading=\"lazy\" decoding=\"async\" width=\"1536\" height=\"1025\" src=\"https:\/\/devs.openbaz.be\/stics\/wp-content\/uploads\/2025\/07\/scene-de-club-de-lecture-authentique-1536x1025.jpg\" class=\"attachment-1536x1536 size-1536x1536 wp-image-8230\" alt=\"\" srcset=\"https:\/\/devs.openbaz.be\/stics\/wp-content\/uploads\/2025\/07\/scene-de-club-de-lecture-authentique-1536x1025.jpg 1536w, https:\/\/devs.openbaz.be\/stics\/wp-content\/uploads\/2025\/07\/scene-de-club-de-lecture-authentique-600x400.jpg 600w, https:\/\/devs.openbaz.be\/stics\/wp-content\/uploads\/2025\/07\/scene-de-club-de-lecture-authentique-300x200.jpg 300w, https:\/\/devs.openbaz.be\/stics\/wp-content\/uploads\/2025\/07\/scene-de-club-de-lecture-authentique-1024x683.jpg 1024w, https:\/\/devs.openbaz.be\/stics\/wp-content\/uploads\/2025\/07\/scene-de-club-de-lecture-authentique-768x512.jpg 768w, https:\/\/devs.openbaz.be\/stics\/wp-content\/uploads\/2025\/07\/scene-de-club-de-lecture-authentique.jpg 1920w\" sizes=\"(max-width: 1536px) 100vw, 1536px\" \/>\t\t\t\t\t\t\t\t\t\t\t\t\t\t\t<\/div>\n\t\t\t\t<\/div>\n\t\t<div class=\"elementor-element elementor-element-a2ed888 e-con-full e-flex e-con e-child\" data-id=\"a2ed888\" data-element_type=\"container\" data-e-type=\"container\">\n\t\t\t\t<div class=\"elementor-element elementor-element-ebbd977 elementor-widget__width-initial elementor-invisible elementor-widget elementor-widget-heading\" data-id=\"ebbd977\" data-element_type=\"widget\" data-e-type=\"widget\" data-settings=\"{&quot;_animation&quot;:&quot;fadeInUp&quot;}\" data-widget_type=\"heading.default\">\n\t\t\t\t\t<h1 class=\"elementor-heading-title elementor-size-default\">Accompagnement \u00e0 la recherche de subsides<\/h1>\t\t\t\t<\/div>\n\t\t\t\t<div class=\"elementor-element elementor-element-18f5a8a elementor-invisible elementor-widget elementor-widget-heading\" data-id=\"18f5a8a\" data-element_type=\"widget\" data-e-type=\"widget\" data-settings=\"{&quot;_animation&quot;:&quot;fadeInUp&quot;,&quot;_animation_delay&quot;:300}\" data-widget_type=\"heading.default\">\n\t\t\t\t\t<h2 class=\"elementor-heading-title elementor-size-default\">En tant qu'acteurs du milieu non marchand depuis plus de 30 ans, le STICS ma\u00eetrise les enjeux, \u00a0l'\u00e9volution, et les exigences des pouvoirs subsidiants et bailleurs de fonds.<\/h2>\t\t\t\t<\/div>\n\t\t\t\t<div class=\"elementor-element elementor-element-ff68361 elementor-widget elementor-widget-text-editor\" data-id=\"ff68361\" data-element_type=\"widget\" data-e-type=\"widget\" data-widget_type=\"text-editor.default\">\n\t\t\t\t\t\t\t\t\t<p>Au-del\u00e0 de cette ma\u00eetrise du contenu, nos accompagnements portent davantage sur la question du &#8220;sens&#8221; en amont de la strat\u00e9gie de recherche de fonds. En effet, nous questionnons les enjeux strat\u00e9giques de votre institution, vos valeurs, vos axes porteurs de projets, vos rapports d&#8217;activit\u00e9 et d&#8217;\u00e9valuation. Bref, nous d\u00e9butons notre accompagnement par un diagnostic interne permettant ensuite de donner le bon sens \u00e0 votre recherche.<\/p><p>Notre optique&nbsp;: d&#8217;abord le projet institutionnel, puis la recherche de fonds. En tant qu&#8217;organisme d&#8217;\u00e9ducation permanente nous sommes convaincus que la tendance &#8220;marchande&#8221; actuelle -d&#8217;abord les fonds, puis les projets et le sens- doit \u00eatre renvers\u00e9e&nbsp;! C&#8217;est sur base d&#8217;un \u00e9tat de la question que nous mettons en valeur la coh\u00e9rence institutionnelle et les moyens pour la consolider&nbsp;! Question outils et strat\u00e9gies, nous sommes bien \u00e9quip\u00e9s&nbsp;!<\/p><p>En 2017 le <strong>STICS<\/strong> a accompagn\u00e9 des institutions dans la r\u00e9flexion et la recherche de subsides. Par exemple, nous avons accompagn\u00e9 une grande association dans la r\u00e9daction d&#8217;un cahier de charges en vue de l&#8217;obtention de subsides leur permettant de restructurer leur projet institutionnel et de se donner les moyens pour mettre en \u0153uvre leur projet. Gr\u00e2ce \u00e0 notre accompagnement, cette association a obtenu un financement de plus de 20.000 euros pour r\u00e9aliser ses projets&nbsp;!<\/p>\t\t\t\t\t\t\t\t<\/div>\n\t\t\t\t<div class=\"elementor-element elementor-element-b270daa elementor-invisible elementor-widget elementor-widget-global elementor-global-9280 elementor-widget-button\" data-id=\"b270daa\" data-element_type=\"widget\" data-e-type=\"widget\" data-settings=\"{&quot;_animation&quot;:&quot;fadeInRight&quot;,&quot;_animation_delay&quot;:600}\" data-widget_type=\"button.default\">\n\t\t\t\t\t\t\t\t\t\t<a class=\"elementor-button elementor-button-link elementor-size-sm elementor-animation-shrink\" href=\"https:\/\/devs.openbaz.be\/stics\/tarifs\/#inscription\">\n\t\t\t\t\t\t<span class=\"elementor-button-content-wrapper\">\n\t\t\t\t\t\t<span class=\"elementor-button-icon\">\n\t\t\t\t<i aria-hidden=\"true\" class=\"ban ban-arrow-right-c\"><\/i>\t\t\t<\/span>\n\t\t\t\t\t\t\t\t\t<span class=\"elementor-button-text\">Contactez-<br \/>nous<\/span>\n\t\t\t\t\t<\/span>\n\t\t\t\t\t<\/a>\n\t\t\t\t\t\t\t\t<\/div>\n\t\t\t\t<\/div>\n\t\t\t\t<\/div>\n\t\t\t\t<\/div>\n\t\t<div class=\"elementor-element elementor-element-c57b095 e-con-full e-flex e-con e-parent\" data-id=\"c57b095\" data-element_type=\"container\" data-e-type=\"container\">\n\t\t<div class=\"elementor-element elementor-element-c38f58f e-grid e-con-full e-con e-child\" data-id=\"c38f58f\" data-element_type=\"container\" data-e-type=\"container\">\n\t\t<div class=\"elementor-element elementor-element-b843b97 e-con-full e-flex e-con e-child\" data-id=\"b843b97\" data-element_type=\"container\" data-e-type=\"container\" data-settings=\"{&quot;background_background&quot;:&quot;classic&quot;}\">\n\t\t\t\t<div class=\"elementor-element elementor-element-14863cd elementor-invisible elementor-widget elementor-widget-heading\" data-id=\"14863cd\" data-element_type=\"widget\" data-e-type=\"widget\" data-settings=\"{&quot;_animation&quot;:&quot;fadeInUp&quot;,&quot;_animation_delay&quot;:300}\" data-widget_type=\"heading.default\">\n\t\t\t\t\t<h3 class=\"elementor-heading-title elementor-size-default\">Besoin d'un subside pour financer votre accompagnement&nbsp;?<\/h3>\t\t\t\t<\/div>\n\t\t<div class=\"elementor-element elementor-element-83e82e5 e-con-full e-flex elementor-invisible e-con e-child\" data-id=\"83e82e5\" data-element_type=\"container\" data-e-type=\"container\" data-settings=\"{&quot;animation&quot;:&quot;fadeInUp&quot;,&quot;animation_delay&quot;:600}\">\n\t\t\t\t<div class=\"elementor-element elementor-element-9dd1c41 elementor-widget elementor-widget-button\" data-id=\"9dd1c41\" data-element_type=\"widget\" data-e-type=\"widget\" data-widget_type=\"button.default\">\n\t\t\t\t\t\t\t\t\t\t<a class=\"elementor-button elementor-button-link elementor-size-sm elementor-animation-shrink\" href=\"https:\/\/devs.openbaz.be\/stics\/formations\/formations-sur-mesure\/subsite-et-simulation\/\">\n\t\t\t\t\t\t<span class=\"elementor-button-content-wrapper\">\n\t\t\t\t\t\t<span class=\"elementor-button-icon\">\n\t\t\t\t<i aria-hidden=\"true\" class=\"ban ban-arrow-right-c\"><\/i>\t\t\t<\/span>\n\t\t\t\t\t\t\t\t\t<span class=\"elementor-button-text\">En savoir plus<\/span>\n\t\t\t\t\t<\/span>\n\t\t\t\t\t<\/a>\n\t\t\t\t\t\t\t\t<\/div>\n\t\t\t\t<\/div>\n\t\t\t\t<\/div>\n\t\t<div class=\"elementor-element elementor-element-bf79214 e-con-full e-flex e-con e-child\" data-id=\"bf79214\" data-element_type=\"container\" data-e-type=\"container\" data-settings=\"{&quot;background_background&quot;:&quot;classic&quot;}\">\n\t\t\t\t<div class=\"elementor-element elementor-element-33d2022 elementor-invisible elementor-widget elementor-widget-heading\" data-id=\"33d2022\" data-element_type=\"widget\" data-e-type=\"widget\" data-settings=\"{&quot;_animation&quot;:&quot;fadeInUp&quot;,&quot;_animation_delay&quot;:300}\" data-widget_type=\"heading.default\">\n\t\t\t\t\t<h3 class=\"elementor-heading-title elementor-size-default\">Consultez nos simulations budg\u00e9taires<\/h3>\t\t\t\t<\/div>\n\t\t<div class=\"elementor-element elementor-element-0a14590 e-con-full e-flex elementor-invisible e-con e-child\" data-id=\"0a14590\" data-element_type=\"container\" data-e-type=\"container\" data-settings=\"{&quot;animation&quot;:&quot;fadeInUp&quot;,&quot;animation_delay&quot;:600}\">\n\t\t\t\t<div class=\"elementor-element elementor-element-96da355 elementor-widget elementor-widget-button\" data-id=\"96da355\" data-element_type=\"widget\" data-e-type=\"widget\" data-widget_type=\"button.default\">\n\t\t\t\t\t\t\t\t\t\t<a class=\"elementor-button elementor-button-link elementor-size-sm elementor-animation-shrink\" href=\"https:\/\/devs.openbaz.be\/stics\/formations\/formations-sur-mesure\/simulations-budgetaires\/\">\n\t\t\t\t\t\t<span class=\"elementor-button-content-wrapper\">\n\t\t\t\t\t\t<span class=\"elementor-button-icon\">\n\t\t\t\t<i aria-hidden=\"true\" class=\"ban ban-arrow-right-c\"><\/i>\t\t\t<\/span>\n\t\t\t\t\t\t\t\t\t<span class=\"elementor-button-text\">En savoir plus<\/span>\n\t\t\t\t\t<\/span>\n\t\t\t\t\t<\/a>\n\t\t\t\t\t\t\t\t<\/div>\n\t\t\t\t<\/div>\n\t\t\t\t<\/div>\n\t\t\t\t<\/div>\n\t\t\t\t<\/div>\n\t\t\t\t<\/div>","protected":false},"excerpt":{"rendered":"<p>En tant qu&#8217;acteurs du milieu non marchand depuis plus de 30 ans, le STICS ma\u00eetrise les enjeux, \u00a0l&#8217;\u00e9volution, et les exigences des pouvoirs subsidiants et bailleurs de fonds. Au-del\u00e0 de cette ma\u00eetrise du contenu, nos accompagnements portent davantage sur la question du &#8220;sens&#8221; en amont de la strat\u00e9gie de recherche de fonds. En effet, nous [&hellip;]<\/p>","protected":false},"author":1,"featured_media":0,"parent":0,"menu_order":18,"comment_status":"closed","ping_status":"closed","template":"elementor_header_footer","meta":{"_acf_changed":false,"_seopress_robots_primary_cat":"","_seopress_titles_title":"","_seopress_titles_desc":"","_seopress_robots_index":"","_formation_external_id":"","_formation_date_debut":"","_formation_date_fin":"","_formation_heure_debut":"","_formation_heure_fin":"","_formation_cancelled":"","_formation_youtube":"","_formation_tarif":0,"_formation_info_date":"","_formation_info_diagnostic_oui":"","_formation_nom_formateur":"","_formation_prenom_formateur":"","_formation_nom_formateur2":"","_formation_prenom_formateur2":"","_formation_public":"","_formation_objectif":"","_formation_methodologie":"","_formation_itineraire":"","_formation_tarif_cs":0,"_formation_tarif_preferentiel":0,"_formation_info_diagnostic":"","_formation_localite":"","_formation_id_is_distant":"","_formation_heure_label":"","_formation_reference":"","_formation_presentation":"","_formation_archived":"","footnotes":""},"class_list":["post-6380","page","type-page","status-publish","hentry"],"acf":[],"_links":{"self":[{"href":"https:\/\/devs.openbaz.be\/stics\/wp-json\/wp\/v2\/pages\/6380","targetHints":{"allow":["GET"]}}],"collection":[{"href":"https:\/\/devs.openbaz.be\/stics\/wp-json\/wp\/v2\/pages"}],"about":[{"href":"https:\/\/devs.openbaz.be\/stics\/wp-json\/wp\/v2\/types\/page"}],"author":[{"embeddable":true,"href":"https:\/\/devs.openbaz.be\/stics\/wp-json\/wp\/v2\/users\/1"}],"replies":[{"embeddable":true,"href":"https:\/\/devs.openbaz.be\/stics\/wp-json\/wp\/v2\/comments?post=6380"}],"version-history":[{"count":0,"href":"https:\/\/devs.openbaz.be\/stics\/wp-json\/wp\/v2\/pages\/6380\/revisions"}],"wp:attachment":[{"href":"https:\/\/devs.openbaz.be\/stics\/wp-json\/wp\/v2\/media?parent=6380"}],"curies":[{"name":"wp","href":"https:\/\/api.w.org\/{rel}","templated":true}]}}