{"id":6378,"date":"2018-02-05T15:34:34","date_gmt":"2018-02-05T14:34:34","guid":{"rendered":"https:\/\/vz381arfja.preview.infomaniak.website\/_new\/?page_id=714"},"modified":"2025-09-04T14:47:19","modified_gmt":"2025-09-04T12:47:19","slug":"simulations-budgetaires","status":"publish","type":"page","link":"https:\/\/devs.openbaz.be\/stics\/formations\/formations-sur-mesure\/simulations-budgetaires\/","title":{"rendered":"Simulations budg\u00e9taires"},"content":{"rendered":"\t\t<div data-elementor-type=\"wp-page\" data-elementor-id=\"6378\" class=\"elementor elementor-6378\" data-elementor-post-type=\"page\">\n\t\t\t\t<div class=\"elementor-element elementor-element-3f6562bf e-con-full e-flex e-con e-parent\" data-id=\"3f6562bf\" data-element_type=\"container\" data-e-type=\"container\">\n\t\t\t\t<div class=\"elementor-element elementor-element-eae04da elementor-widget elementor-widget-text-editor\" data-id=\"eae04da\" data-element_type=\"widget\" data-e-type=\"widget\" data-widget_type=\"text-editor.default\">\n\t\t\t\t\t\t\t\t\t<p><span style=\"color: #000080;\"><span style=\"color: #3768c4;\"><strong>Formation<\/strong><\/span>\u00a0<\/span>de 2 jours (12 heures)&nbsp;:<\/p><ul><li><strong>Secteurs associatifs ou non marchands<\/strong>: 1.680,00\u20ac avec, au pr\u00e9alable, une analyse de la demande d\u2019une heure en vis-\u00e0-vis (140,00\u20ac), une heure de pr\u00e9paration de la formation (140,00\u20ac), \u00e0 Namur, en voiture (119,84\u20ac), syllabus de 20 pages pour 10 participants (20,00\u20ac) = 2.079,84\u20ac<\/li><li><strong>Secteurs publics <\/strong>: 2.100,00\u20ac avec, au pr\u00e9alable, une analyse de demande d\u2019une heure en vis-\u00e0-vis\u00a0 (175,00\u20ac), une heure de pr\u00e9paration de la formation (175,00\u20ac), \u00e0 Namur, en voiture (119,84\u20ac), syllabus de 20 pages pour 10 participants (20,00\u20ac) = 2.569,84\u20ac.<\/li><\/ul><p>\u00a0<\/p><p><span style=\"color: #000080;\"><span style=\"color: #3768c4;\"><strong>Accompagnement<\/strong><\/span> <\/span>individuel ou collectif de 6 s\u00e9ances x 2 heures\/s\u00e9ance, soit 12 heures&nbsp;:<\/p><ul><li><strong>Secteurs associatifs ou non marchands&nbsp;: <\/strong>1.680,00\u20ac avec analyse de la demande, soit par t\u00e9l\u00e9phone, soit en visioconf\u00e9rence<\/li><li><strong>Secteurs publics&nbsp;: <\/strong>2.100,00\u20ac avec analyse de la demande, soit par t\u00e9l\u00e9phone, soit en visioconf\u00e9rence.<\/li><\/ul><p>\u00a0<\/p><p><span style=\"color: #000080;\"><span style=\"color: #3768c4;\"><strong>Supervision<\/strong><\/span> <\/span>d\u2019\u00e9quipe de 4 s\u00e9ances x 2 heures\/s\u00e9ance, soit 8 heures\u00a0:<\/p><ul><li><strong>Secteurs associatifs ou non marchands&nbsp;: <\/strong>1.120,00\u20ac, avec au pr\u00e9alable une analyse de la demande, soit par t\u00e9l\u00e9phone, soit en visioconf\u00e9rence, une heure de pr\u00e9paration (140,00\u20ac) et une heure d\u2019\u00e9valuation ou un rapport (140,00\u20ac) = 1.400,00\u20ac<\/li><li><strong>Secteurs publics&nbsp;: <\/strong>1.400,00\u20ac, avec au pr\u00e9alable une analyse de la demande, soit par t\u00e9l\u00e9phone, soit en visioconf\u00e9rence, une heure de pr\u00e9paration (175,00\u20ac) et une heure d\u2019\u00e9valuation ou un rapport (175,00\u20ac) = 1.750,00\u20ac.<\/li><\/ul>\t\t\t\t\t\t\t\t<\/div>\n\t\t\t\t<\/div>\n\t\t\t\t<\/div>","protected":false},"excerpt":{"rendered":"<p>Formation\u00a0de 2 jours (12 heures)&nbsp;: Secteurs associatifs ou non marchands: 1.680,00\u20ac avec, au pr\u00e9alable, une analyse de la demande d\u2019une heure en vis-\u00e0-vis (140,00\u20ac), une heure de pr\u00e9paration de la formation (140,00\u20ac), \u00e0 Namur, en voiture (119,84\u20ac), syllabus de 20 pages pour 10 participants (20,00\u20ac) = 2.079,84\u20ac Secteurs publics&nbsp;: 2.100,00\u20ac avec, au pr\u00e9alable, une [&hellip;]<\/p>","protected":false},"author":1,"featured_media":0,"parent":6365,"menu_order":1,"comment_status":"closed","ping_status":"closed","template":"","meta":{"_acf_changed":false,"_seopress_robots_primary_cat":"","_seopress_titles_title":"","_seopress_titles_desc":"","_seopress_robots_index":"","_formation_external_id":"","_formation_date_debut":"","_formation_date_fin":"","_formation_heure_debut":"","_formation_heure_fin":"","_formation_cancelled":"","_formation_youtube":"","_formation_tarif":0,"_formation_info_date":"","_formation_info_diagnostic_oui":"","_formation_nom_formateur":"","_formation_prenom_formateur":"","_formation_nom_formateur2":"","_formation_prenom_formateur2":"","_formation_public":"","_formation_objectif":"","_formation_methodologie":"","_formation_itineraire":"","_formation_tarif_cs":0,"_formation_tarif_preferentiel":0,"_formation_info_diagnostic":"","_formation_localite":"","_formation_id_is_distant":"","_formation_heure_label":"","_formation_reference":"","_formation_presentation":"","_formation_archived":"","footnotes":""},"class_list":["post-6378","page","type-page","status-publish","hentry"],"acf":[],"_links":{"self":[{"href":"https:\/\/devs.openbaz.be\/stics\/wp-json\/wp\/v2\/pages\/6378","targetHints":{"allow":["GET"]}}],"collection":[{"href":"https:\/\/devs.openbaz.be\/stics\/wp-json\/wp\/v2\/pages"}],"about":[{"href":"https:\/\/devs.openbaz.be\/stics\/wp-json\/wp\/v2\/types\/page"}],"author":[{"embeddable":true,"href":"https:\/\/devs.openbaz.be\/stics\/wp-json\/wp\/v2\/users\/1"}],"replies":[{"embeddable":true,"href":"https:\/\/devs.openbaz.be\/stics\/wp-json\/wp\/v2\/comments?post=6378"}],"version-history":[{"count":0,"href":"https:\/\/devs.openbaz.be\/stics\/wp-json\/wp\/v2\/pages\/6378\/revisions"}],"up":[{"embeddable":true,"href":"https:\/\/devs.openbaz.be\/stics\/wp-json\/wp\/v2\/pages\/6365"}],"wp:attachment":[{"href":"https:\/\/devs.openbaz.be\/stics\/wp-json\/wp\/v2\/media?parent=6378"}],"curies":[{"name":"wp","href":"https:\/\/api.w.org\/{rel}","templated":true}]}}