{"id":6372,"date":"2017-11-07T12:07:27","date_gmt":"2017-11-07T11:07:27","guid":{"rendered":"https:\/\/vz381arfja.preview.infomaniak.website\/_new\/?page_id=166"},"modified":"2025-09-01T19:21:31","modified_gmt":"2025-09-01T17:21:31","slug":"formulaire-dinscription","status":"publish","type":"page","link":"https:\/\/devs.openbaz.be\/stics\/formations\/formulaire-dinscription\/","title":{"rendered":"Formulaire d&#8217;inscription \u00e0 une formation programm\u00e9e"},"content":{"rendered":"\t\t<div data-elementor-type=\"wp-page\" data-elementor-id=\"6372\" class=\"elementor elementor-6372\" data-elementor-post-type=\"page\">\n\t\t\t\t<div class=\"elementor-element elementor-element-7e60cee7 e-flex e-con-boxed e-con e-parent\" data-id=\"7e60cee7\" data-element_type=\"container\" data-e-type=\"container\">\n\t\t\t\t\t<div class=\"e-con-inner\">\n\t\t\t\t<div class=\"elementor-element elementor-element-f730701 elementor-widget elementor-widget-text-editor\" data-id=\"f730701\" data-element_type=\"widget\" data-e-type=\"widget\" data-widget_type=\"text-editor.default\">\n\t\t\t\t\t\t\t\t\t<p>Avant de vous inscrire, merci de bien vouloir lire les conditions g\u00e9n\u00e9rales d\u2019inscription&nbsp;:<\/p>\t\t\t\t\t\t\t\t<\/div>\n\t\t\t\t<div class=\"elementor-element elementor-element-c807472 elementor-widget elementor-widget-n-accordion\" data-id=\"c807472\" data-element_type=\"widget\" data-e-type=\"widget\" data-settings=\"{&quot;default_state&quot;:&quot;all_collapsed&quot;,&quot;max_items_expended&quot;:&quot;one&quot;,&quot;n_accordion_animation_duration&quot;:{&quot;unit&quot;:&quot;ms&quot;,&quot;size&quot;:400,&quot;sizes&quot;:[]}}\" data-widget_type=\"nested-accordion.default\">\n\t\t\t\t\t\t\t<div class=\"e-n-accordion\" aria-label=\"Accordion. Open links with Enter or Space, close with Escape, and navigate with Arrow Keys\">\n\t\t\t\t\t\t<details id=\"e-n-accordion-item-2090\" class=\"e-n-accordion-item\" >\n\t\t\t\t<summary class=\"e-n-accordion-item-title\" data-accordion-index=\"1\" tabindex=\"0\" aria-expanded=\"false\" aria-controls=\"e-n-accordion-item-2090\" >\n\t\t\t\t\t<span class='e-n-accordion-item-title-header'><div class=\"e-n-accordion-item-title-text\"> Conditions g\u00e9n\u00e9rales <\/div><\/span>\n\t\t\t\t\t\t\t\t\t<\/summary>\n\t\t\t\t<div role=\"region\" aria-labelledby=\"e-n-accordion-item-2090\" class=\"elementor-element elementor-element-137490a e-con-full e-flex e-con e-child\" data-id=\"137490a\" data-element_type=\"container\" data-e-type=\"container\">\n\t\t\t\t<div class=\"elementor-element elementor-element-c39d323 elementor-widget elementor-widget-text-editor\" data-id=\"c39d323\" data-element_type=\"widget\" data-e-type=\"widget\" data-widget_type=\"text-editor.default\">\n\t\t\t\t\t\t\t\t\t<ul><li>L\u2019inscription est un engagement ferme \u00e0 participer pleinement et int\u00e9gralement \u00e0 la formation.<\/li><li>Les modalit\u00e9s pratiques (lieu, horaires, plan d\u2019acc\u00e8s) vous seront communiqu\u00e9es une semaine avant le d\u00e9marrage de la formation programm\u00e9e. Les jours de formation sont indissociables.<\/li><li>STICS se r\u00e9serve le droit d\u2019annuler une formation si le nombre de participants est insuffisant. Le montant de l\u2019inscription sera d\u00e8s lors int\u00e9gralement rembours\u00e9 aux participants.<\/li><li>Une facture sera jointe \u00e0 la confirmation de votre inscription. Merci de bien vouloir utiliser la communication structur\u00e9e lors du paiement.<\/li><li>Lorsque, pour une raison ou une autre, vous ne pouvez assister au module de formation auquel vous \u00eates inscrit.e.s, STICS asbl se r\u00e9serve le droit de rembourser les montants des inscriptions aux formations programm\u00e9es de la mani\u00e8re suivante\u00a0:<ul><li>Jusqu\u2019\u00e0 30 jours avant le module\u00a0: 100\u00a0% rembours\u00e9.<\/li><li>Entre 30 et 15 jours avant\u00a0: 50\u00a0% rembours\u00e9.<\/li><li>Dans les 15 jours qui pr\u00e9c\u00e8dent la formation\u00a0: pas de remboursement possible.<\/li><\/ul><\/li><li>En cas de contestation, seuls les tribunaux de l\u2019arrondissement judiciaire de Bruxelles sont comp\u00e9tents.<\/li><\/ul>\t\t\t\t\t\t\t\t<\/div>\n\t\t\t\t<\/div>\n\t\t\t\t\t<\/details>\n\t\t\t\t\t<\/div>\n\t\t\t\t\t\t<\/div>\n\t\t\t\t<div class=\"elementor-element elementor-element-e331f6a elementor-widget elementor-widget-text-editor\" data-id=\"e331f6a\" data-element_type=\"widget\" data-e-type=\"widget\" data-widget_type=\"text-editor.default\">\n\t\t\t\t\t\t\t\t\t<p>Pour vous inscrire en ligne \u00e0 une formation, utilisez le formulaire ci-dessous.<\/p><p>Si plusieurs personnes souhaitent s\u2019inscrire \u00e0 une m\u00eame formation, merci de de nous retourner un formulaire par inscription.<\/p><p>Pour une m\u00eame <strong>formation programm\u00e9e<\/strong>, les inscriptions sont limit\u00e9es \u00e0 3 personnes maximum par association\/institution.<\/p>\t\t\t\t\t\t\t\t<\/div>\n\t\t\t\t\t<\/div>\n\t\t\t\t<\/div>\n\t\t<div class=\"elementor-element elementor-element-87baf29 e-con-full e-flex e-con e-child\" data-id=\"87baf29\" data-element_type=\"container\" data-e-type=\"container\">\n\t\t\t\t<div class=\"elementor-element elementor-element-7f0e1b3 elementor-widget elementor-widget-shortcode\" data-id=\"7f0e1b3\" data-element_type=\"widget\" data-e-type=\"widget\" data-widget_type=\"shortcode.default\">\n\t\t\t\t\t\t\t<div class=\"elementor-shortcode\">[stics_form]<\/div>\n\t\t\t\t\t\t<\/div>\n\t\t\t\t<\/div>\n\t\t\t\t<\/div>","protected":false},"excerpt":{"rendered":"<p>Avant de vous inscrire, merci de bien vouloir lire les conditions g\u00e9n\u00e9rales d\u2019inscription&nbsp;: Conditions g\u00e9n\u00e9rales L\u2019inscription est un engagement ferme \u00e0 participer pleinement et int\u00e9gralement \u00e0 la formation. Les modalit\u00e9s pratiques (lieu, horaires, plan d\u2019acc\u00e8s) vous seront communiqu\u00e9es une semaine avant le d\u00e9marrage de la formation programm\u00e9e. Les jours de formation sont indissociables. STICS se [&hellip;]<\/p>","protected":false},"author":1,"featured_media":0,"parent":6358,"menu_order":5,"comment_status":"closed","ping_status":"closed","template":"","meta":{"_acf_changed":false,"_seopress_robots_primary_cat":"","_seopress_titles_title":"","_seopress_titles_desc":"","_seopress_robots_index":"","_formation_external_id":"","_formation_date_debut":"","_formation_date_fin":"","_formation_heure_debut":"","_formation_heure_fin":"","_formation_cancelled":"","_formation_youtube":"","_formation_tarif":0,"_formation_info_date":"","_formation_info_diagnostic_oui":"","_formation_nom_formateur":"","_formation_prenom_formateur":"","_formation_nom_formateur2":"","_formation_prenom_formateur2":"","_formation_public":"","_formation_objectif":"","_formation_methodologie":"","_formation_itineraire":"","_formation_tarif_cs":0,"_formation_tarif_preferentiel":0,"_formation_info_diagnostic":"","_formation_localite":"","_formation_id_is_distant":"","_formation_heure_label":"","_formation_reference":"","_formation_presentation":"","_formation_archived":"","footnotes":""},"class_list":["post-6372","page","type-page","status-publish","hentry"],"acf":[],"_links":{"self":[{"href":"https:\/\/devs.openbaz.be\/stics\/wp-json\/wp\/v2\/pages\/6372","targetHints":{"allow":["GET"]}}],"collection":[{"href":"https:\/\/devs.openbaz.be\/stics\/wp-json\/wp\/v2\/pages"}],"about":[{"href":"https:\/\/devs.openbaz.be\/stics\/wp-json\/wp\/v2\/types\/page"}],"author":[{"embeddable":true,"href":"https:\/\/devs.openbaz.be\/stics\/wp-json\/wp\/v2\/users\/1"}],"replies":[{"embeddable":true,"href":"https:\/\/devs.openbaz.be\/stics\/wp-json\/wp\/v2\/comments?post=6372"}],"version-history":[{"count":0,"href":"https:\/\/devs.openbaz.be\/stics\/wp-json\/wp\/v2\/pages\/6372\/revisions"}],"up":[{"embeddable":true,"href":"https:\/\/devs.openbaz.be\/stics\/wp-json\/wp\/v2\/pages\/6358"}],"wp:attachment":[{"href":"https:\/\/devs.openbaz.be\/stics\/wp-json\/wp\/v2\/media?parent=6372"}],"curies":[{"name":"wp","href":"https:\/\/api.w.org\/{rel}","templated":true}]}}