{"id":6368,"date":"2017-11-03T10:57:08","date_gmt":"2017-11-03T09:57:08","guid":{"rendered":"https:\/\/vz381arfja.preview.infomaniak.website\/_new\/?page_id=92"},"modified":"2017-11-03T10:57:08","modified_gmt":"2017-11-03T09:57:08","slug":"evaluer-un-programme-et-des-projets","status":"publish","type":"page","link":"https:\/\/devs.openbaz.be\/stics\/accompagnement-des-projets-et-des-organisations\/evaluer-un-programme-et-des-projets\/","title":{"rendered":"\u00c9valuer un programme ou des projets"},"content":{"rendered":"<p>\u00c9valuer un programme ou des projets, ce n\u2019est pas seulement se donner les moyens de mesurer les effets d\u2019une action. C\u2019est aussi une solution pour \u00e9clairer les prises de d\u00e9cisions \u00e0 venir, mobiliser les \u00e9quipes et pr\u00e9senter sa pratique \u00e0 d\u2019autres institutions. Dans le secteur non-marchand, l\u2019\u00e9valuation peut aussi r\u00e9pondre \u00e0 l\u2019obligation de rendre des comptes \u00e0 un pouvoir subsidiant.<\/p>\n<p>Fort d\u2019une exp\u00e9rience de plus de 30 ans en mati\u00e8re d\u2019accompagnement de projets et d\u2019aide \u00e0 l\u2019\u00e9valuation dans les secteurs culturels, psychom\u00e9dico-sociaux, de d\u00e9veloppement local et urbain, le <strong>STICS<\/strong> vous propose des formules d\u2019accompagnement pour mener une \u00e9valuation \u00e0 la carte. De quelques heures de r\u00e9flexion \u00e0 un accompagnement \u00e0 long terme, nous adaptons notre intervention \u00e0 vos besoins et vos moyens. Qu\u2019il s\u2019agisse, par exemple, de&nbsp;:<\/p>\n<ul>\n<li>D\u00e9finir votre projet d\u2019\u00e9valuation.<\/li>\n<li>Mettre en place un dispositif d&#8217;\u00e9valuation adapt\u00e9.<\/li>\n<li>D\u00e9finir une m\u00e9thodologie pour une \u00e9valuation que vous r\u00e9aliserez vous-m\u00eame.<\/li>\n<li>Soutenir l\u2019\u00e9valuation de votre projet ou de votre programme.<\/li>\n<li>Superviser ou r\u00e9aliser des enqu\u00eates, des \u00e9tudes de satisfaction, de faisabilit\u00e9\u2026<\/li>\n<\/ul>\n<h1 style=\"text-align: center;\">Exemples de demandes&nbsp;:<\/h1>\n<h2 style=\"text-align: center;\"><strong>Un syndicat \u00e9value ses employ\u00e9s&nbsp;:<\/strong><\/h2>\n<p>&#8220;Nous cherchons un accompagnement de projet dans le domaine de la gestion des ressources humaines. Nous sommes une \u00a0f\u00e9d\u00e9ration syndicale rassemblant plus de 550 associations et syndicats d\u2019enseignants. Au sein de l\u2019organisation, nous sommes depuis quelque temps en discussion concernant une refonte du syst\u00e8me d\u2019\u00e9valuation des employ\u00e9s et il nous semble qu\u2019 un coup de pouce d\u2019un expert ext\u00e9rieur est n\u00e9cessaire pour aboutir. Nous esp\u00e9rons recevoir un subside du Fonds 4S pour le projet. Nous avons \u00e9t\u00e9 dirig\u00e9s vers vous car le <strong>STICS<\/strong> poss\u00e8de les outils d&#8217;un tel accompagnement et une expertise reconnue&#8221;.<\/p>\n<h2 style=\"text-align: center;\"><strong>Une direction g\u00e9n\u00e9rale d\u00e9veloppe une politique d&#8217;\u00e9valuation&nbsp;:\u00a0<\/strong><\/h2>\n<p>&#8220;Je vous contacte au sujet d&#8217;un accompagnement d\u2019\u00e9quipe pour la Direction g\u00e9n\u00e9rale de notre Administration. Les\u00a0\u00a0directions concern\u00e9es octroient de nombreuses subventions pour des projets et investissements au sein de pouvoirs locaux. Dans une optique de qualit\u00e9, les directions mettent en place une \u00e9valuation des projets\/investissement r\u00e9alis\u00e9s. Pour d\u00e9velopper cette politique d\u2019\u00e9valuation, il est important que les agents concern\u00e9s soient form\u00e9s \u00e0 l\u2019\u00e9valuation et puissent ajuster les outils aux diff\u00e9rents contextes et besoins du terrain. Nous sollicitons le <strong>STICS<\/strong> pour mener \u00e0 bien cette mission&#8221;.<\/p>\n<h2 style=\"text-align: center;\"><strong>Une institution \u00e9value un plan quinquennal&nbsp;:<\/strong><\/h2>\n<p>&#8220;Nous cherchons un accompagnement institutionnel dans le cadre de l&#8217;\u00e9valuation finale du Plan quinquennal de d\u00e9veloppement des Biblioth\u00e8ques de notre territoire. Nous devons cl\u00f4turer cette \u00e9valuation et jeter les bases d&#8217;un nouveau plan.<br \/>\nNotre demande consisterait en un accompagnement m\u00e9thodologique de l&#8217;\u00e9quipe, principalement aux notions d&#8217;auto-\u00e9valuation\u00a0et une aide pour l&#8217;animation de quelques groupes de travail-suivi par th\u00e9matiques&#8221;.<\/p>\n<h2 style=\"text-align: center;\"><strong>Un centre culturel souhaite \u00e9valuer son projet&nbsp;:<\/strong><\/h2>\n<p>&#8220;Vous proposez un accompagnement des centres culturels dans le cadre du travail d&#8217;auto\u00e9valuation des activit\u00e9s culturelles et de l&#8217;analyse partag\u00e9e que nous devons mettre en place. Nous avons besoin de votre expertise&#8221;.<\/p>\n<p>&nbsp;<\/p>\n<p style=\"text-align: center;\"><a href=\"https:\/\/stics.be\/subsides\/\">Besoin d&#8217;un subside pour financer votre accompagnement&nbsp;?<\/a><\/p>\n<p style=\"text-align: center;\"><a href=\"https:\/\/stics.be\/simulations-budgetaires\/\">Consultez nos simulations budg\u00e9taires<\/a><\/p>\n<p style=\"text-align: center;\"><a class=\"button\" href=\"https:\/\/stics.be\/qui-sommes-nous\/contact\/\">Contactez-nous<\/a><\/p>","protected":false},"excerpt":{"rendered":"<p>\u00c9valuer un programme ou des projets, ce n\u2019est pas seulement se donner les moyens de mesurer les effets d\u2019une action. C\u2019est aussi une solution pour \u00e9clairer les prises de d\u00e9cisions \u00e0 venir, mobiliser les \u00e9quipes et pr\u00e9senter sa pratique \u00e0 d\u2019autres institutions. Dans le secteur non-marchand, l\u2019\u00e9valuation peut aussi r\u00e9pondre \u00e0 l\u2019obligation de rendre des [&hellip;]<\/p>","protected":false},"author":1,"featured_media":0,"parent":6360,"menu_order":1,"comment_status":"closed","ping_status":"closed","template":"","meta":{"_acf_changed":false,"_seopress_robots_primary_cat":"","_seopress_titles_title":"","_seopress_titles_desc":"","_seopress_robots_index":"","_formation_external_id":"","_formation_date_debut":"","_formation_date_fin":"","_formation_heure_debut":"","_formation_heure_fin":"","_formation_cancelled":"","_formation_youtube":"","_formation_tarif":0,"_formation_info_date":"","_formation_info_diagnostic_oui":"","_formation_nom_formateur":"","_formation_prenom_formateur":"","_formation_nom_formateur2":"","_formation_prenom_formateur2":"","_formation_public":"","_formation_objectif":"","_formation_methodologie":"","_formation_itineraire":"","_formation_tarif_cs":0,"_formation_tarif_preferentiel":0,"_formation_info_diagnostic":"","_formation_localite":"","_formation_id_is_distant":"","_formation_heure_label":"","_formation_reference":"","_formation_presentation":"","_formation_archived":"","footnotes":""},"class_list":["post-6368","page","type-page","status-publish","hentry"],"acf":[],"_links":{"self":[{"href":"https:\/\/devs.openbaz.be\/stics\/wp-json\/wp\/v2\/pages\/6368","targetHints":{"allow":["GET"]}}],"collection":[{"href":"https:\/\/devs.openbaz.be\/stics\/wp-json\/wp\/v2\/pages"}],"about":[{"href":"https:\/\/devs.openbaz.be\/stics\/wp-json\/wp\/v2\/types\/page"}],"author":[{"embeddable":true,"href":"https:\/\/devs.openbaz.be\/stics\/wp-json\/wp\/v2\/users\/1"}],"replies":[{"embeddable":true,"href":"https:\/\/devs.openbaz.be\/stics\/wp-json\/wp\/v2\/comments?post=6368"}],"version-history":[{"count":0,"href":"https:\/\/devs.openbaz.be\/stics\/wp-json\/wp\/v2\/pages\/6368\/revisions"}],"up":[{"embeddable":true,"href":"https:\/\/devs.openbaz.be\/stics\/wp-json\/wp\/v2\/pages\/6360"}],"wp:attachment":[{"href":"https:\/\/devs.openbaz.be\/stics\/wp-json\/wp\/v2\/media?parent=6368"}],"curies":[{"name":"wp","href":"https:\/\/api.w.org\/{rel}","templated":true}]}}