{"id":6365,"date":"2017-11-03T10:55:11","date_gmt":"2017-11-03T09:55:11","guid":{"rendered":"https:\/\/vz381arfja.preview.infomaniak.website\/_new\/?page_id=80"},"modified":"2017-11-03T10:55:11","modified_gmt":"2017-11-03T09:55:11","slug":"formations-sur-mesure","status":"publish","type":"page","link":"https:\/\/devs.openbaz.be\/stics\/formations\/formations-sur-mesure\/","title":{"rendered":"Introduisez votre demande d&#8217;intervention sur mesure"},"content":{"rendered":"<p>De l\u2019acquisition des fondamentaux en communication interpersonnelle jusqu\u2019\u00e0 la ma\u00eetrise des situations de management, l\u2019offre de formations sur-mesure du <strong>STICS<\/strong> permet d\u2019acqu\u00e9rir ou d\u2019approfondir les comp\u00e9tences utiles aux \u00e9quipes du secteur non-marchand.<\/p>\n<p>Selon vos besoins, nous \u00e9laborons ensemble le dispositif de formation le plus adapt\u00e9 en mati\u00e8re de contenu, de dur\u00e9e, de m\u00e9thodologie et de planning. Nous vous aidons \u00e0 organiser la gestion des comp\u00e9tences de votre \u00e9quipe ou nous \u00e9laborons votre plan annuel de formations.<\/p>\n<h2>Informations pratiques<span style=\"color: #4a52ed;\"><strong>\u00a0<\/strong><\/span><\/h2>\n<h3 style=\"text-align: center;\">Nos tarifs<\/h3>\n<ul>\n<li>Pour les interventions sur mesure, nos tarifs s\u2019\u00e9l\u00e8vent \u00e0:\n<ul>\n<li>140\u20ac TTC\/heure, soit 840\u20ac TTC\/jour (6 heures) pour les secteurs associatifs ou non marchands<\/li>\n<li>175\u20ac TTC\/heure, soit 1.050\u20ac TTC\/jour (6 heures) pour les secteurs publics.<\/li>\n<\/ul>\n<\/li>\n<li>Les prestations se d\u00e9roulant en soir\u00e9e ou le week-end sont major\u00e9es de 20%.<\/li>\n<li>Les interventions sur mesure peuvent \u00eatre organis\u00e9es dans vos locaux ou dans les n\u00f4tres, \u00e0 Bruxelles (20,00\u20ac TTC\/heure \u00e0 partir de 4 participants, pauses-caf\u00e9 comprises) ou encore \u00e0 l\u2019ext\u00e9rieur (\u00e0 r\u00e9server par le commanditaire et \u00e0 charge de celui-ci).<\/li>\n<li>Si les prestations se d\u00e9roulent en dehors de la R\u00e9gion bruxelloise, facturation en sus \u00e0 hauteur de 0,4280\u20ac TTC\/km (r\u00e9vision trimestrielle par circulaire publi\u00e9e au Moniteur belge).<\/li>\n<li>Si d\u2019\u00e9ventuelles copies de documents p\u00e9dagogiques sont r\u00e9alis\u00e9es par le STICS, facturation en sus \u00e0 hauteur de 0,10\u20ac TTC\/copie.<\/li>\n<\/ul>\n<p style=\"text-align: center;\"><a href=\"https:\/\/devs.openbaz.be\/stics\/formations\/formations-sur-mesure\/subsite-et-simulation\/\" target=\"_blank\" rel=\"noopener\">Besoin d&#8217;un subside pour financer votre intervention sur mesure&nbsp;?<\/a><\/p>\n<p style=\"text-align: center;\"><a href=\"https:\/\/stics.be\/simulations-budgetaires\/\">Consultez nos exemples de simulations budg\u00e9taires<\/a><\/p>\n<h2 style=\"text-align: center;\">Votre demande d&#8217;intervention sur mesure<\/h2>\n<p>Nous vous remercions de remplir ce formulaire afin de mieux r\u00e9pondre \u00e0 vos besoins&nbsp;:<\/p>\n<p>[contact-form-7 id=&#8221;110&#8243; title=&#8221;contact&#8221;]<\/p>\n<p>* Ces informations sont n\u00e9cessaires afin de pouvoir vous fournir une r\u00e9ponse la plus adapt\u00e9e. Ces informations sont strictement confidentielles et ne seront pas transmises \u00e0 des tiers. En vertu de la l\u00e9gislation sur la vie priv\u00e9e (loi Belge du 8 d\u00e9cembre 1992, relative \u00e0 la protection de la vie priv\u00e9e \u00e0 l&#8217; \u00e9gard des traitements de donn\u00e9es \u00e0 caract\u00e8re personnel &#8211; M.B., 18 mars 1993 &#8211; modifi\u00e9e par la loi du 11 d\u00e9cembre 1998 &#8211; M.b., 3 f\u00e9vrier 1999), nous vous informons que les donn\u00e9es \u00e0 caract\u00e8re personnel figurant sur ce formulaire ne seront ni divulgu\u00e9es, ni partag\u00e9es, ni vendues \u00e0 une tierce partie. STICS asbl pourra ainsi r\u00e9pondre \u00e0 votre demande et vous tenir inform\u00e9 de ses activit\u00e9s. Vous disposez d&#8217;un droit d&#8217;acc\u00e8s et de rectification. Tout renseignement relatif au traitement de vos donn\u00e9es peut-\u00eatre obtenu aupr\u00e8s du Registre Public tenu par la Commission pour la Protection de la Vie Priv\u00e9e.<\/p>","protected":false},"excerpt":{"rendered":"<p>De l\u2019acquisition des fondamentaux en communication interpersonnelle jusqu\u2019\u00e0 la ma\u00eetrise des situations de management, l\u2019offre de formations sur-mesure du STICS permet d\u2019acqu\u00e9rir ou d\u2019approfondir les comp\u00e9tences utiles aux \u00e9quipes du secteur non-marchand. Selon vos besoins, nous \u00e9laborons ensemble le dispositif de formation le plus adapt\u00e9 en mati\u00e8re de contenu, de dur\u00e9e, de m\u00e9thodologie et de [&hellip;]<\/p>","protected":false},"author":1,"featured_media":3049,"parent":6358,"menu_order":3,"comment_status":"closed","ping_status":"closed","template":"","meta":{"_acf_changed":false,"_seopress_robots_primary_cat":"","_seopress_titles_title":"","_seopress_titles_desc":"","_seopress_robots_index":"","_formation_external_id":"","_formation_date_debut":"","_formation_date_fin":"","_formation_heure_debut":"","_formation_heure_fin":"","_formation_cancelled":"","_formation_youtube":"","_formation_tarif":0,"_formation_info_date":"","_formation_info_diagnostic_oui":"","_formation_nom_formateur":"","_formation_prenom_formateur":"","_formation_nom_formateur2":"","_formation_prenom_formateur2":"","_formation_public":"","_formation_objectif":"","_formation_methodologie":"","_formation_itineraire":"","_formation_tarif_cs":0,"_formation_tarif_preferentiel":0,"_formation_info_diagnostic":"","_formation_localite":"","_formation_id_is_distant":"","_formation_heure_label":"","_formation_reference":"","_formation_presentation":"","_formation_archived":"","footnotes":""},"class_list":["post-6365","page","type-page","status-publish","has-post-thumbnail","hentry"],"acf":[],"_links":{"self":[{"href":"https:\/\/devs.openbaz.be\/stics\/wp-json\/wp\/v2\/pages\/6365","targetHints":{"allow":["GET"]}}],"collection":[{"href":"https:\/\/devs.openbaz.be\/stics\/wp-json\/wp\/v2\/pages"}],"about":[{"href":"https:\/\/devs.openbaz.be\/stics\/wp-json\/wp\/v2\/types\/page"}],"author":[{"embeddable":true,"href":"https:\/\/devs.openbaz.be\/stics\/wp-json\/wp\/v2\/users\/1"}],"replies":[{"embeddable":true,"href":"https:\/\/devs.openbaz.be\/stics\/wp-json\/wp\/v2\/comments?post=6365"}],"version-history":[{"count":0,"href":"https:\/\/devs.openbaz.be\/stics\/wp-json\/wp\/v2\/pages\/6365\/revisions"}],"up":[{"embeddable":true,"href":"https:\/\/devs.openbaz.be\/stics\/wp-json\/wp\/v2\/pages\/6358"}],"wp:featuredmedia":[{"embeddable":true,"href":"https:\/\/devs.openbaz.be\/stics\/wp-json\/wp\/v2\/media\/3049"}],"wp:attachment":[{"href":"https:\/\/devs.openbaz.be\/stics\/wp-json\/wp\/v2\/media?parent=6365"}],"curies":[{"name":"wp","href":"https:\/\/api.w.org\/{rel}","templated":true}]}}