{"id":6360,"date":"2017-11-02T10:12:40","date_gmt":"2017-11-02T09:12:40","guid":{"rendered":"https:\/\/vz381arfja.preview.infomaniak.website\/_new\/?page_id=28"},"modified":"2025-09-22T11:20:54","modified_gmt":"2025-09-22T09:20:54","slug":"accompagnement-des-projets-et-des-organisations","status":"publish","type":"page","link":"https:\/\/devs.openbaz.be\/stics\/accompagnement-des-projets-et-des-organisations\/","title":{"rendered":"Accompagnement"},"content":{"rendered":"\t\t<div data-elementor-type=\"wp-page\" data-elementor-id=\"6360\" class=\"elementor elementor-6360\" data-elementor-post-type=\"page\">\n\t\t\t\t<div class=\"elementor-element elementor-element-4b8c0f5 e-con-full e-flex e-con e-parent\" data-id=\"4b8c0f5\" data-element_type=\"container\" data-e-type=\"container\">\n\t\t\t\t<div class=\"elementor-element elementor-element-05478bf elementor-widget elementor-widget-template\" data-id=\"05478bf\" data-element_type=\"widget\" data-e-type=\"widget\" data-widget_type=\"template.default\">\n\t\t\t\t<div class=\"elementor-widget-container\">\n\t\t\t\t\t\t\t<div class=\"elementor-template\">\n\t\t\t\t\t<div data-elementor-type=\"page\" data-elementor-id=\"8043\" class=\"elementor elementor-8043\" data-elementor-post-type=\"elementor_library\">\n\t\t\t\t<div data-dce-background-color=\"#2A22DD00\" data-dce-background-image-url=\"https:\/\/devs.openbaz.be\/stics\/wp-content\/uploads\/2025\/07\/separateur-header.svg\" class=\"elementor-element elementor-element-11019c0 e-con-full e-flex elementor-invisible e-con e-parent\" data-id=\"11019c0\" data-element_type=\"container\" data-e-type=\"container\" data-settings=\"{&quot;background_background&quot;:&quot;classic&quot;,&quot;animation&quot;:&quot;fadeInDown&quot;}\">\n\t\t<div class=\"elementor-element elementor-element-d03944c e-con-full e-flex e-con e-child\" data-id=\"d03944c\" data-element_type=\"container\" data-e-type=\"container\">\n\t\t\t\t<div class=\"elementor-element elementor-element-6de71b5 elementor-widget elementor-widget-spacer\" data-id=\"6de71b5\" data-element_type=\"widget\" data-e-type=\"widget\" data-widget_type=\"spacer.default\">\n\t\t\t\t\t\t\t<div class=\"elementor-spacer\">\n\t\t\t<div class=\"elementor-spacer-inner\"><\/div>\n\t\t<\/div>\n\t\t\t\t\t\t<\/div>\n\t\t<div class=\"elementor-element elementor-element-6bbc83a e-con-full e-flex e-con e-child\" data-id=\"6bbc83a\" data-element_type=\"container\" data-e-type=\"container\">\n\t\t\t\t<div class=\"elementor-element elementor-element-69861ad elementor-absolute elementor-invisible elementor-widget elementor-widget-image\" data-id=\"69861ad\" data-element_type=\"widget\" data-e-type=\"widget\" data-settings=\"{&quot;_position&quot;:&quot;absolute&quot;,&quot;_animation&quot;:&quot;fadeInLeft&quot;,&quot;_animation_delay&quot;:600}\" data-widget_type=\"image.default\">\n\t\t\t\t\t\t\t\t\t\t\t\t\t\t\t<img alt=\"\" decoding=\"async\" width=\"517\" height=\"378\" src=\"https:\/\/devs.openbaz.be\/stics\/wp-content\/uploads\/2025\/07\/triangle-1.svg\" class=\"attachment-large size-large wp-image-8455\" alt=\"\" \/>\t\t\t\t\t\t\t\t\t\t\t\t\t\t\t<\/div>\n\t\t\t\t<\/div>\n\t\t\t\t<\/div>\n\t\t\t\t<div class=\"elementor-element elementor-element-d16e4d8 elementor-absolute elementor-widget-mobile__width-initial elementor-widget elementor-widget-ucaddon_breadcrumbs_widget\" data-id=\"d16e4d8\" data-element_type=\"widget\" data-e-type=\"widget\" data-settings=\"{&quot;_position&quot;:&quot;absolute&quot;}\" data-widget_type=\"ucaddon_breadcrumbs_widget.default\">\n\t\t\t\t<div class=\"elementor-widget-container\">\n\t\t\t\t\t\n<!-- start Breadcrumbs -->\n\t\t<link id='font-awesome-css' href='https:\/\/devs.openbaz.be\/stics\/wp-content\/plugins\/unlimited-elements-for-elementor-premium\/assets_libraries\/font-awesome6\/fontawesome-all.min.css' type='text\/css' rel='stylesheet' >\n\t\t<link id='font-awesome-4-shim-css' href='https:\/\/devs.openbaz.be\/stics\/wp-content\/plugins\/unlimited-elements-for-elementor-premium\/assets_libraries\/font-awesome6\/fontawesome-v4-shims.min.css' type='text\/css' rel='stylesheet' >\n\n<style>\/* widget: Breadcrumbs *\/\n\n#uc_breadcrumbs_widget_elementor_d16e4d8 .uc-breadcrumbs-list {\n  margin: 0;\n  padding: 0;\n  display: flex;\n  flex-wrap: wrap;\n}\n#uc_breadcrumbs_widget_elementor_d16e4d8 .uc-breadcrumbs-list li {\n  display: flex;\n  align-items: center;\n  list-style-type: none;\n}\n#uc_breadcrumbs_widget_elementor_d16e4d8 .uc-item-title {\n    position: relative;\n    display: inline-flex;\n    justify-content: center;\n    align-items: center;\n}\n#uc_breadcrumbs_widget_elementor_d16e4d8 .uc-item-title-inner{\n  display: flex;\n  align-items: center;\n}\n\n  #uc_breadcrumbs_widget_elementor_d16e4d8 .uc-breadcrumb-separator {\n    display:flex;\n    align-items: center;\n    justify-content: center\n  }\n  #uc_breadcrumbs_widget_elementor_d16e4d8 .uc-breadcrumb-separator svg {\n    width:1em;\n    height:1em;\n  }\n\n\n\n\n\n\n<\/style>\n\n\n    \t\n            <div id=\"uc_breadcrumbs_widget_elementor_d16e4d8\" class=\"uc-breadcrumbs\">\n            <ul class=\"uc-breadcrumbs-list default\">\n                                                            <li class=\"uc-breadcrumb-item\">\n                            <a href=\"https:\/\/devs.openbaz.be\/stics\/\" class=\"uc-item-title\">\n                              <span class=\"uc-item-title-inner\">\n                                                                                                Accueil\n                              <\/span>\n                            <\/a>\n                                                    <\/li>              \t\t    \n                                                <\/ul>\n        <\/div>\n\n            \n<!-- end Breadcrumbs -->\n\t\t\t\t<\/div>\n\t\t\t\t<\/div>\n\t\t<div class=\"elementor-element elementor-element-f43505e e-con-full e-flex e-con e-child\" data-id=\"f43505e\" data-element_type=\"container\" data-e-type=\"container\">\n\t\t\t\t<div class=\"elementor-element elementor-element-8a17982 elementor-absolute elementor-invisible elementor-widget elementor-widget-image\" data-id=\"8a17982\" data-element_type=\"widget\" data-e-type=\"widget\" data-settings=\"{&quot;_position&quot;:&quot;absolute&quot;,&quot;_animation_delay&quot;:900,&quot;_animation&quot;:&quot;fadeInRight&quot;}\" data-widget_type=\"image.default\">\n\t\t\t\t\t\t\t\t\t\t\t\t\t\t\t<img alt=\"\" decoding=\"async\" width=\"320\" height=\"243\" src=\"https:\/\/devs.openbaz.be\/stics\/wp-content\/uploads\/2025\/07\/triangles-2.svg\" class=\"attachment-large size-large wp-image-8450\" alt=\"\" \/>\t\t\t\t\t\t\t\t\t\t\t\t\t\t\t<\/div>\n\t\t\t\t<\/div>\n\t\t\t\t<\/div>\n\t\t\t\t<\/div>\n\t\t\t\t<\/div>\n\t\t\t\t\t\t<\/div>\n\t\t\t\t<\/div>\n\t\t\t\t<\/div>\n\t\t<div class=\"elementor-element elementor-element-6496576 e-con-full e-flex e-con e-parent\" data-id=\"6496576\" data-element_type=\"container\" data-e-type=\"container\">\n\t\t<div class=\"elementor-element elementor-element-a6c610c e-con-full e-flex e-con e-child\" data-id=\"a6c610c\" data-element_type=\"container\" data-e-type=\"container\">\n\t\t<div class=\"elementor-element elementor-element-a73a38c e-con-full e-flex e-con e-child\" data-id=\"a73a38c\" data-element_type=\"container\" data-e-type=\"container\">\n\t\t\t\t<div class=\"elementor-element elementor-element-220eb04 elementor-widget__width-initial elementor-absolute e-transform elementor-hidden-mobile elementor-widget elementor-widget-image\" data-id=\"220eb04\" data-element_type=\"widget\" data-e-type=\"widget\" data-settings=\"{&quot;motion_fx_motion_fx_mouse&quot;:&quot;yes&quot;,&quot;motion_fx_tilt_effect&quot;:&quot;yes&quot;,&quot;motion_fx_tilt_speed&quot;:{&quot;unit&quot;:&quot;px&quot;,&quot;size&quot;:1.6,&quot;sizes&quot;:[]},&quot;_transform_scale_effect&quot;:{&quot;unit&quot;:&quot;px&quot;,&quot;size&quot;:1.6,&quot;sizes&quot;:[]},&quot;motion_fx_motion_fx_scrolling&quot;:&quot;yes&quot;,&quot;motion_fx_translateY_effect&quot;:&quot;yes&quot;,&quot;motion_fx_translateY_affectedRange&quot;:{&quot;unit&quot;:&quot;%&quot;,&quot;size&quot;:&quot;&quot;,&quot;sizes&quot;:{&quot;start&quot;:50,&quot;end&quot;:100}},&quot;_position&quot;:&quot;absolute&quot;,&quot;motion_fx_translateY_speed&quot;:{&quot;unit&quot;:&quot;px&quot;,&quot;size&quot;:4,&quot;sizes&quot;:[]},&quot;motion_fx_devices&quot;:[&quot;widescreen&quot;,&quot;desktop&quot;,&quot;laptop&quot;,&quot;tablet&quot;,&quot;mobile&quot;],&quot;_transform_scale_effect_widescreen&quot;:{&quot;unit&quot;:&quot;px&quot;,&quot;size&quot;:&quot;&quot;,&quot;sizes&quot;:[]},&quot;_transform_scale_effect_laptop&quot;:{&quot;unit&quot;:&quot;px&quot;,&quot;size&quot;:&quot;&quot;,&quot;sizes&quot;:[]},&quot;_transform_scale_effect_tablet&quot;:{&quot;unit&quot;:&quot;px&quot;,&quot;size&quot;:&quot;&quot;,&quot;sizes&quot;:[]},&quot;_transform_scale_effect_mobile&quot;:{&quot;unit&quot;:&quot;px&quot;,&quot;size&quot;:&quot;&quot;,&quot;sizes&quot;:[]}}\" data-widget_type=\"image.default\">\n\t\t\t\t\t\t\t\t\t\t\t\t\t\t\t<img alt=\"\" loading=\"lazy\" decoding=\"async\" width=\"1536\" height=\"1216\" src=\"https:\/\/devs.openbaz.be\/stics\/wp-content\/uploads\/2025\/09\/Design-sans-titre-3-1536x1216.jpg\" class=\"attachment-1536x1536 size-1536x1536 wp-image-10640\" alt=\"\" \/>\t\t\t\t\t\t\t\t\t\t\t\t\t\t\t<\/div>\n\t\t\t\t<\/div>\n\t\t<div class=\"elementor-element elementor-element-0eca1d1 e-con-full e-flex e-con e-child\" data-id=\"0eca1d1\" data-element_type=\"container\" data-e-type=\"container\">\n\t\t\t\t<div class=\"elementor-element elementor-element-97997b7 elementor-widget__width-initial elementor-invisible elementor-widget elementor-widget-heading\" data-id=\"97997b7\" data-element_type=\"widget\" data-e-type=\"widget\" data-settings=\"{&quot;_animation&quot;:&quot;fadeInUp&quot;}\" data-widget_type=\"heading.default\">\n\t\t\t\t\t<h1 class=\"elementor-heading-title elementor-size-default\">Accompagnement<\/h1>\t\t\t\t<\/div>\n\t\t\t\t<div class=\"elementor-element elementor-element-59b1e98 elementor-invisible elementor-widget elementor-widget-heading\" data-id=\"59b1e98\" data-element_type=\"widget\" data-e-type=\"widget\" data-settings=\"{&quot;_animation&quot;:&quot;fadeInUp&quot;,&quot;_animation_delay&quot;:300}\" data-widget_type=\"heading.default\">\n\t\t\t\t\t<h2 class=\"elementor-heading-title elementor-size-default\">Depuis plus de 30 ans, le STICS appuie des institutions dans des d\u00e9marches de r\u00e9flexion strat\u00e9gique.<\/h2>\t\t\t\t<\/div>\n\t\t\t\t<div class=\"elementor-element elementor-element-944e76b elementor-widget elementor-widget-text-editor\" data-id=\"944e76b\" data-element_type=\"widget\" data-e-type=\"widget\" data-widget_type=\"text-editor.default\">\n\t\t\t\t\t\t\t\t\t<p>Notre accompagnement porte sur:<\/p><ul><li><a href=\"https:\/\/stics.be\/accompagnement-des-projets-et-des-organisations\/audit-et-plan-strategique\/\">Audit et accompagnement strat\u00e9gique<\/a>: Nous vous aidons \u00e0 r\u00e9pondre \u00e0 vos questions: Quel est l&#8217;\u00e9tat des lieux de mon institution&nbsp;? Quelle vision strat\u00e9gique d\u00e9velopper \u00e0 court et \u00e0 long terme&nbsp;? Quels sont les facteurs de risque d\u2019un projet, d\u2019une fusion ou d\u2019un partenariat&nbsp;? Comment faire face \u00e0 une crise institutionnelle survenue apr\u00e8s une restructuration?&#8230;<\/li><li><a href=\"https:\/\/stics.be\/accompagnement-des-projets-et-des-organisations\/la-qualite-partage-des-pratiques-efficaces\/\">D\u00e9marche qualit\u00e9:<\/a> Nous vous aidons \u00e0 d\u00e9velopper des axes strat\u00e9giques et des outils sur mesure. Nos axes de travail: am\u00e9lioration de qualit\u00e9 dans le secteur non-marchand, optimisation des proc\u00e9dures et des conditions de travail, r\u00e9ponse aux standards de qualit\u00e9 exig\u00e9s.<\/li><li>\u00a0<a href=\"https:\/\/stics.be\/accompagnement-des-projets-et-des-organisations\/evaluer-un-programme-et-des-projets\/\">Evaluation<\/a>:\u00a0nous avons une large exp\u00e9rience en accompagnement de projets et d\u2019aide \u00e0 l\u2019\u00e9valuation dans les secteurs culturels, psychom\u00e9dico-sociaux, de d\u00e9veloppement local et urbain, entre autres. Nous proposons des outils d&#8217;\u00e9valuation sur mesure.<\/li><li><a href=\"https:\/\/stics.be\/mise-au-vert-teambuilding\/\">Mise au vert -&#8220;teambuilding&#8221;<\/a>: \u00a0Notre objectif&nbsp;: \u00a0animer une journ\u00e9e de r\u00e9flexion, d\u2019\u00e9change, de jeu et de coh\u00e9sion d\u2019\u00e9quipe r\u00e9ussie&nbsp;!<\/li><li><a href=\"https:\/\/stics.be\/travailler-avec-des-benevoles\/\">Travailler avec des b\u00e9n\u00e9voles<\/a>: nous accompagnons des associations, des institutions publiques et des ONG dans la r\u00e9flexion strat\u00e9gique, la cr\u00e9ation d\u2019outils, l\u2019\u00e9valuation et l\u2019accompagnement des b\u00e9n\u00e9voles. Nous proposons un accompagnement strat\u00e9gique et\/ou p\u00e9dagogique.<\/li><li><a href=\"https:\/\/stics.be\/accompagnement-des-projets-et-des-organisations\/recrutement\/\">Recrutement:<\/a> nous vous soutenons,\u00a0de \u00a0la r\u00e9daction du profil de comp\u00e9tences jusqu\u2019\u00e0 la simulation en contexte r\u00e9el en passant par la gestion des entretiens pr\u00e9alables ou l\u2019organisation de tests et de mises en situation. Nous vous aidons \u00e0 choisir le candidat dont le potentiel r\u00e9pond le mieux aux besoins de votre organisation<\/li><li><a href=\"https:\/\/stics.be\/accompagnement-a-la-recherche-de-subsides\/\">Accompagnement \u00e0 la recherche de subsides&nbsp;:<\/a>\u00a0 pour commencer, nous vous questionnons \u00a0sur le &#8220;sens&#8221; en amont de la strat\u00e9gie de recherche de fonds. Ensuite, nous d\u00e9veloppons \u00a0des strat\u00e9gies vous permettant d&#8217;atteindre vos objectifs via des fonds et des subsides. Le <strong>STICS<\/strong> veille \u00e0 ce que nos partenaires d\u00e9veloppent la logique gagnante &#8220;d&#8217;abord le projet, puis les fonds&#8221;!<\/li><li><a href=\"https:\/\/stics.be\/accompagnement-des-processus-participatifs\/\">Accompagnement des processus participatifs:<\/a> gr\u00e2ce \u00e0 nos outils de synth\u00e8se participative -mind map, cartes conceptuelles- et \u00e0 nos m\u00e9thodes \u00a0&#8211; th\u00e9rapie sociale, socio-d\u00e9mocratie, &#8230;- \u00a0nous sommes en mesure de vous aider \u00e0 r\u00e9fl\u00e9chir, \u00e0 choisir et \u00e0 d\u00e9cider de mani\u00e8re efficace.<\/li><\/ul>\t\t\t\t\t\t\t\t<\/div>\n\t\t\t\t<div class=\"elementor-element elementor-element-bb170ce elementor-invisible elementor-widget elementor-widget-global elementor-global-9280 elementor-widget-button\" data-id=\"bb170ce\" data-element_type=\"widget\" data-e-type=\"widget\" data-settings=\"{&quot;_animation&quot;:&quot;fadeInRight&quot;,&quot;_animation_delay&quot;:600}\" data-widget_type=\"button.default\">\n\t\t\t\t\t\t\t\t\t\t<a class=\"elementor-button elementor-button-link elementor-size-sm elementor-animation-shrink\" href=\"https:\/\/devs.openbaz.be\/stics\/tarifs\/#inscription\">\n\t\t\t\t\t\t<span class=\"elementor-button-content-wrapper\">\n\t\t\t\t\t\t<span class=\"elementor-button-icon\">\n\t\t\t\t<i aria-hidden=\"true\" class=\"ban ban-arrow-right-c\"><\/i>\t\t\t<\/span>\n\t\t\t\t\t\t\t\t\t<span class=\"elementor-button-text\">Contactez-<br \/>nous<\/span>\n\t\t\t\t\t<\/span>\n\t\t\t\t\t<\/a>\n\t\t\t\t\t\t\t\t<\/div>\n\t\t\t\t<\/div>\n\t\t\t\t<\/div>\n\t\t\t\t<\/div>\n\t\t<div class=\"elementor-element elementor-element-68685c2 e-con-full e-flex e-con e-parent\" data-id=\"68685c2\" data-element_type=\"container\" data-e-type=\"container\">\n\t\t<div class=\"elementor-element elementor-element-883bb91 e-grid e-con-full e-con e-child\" data-id=\"883bb91\" data-element_type=\"container\" data-e-type=\"container\">\n\t\t<div class=\"elementor-element elementor-element-d3d8d26 e-con-full e-flex e-con e-child\" data-id=\"d3d8d26\" data-element_type=\"container\" data-e-type=\"container\" data-settings=\"{&quot;background_background&quot;:&quot;classic&quot;}\">\n\t\t\t\t<div class=\"elementor-element elementor-element-e1e1f77 elementor-invisible elementor-widget elementor-widget-heading\" data-id=\"e1e1f77\" data-element_type=\"widget\" data-e-type=\"widget\" data-settings=\"{&quot;_animation&quot;:&quot;fadeInUp&quot;,&quot;_animation_delay&quot;:300}\" data-widget_type=\"heading.default\">\n\t\t\t\t\t<h3 class=\"elementor-heading-title elementor-size-default\">Besoin d'un subside pour financer votre accompagnement&nbsp;?<\/h3>\t\t\t\t<\/div>\n\t\t<div class=\"elementor-element elementor-element-ec3eb9b e-con-full e-flex elementor-invisible e-con e-child\" data-id=\"ec3eb9b\" data-element_type=\"container\" data-e-type=\"container\" data-settings=\"{&quot;animation&quot;:&quot;fadeInUp&quot;,&quot;animation_delay&quot;:600}\">\n\t\t\t\t<div class=\"elementor-element elementor-element-2ed92c4 elementor-widget elementor-widget-button\" data-id=\"2ed92c4\" data-element_type=\"widget\" data-e-type=\"widget\" data-widget_type=\"button.default\">\n\t\t\t\t\t\t\t\t\t\t<a class=\"elementor-button elementor-button-link elementor-size-sm elementor-animation-shrink\" href=\"https:\/\/devs.openbaz.be\/stics\/formations\/formations-sur-mesure\/subsite-et-simulation\/\">\n\t\t\t\t\t\t<span class=\"elementor-button-content-wrapper\">\n\t\t\t\t\t\t<span class=\"elementor-button-icon\">\n\t\t\t\t<i aria-hidden=\"true\" class=\"ban ban-arrow-right-c\"><\/i>\t\t\t<\/span>\n\t\t\t\t\t\t\t\t\t<span class=\"elementor-button-text\">En savoir plus<\/span>\n\t\t\t\t\t<\/span>\n\t\t\t\t\t<\/a>\n\t\t\t\t\t\t\t\t<\/div>\n\t\t\t\t<\/div>\n\t\t\t\t<\/div>\n\t\t<div class=\"elementor-element elementor-element-e6f2104 e-con-full e-flex e-con e-child\" data-id=\"e6f2104\" data-element_type=\"container\" data-e-type=\"container\" data-settings=\"{&quot;background_background&quot;:&quot;classic&quot;}\">\n\t\t\t\t<div class=\"elementor-element elementor-element-d324123 elementor-invisible elementor-widget elementor-widget-heading\" data-id=\"d324123\" data-element_type=\"widget\" data-e-type=\"widget\" data-settings=\"{&quot;_animation&quot;:&quot;fadeInUp&quot;,&quot;_animation_delay&quot;:300}\" data-widget_type=\"heading.default\">\n\t\t\t\t\t<h3 class=\"elementor-heading-title elementor-size-default\">Consultez nos simulations budg\u00e9taires<\/h3>\t\t\t\t<\/div>\n\t\t<div class=\"elementor-element elementor-element-17685c4 e-con-full e-flex elementor-invisible e-con e-child\" data-id=\"17685c4\" data-element_type=\"container\" data-e-type=\"container\" data-settings=\"{&quot;animation&quot;:&quot;fadeInUp&quot;,&quot;animation_delay&quot;:600}\">\n\t\t\t\t<div class=\"elementor-element elementor-element-45da7d0 elementor-widget elementor-widget-button\" data-id=\"45da7d0\" data-element_type=\"widget\" data-e-type=\"widget\" data-widget_type=\"button.default\">\n\t\t\t\t\t\t\t\t\t\t<a class=\"elementor-button elementor-button-link elementor-size-sm elementor-animation-shrink\" href=\"https:\/\/devs.openbaz.be\/stics\/formations\/formations-sur-mesure\/simulations-budgetaires\/\">\n\t\t\t\t\t\t<span class=\"elementor-button-content-wrapper\">\n\t\t\t\t\t\t<span class=\"elementor-button-icon\">\n\t\t\t\t<i aria-hidden=\"true\" class=\"ban ban-arrow-right-c\"><\/i>\t\t\t<\/span>\n\t\t\t\t\t\t\t\t\t<span class=\"elementor-button-text\">En savoir plus<\/span>\n\t\t\t\t\t<\/span>\n\t\t\t\t\t<\/a>\n\t\t\t\t\t\t\t\t<\/div>\n\t\t\t\t<\/div>\n\t\t\t\t<\/div>\n\t\t\t\t<\/div>\n\t\t\t\t<\/div>\n\t\t\t\t<\/div>","protected":false},"excerpt":{"rendered":"<p>Depuis plus de 30 ans, le STICS appuie des institutions dans des d\u00e9marches de r\u00e9flexion strat\u00e9gique. Notre accompagnement porte sur: Audit et accompagnement strat\u00e9gique: Nous vous aidons \u00e0 r\u00e9pondre \u00e0 vos questions: Quel est l&#8217;\u00e9tat des lieux de mon institution&nbsp;? Quelle vision strat\u00e9gique d\u00e9velopper \u00e0 court et \u00e0 long terme&nbsp;? Quels sont les facteurs de [&hellip;]<\/p>","protected":false},"author":1,"featured_media":0,"parent":0,"menu_order":12,"comment_status":"closed","ping_status":"closed","template":"elementor_header_footer","meta":{"_acf_changed":false,"_seopress_robots_primary_cat":"","_seopress_titles_title":"","_seopress_titles_desc":"","_seopress_robots_index":"","_formation_external_id":"","_formation_date_debut":"","_formation_date_fin":"","_formation_heure_debut":"","_formation_heure_fin":"","_formation_cancelled":"","_formation_youtube":"","_formation_tarif":0,"_formation_info_date":"","_formation_info_diagnostic_oui":"","_formation_nom_formateur":"","_formation_prenom_formateur":"","_formation_nom_formateur2":"","_formation_prenom_formateur2":"","_formation_public":"","_formation_objectif":"","_formation_methodologie":"","_formation_itineraire":"","_formation_tarif_cs":0,"_formation_tarif_preferentiel":0,"_formation_info_diagnostic":"","_formation_localite":"","_formation_id_is_distant":"","_formation_heure_label":"","_formation_reference":"","_formation_presentation":"","_formation_archived":"","footnotes":""},"class_list":["post-6360","page","type-page","status-publish","hentry"],"acf":[],"_links":{"self":[{"href":"https:\/\/devs.openbaz.be\/stics\/wp-json\/wp\/v2\/pages\/6360","targetHints":{"allow":["GET"]}}],"collection":[{"href":"https:\/\/devs.openbaz.be\/stics\/wp-json\/wp\/v2\/pages"}],"about":[{"href":"https:\/\/devs.openbaz.be\/stics\/wp-json\/wp\/v2\/types\/page"}],"author":[{"embeddable":true,"href":"https:\/\/devs.openbaz.be\/stics\/wp-json\/wp\/v2\/users\/1"}],"replies":[{"embeddable":true,"href":"https:\/\/devs.openbaz.be\/stics\/wp-json\/wp\/v2\/comments?post=6360"}],"version-history":[{"count":9,"href":"https:\/\/devs.openbaz.be\/stics\/wp-json\/wp\/v2\/pages\/6360\/revisions"}],"predecessor-version":[{"id":11383,"href":"https:\/\/devs.openbaz.be\/stics\/wp-json\/wp\/v2\/pages\/6360\/revisions\/11383"}],"wp:attachment":[{"href":"https:\/\/devs.openbaz.be\/stics\/wp-json\/wp\/v2\/media?parent=6360"}],"curies":[{"name":"wp","href":"https:\/\/api.w.org\/{rel}","templated":true}]}}