{"id":3976,"date":"2022-11-28T14:49:36","date_gmt":"2022-11-28T13:49:36","guid":{"rendered":"https:\/\/devs.openbaz.be\/stics\/?page_id=3976"},"modified":"2025-09-03T17:00:50","modified_gmt":"2025-09-03T15:00:50","slug":"etes-vous-en-conformite-avec-le-rgpd","status":"publish","type":"page","link":"https:\/\/devs.openbaz.be\/stics\/accompagnement-des-projets-et-des-organisations\/etes-vous-en-conformite-avec-le-rgpd\/","title":{"rendered":"Mise en conformit\u00e9 avec le RGPD"},"content":{"rendered":"\t\t<div data-elementor-type=\"wp-page\" data-elementor-id=\"3976\" class=\"elementor elementor-3976\" data-elementor-post-type=\"page\">\n\t\t\t\t<div class=\"elementor-element elementor-element-dc8b765 e-con-full e-flex e-con e-parent\" data-id=\"dc8b765\" data-element_type=\"container\" data-e-type=\"container\">\n\t\t\t\t<div class=\"elementor-element elementor-element-d6b5884 elementor-widget elementor-widget-template\" data-id=\"d6b5884\" data-element_type=\"widget\" data-e-type=\"widget\" data-widget_type=\"template.default\">\n\t\t\t\t<div class=\"elementor-widget-container\">\n\t\t\t\t\t\t\t<div class=\"elementor-template\">\n\t\t\t\t\t<div data-elementor-type=\"page\" data-elementor-id=\"8043\" class=\"elementor elementor-8043\" data-elementor-post-type=\"elementor_library\">\n\t\t\t\t<div data-dce-background-color=\"#2A22DD00\" data-dce-background-image-url=\"https:\/\/devs.openbaz.be\/stics\/wp-content\/uploads\/2025\/07\/separateur-header.svg\" class=\"elementor-element elementor-element-11019c0 e-con-full e-flex elementor-invisible e-con e-parent\" data-id=\"11019c0\" data-element_type=\"container\" data-e-type=\"container\" data-settings=\"{&quot;background_background&quot;:&quot;classic&quot;,&quot;animation&quot;:&quot;fadeInDown&quot;}\">\n\t\t<div class=\"elementor-element elementor-element-d03944c e-con-full e-flex e-con e-child\" data-id=\"d03944c\" data-element_type=\"container\" data-e-type=\"container\">\n\t\t\t\t<div class=\"elementor-element elementor-element-6de71b5 elementor-widget elementor-widget-spacer\" data-id=\"6de71b5\" data-element_type=\"widget\" data-e-type=\"widget\" data-widget_type=\"spacer.default\">\n\t\t\t\t\t\t\t<div class=\"elementor-spacer\">\n\t\t\t<div class=\"elementor-spacer-inner\"><\/div>\n\t\t<\/div>\n\t\t\t\t\t\t<\/div>\n\t\t<div class=\"elementor-element elementor-element-6bbc83a e-con-full e-flex e-con e-child\" data-id=\"6bbc83a\" data-element_type=\"container\" data-e-type=\"container\">\n\t\t\t\t<div class=\"elementor-element elementor-element-69861ad elementor-absolute elementor-invisible elementor-widget elementor-widget-image\" data-id=\"69861ad\" data-element_type=\"widget\" data-e-type=\"widget\" data-settings=\"{&quot;_position&quot;:&quot;absolute&quot;,&quot;_animation&quot;:&quot;fadeInLeft&quot;,&quot;_animation_delay&quot;:600}\" data-widget_type=\"image.default\">\n\t\t\t\t\t\t\t\t\t\t\t\t\t\t\t<img alt=\"\" decoding=\"async\" width=\"517\" height=\"378\" src=\"https:\/\/devs.openbaz.be\/stics\/wp-content\/uploads\/2025\/07\/triangle-1.svg\" class=\"attachment-large size-large wp-image-8455\" alt=\"\" \/>\t\t\t\t\t\t\t\t\t\t\t\t\t\t\t<\/div>\n\t\t\t\t<\/div>\n\t\t\t\t<\/div>\n\t\t\t\t<div class=\"elementor-element elementor-element-d16e4d8 elementor-absolute elementor-widget-mobile__width-initial elementor-widget elementor-widget-ucaddon_breadcrumbs_widget\" data-id=\"d16e4d8\" data-element_type=\"widget\" data-e-type=\"widget\" data-settings=\"{&quot;_position&quot;:&quot;absolute&quot;}\" data-widget_type=\"ucaddon_breadcrumbs_widget.default\">\n\t\t\t\t<div class=\"elementor-widget-container\">\n\t\t\t\t\t\n<!-- start Breadcrumbs -->\n\t\t<link id='font-awesome-css' href='https:\/\/devs.openbaz.be\/stics\/wp-content\/plugins\/unlimited-elements-for-elementor-premium\/assets_libraries\/font-awesome6\/fontawesome-all.min.css' type='text\/css' rel='stylesheet' >\n\t\t<link id='font-awesome-4-shim-css' href='https:\/\/devs.openbaz.be\/stics\/wp-content\/plugins\/unlimited-elements-for-elementor-premium\/assets_libraries\/font-awesome6\/fontawesome-v4-shims.min.css' type='text\/css' rel='stylesheet' >\n\n<style>\/* widget: Breadcrumbs *\/\n\n#uc_breadcrumbs_widget_elementor_d16e4d8 .uc-breadcrumbs-list {\n  margin: 0;\n  padding: 0;\n  display: flex;\n  flex-wrap: wrap;\n}\n#uc_breadcrumbs_widget_elementor_d16e4d8 .uc-breadcrumbs-list li {\n  display: flex;\n  align-items: center;\n  list-style-type: none;\n}\n#uc_breadcrumbs_widget_elementor_d16e4d8 .uc-item-title {\n    position: relative;\n    display: inline-flex;\n    justify-content: center;\n    align-items: center;\n}\n#uc_breadcrumbs_widget_elementor_d16e4d8 .uc-item-title-inner{\n  display: flex;\n  align-items: center;\n}\n\n  #uc_breadcrumbs_widget_elementor_d16e4d8 .uc-breadcrumb-separator {\n    display:flex;\n    align-items: center;\n    justify-content: center\n  }\n  #uc_breadcrumbs_widget_elementor_d16e4d8 .uc-breadcrumb-separator svg {\n    width:1em;\n    height:1em;\n  }\n\n\n\n\n\n\n<\/style>\n\n\n    \t\n            <div id=\"uc_breadcrumbs_widget_elementor_d16e4d8\" class=\"uc-breadcrumbs\">\n            <ul class=\"uc-breadcrumbs-list default\">\n                                                            <li class=\"uc-breadcrumb-item\">\n                            <a href=\"https:\/\/devs.openbaz.be\/stics\/\" class=\"uc-item-title\">\n                              <span class=\"uc-item-title-inner\">\n                                                                                                Accueil\n                              <\/span>\n                            <\/a>\n                                                    <\/li>              \t\t    \n                                                <\/ul>\n        <\/div>\n\n            \n<!-- end Breadcrumbs -->\n\t\t\t\t<\/div>\n\t\t\t\t<\/div>\n\t\t<div class=\"elementor-element elementor-element-f43505e e-con-full e-flex e-con e-child\" data-id=\"f43505e\" data-element_type=\"container\" data-e-type=\"container\">\n\t\t\t\t<div class=\"elementor-element elementor-element-8a17982 elementor-absolute elementor-invisible elementor-widget elementor-widget-image\" data-id=\"8a17982\" data-element_type=\"widget\" data-e-type=\"widget\" data-settings=\"{&quot;_position&quot;:&quot;absolute&quot;,&quot;_animation_delay&quot;:900,&quot;_animation&quot;:&quot;fadeInRight&quot;}\" data-widget_type=\"image.default\">\n\t\t\t\t\t\t\t\t\t\t\t\t\t\t\t<img alt=\"\" decoding=\"async\" width=\"320\" height=\"243\" src=\"https:\/\/devs.openbaz.be\/stics\/wp-content\/uploads\/2025\/07\/triangles-2.svg\" class=\"attachment-large size-large wp-image-8450\" alt=\"\" \/>\t\t\t\t\t\t\t\t\t\t\t\t\t\t\t<\/div>\n\t\t\t\t<\/div>\n\t\t\t\t<\/div>\n\t\t\t\t<\/div>\n\t\t\t\t<\/div>\n\t\t\t\t\t\t<\/div>\n\t\t\t\t<\/div>\n\t\t\t\t<\/div>\n\t\t<div class=\"elementor-element elementor-element-4621811 e-con-full e-flex e-con e-parent\" data-id=\"4621811\" data-element_type=\"container\" data-e-type=\"container\">\n\t\t<div class=\"elementor-element elementor-element-4a6c1ee e-con-full e-flex e-con e-child\" data-id=\"4a6c1ee\" data-element_type=\"container\" data-e-type=\"container\">\n\t\t<div class=\"elementor-element elementor-element-c37c299 e-con-full e-flex e-con e-child\" data-id=\"c37c299\" data-element_type=\"container\" data-e-type=\"container\">\n\t\t\t\t<div class=\"elementor-element elementor-element-0383ad1 elementor-widget__width-initial elementor-absolute e-transform elementor-widget elementor-widget-image\" data-id=\"0383ad1\" data-element_type=\"widget\" data-e-type=\"widget\" data-settings=\"{&quot;motion_fx_motion_fx_mouse&quot;:&quot;yes&quot;,&quot;motion_fx_tilt_effect&quot;:&quot;yes&quot;,&quot;motion_fx_tilt_speed&quot;:{&quot;unit&quot;:&quot;px&quot;,&quot;size&quot;:1.6,&quot;sizes&quot;:[]},&quot;_transform_scale_effect&quot;:{&quot;unit&quot;:&quot;px&quot;,&quot;size&quot;:1.6,&quot;sizes&quot;:[]},&quot;motion_fx_motion_fx_scrolling&quot;:&quot;yes&quot;,&quot;motion_fx_translateY_effect&quot;:&quot;yes&quot;,&quot;motion_fx_translateY_affectedRange&quot;:{&quot;unit&quot;:&quot;%&quot;,&quot;size&quot;:&quot;&quot;,&quot;sizes&quot;:{&quot;start&quot;:50,&quot;end&quot;:100}},&quot;_position&quot;:&quot;absolute&quot;,&quot;motion_fx_translateY_speed&quot;:{&quot;unit&quot;:&quot;px&quot;,&quot;size&quot;:4,&quot;sizes&quot;:[]},&quot;motion_fx_devices&quot;:[&quot;widescreen&quot;,&quot;desktop&quot;,&quot;laptop&quot;,&quot;tablet&quot;,&quot;mobile&quot;],&quot;_transform_scale_effect_widescreen&quot;:{&quot;unit&quot;:&quot;px&quot;,&quot;size&quot;:&quot;&quot;,&quot;sizes&quot;:[]},&quot;_transform_scale_effect_laptop&quot;:{&quot;unit&quot;:&quot;px&quot;,&quot;size&quot;:&quot;&quot;,&quot;sizes&quot;:[]},&quot;_transform_scale_effect_tablet&quot;:{&quot;unit&quot;:&quot;px&quot;,&quot;size&quot;:&quot;&quot;,&quot;sizes&quot;:[]},&quot;_transform_scale_effect_mobile&quot;:{&quot;unit&quot;:&quot;px&quot;,&quot;size&quot;:&quot;&quot;,&quot;sizes&quot;:[]}}\" data-widget_type=\"image.default\">\n\t\t\t\t\t\t\t\t\t\t\t\t\t\t\t<img alt=\"\" loading=\"lazy\" decoding=\"async\" width=\"1536\" height=\"1025\" src=\"https:\/\/devs.openbaz.be\/stics\/wp-content\/uploads\/2025\/07\/scene-de-club-de-lecture-authentique-1536x1025.jpg\" class=\"attachment-1536x1536 size-1536x1536 wp-image-8230\" alt=\"\" srcset=\"https:\/\/devs.openbaz.be\/stics\/wp-content\/uploads\/2025\/07\/scene-de-club-de-lecture-authentique-1536x1025.jpg 1536w, https:\/\/devs.openbaz.be\/stics\/wp-content\/uploads\/2025\/07\/scene-de-club-de-lecture-authentique-600x400.jpg 600w, https:\/\/devs.openbaz.be\/stics\/wp-content\/uploads\/2025\/07\/scene-de-club-de-lecture-authentique-300x200.jpg 300w, https:\/\/devs.openbaz.be\/stics\/wp-content\/uploads\/2025\/07\/scene-de-club-de-lecture-authentique-1024x683.jpg 1024w, https:\/\/devs.openbaz.be\/stics\/wp-content\/uploads\/2025\/07\/scene-de-club-de-lecture-authentique-768x512.jpg 768w, https:\/\/devs.openbaz.be\/stics\/wp-content\/uploads\/2025\/07\/scene-de-club-de-lecture-authentique.jpg 1920w\" sizes=\"(max-width: 1536px) 100vw, 1536px\" \/>\t\t\t\t\t\t\t\t\t\t\t\t\t\t\t<\/div>\n\t\t\t\t<\/div>\n\t\t<div class=\"elementor-element elementor-element-a04182c e-con-full e-flex e-con e-child\" data-id=\"a04182c\" data-element_type=\"container\" data-e-type=\"container\">\n\t\t\t\t<div class=\"elementor-element elementor-element-5ef171f elementor-widget__width-initial elementor-invisible elementor-widget elementor-widget-heading\" data-id=\"5ef171f\" data-element_type=\"widget\" data-e-type=\"widget\" data-settings=\"{&quot;_animation&quot;:&quot;fadeInUp&quot;}\" data-widget_type=\"heading.default\">\n\t\t\t\t\t<h1 class=\"elementor-heading-title elementor-size-default\">Mise en conformit\u00e9 avec le RGPD<\/h1>\t\t\t\t<\/div>\n\t\t\t\t<div class=\"elementor-element elementor-element-41b2cf6 elementor-widget elementor-widget-text-editor\" data-id=\"41b2cf6\" data-element_type=\"widget\" data-e-type=\"widget\" data-widget_type=\"text-editor.default\">\n\t\t\t\t\t\t\t\t\t<p><strong>Objectifs\u00a0:<\/strong><\/p><ul><li>vous permettre d\u2019\u00e9valuer le niveau de conformit\u00e9 de votre organisation en mati\u00e8re de protection des donn\u00e9es<\/li><li>vous aider \u00e0 mettre en \u0153uvre les mesures de suivi<\/li><li>vous apporter expertise, conseils concrets et flexibilit\u00e9<br \/><br \/><\/li><\/ul><p><strong>Anne-Christine Lacoste<\/strong>, Consultante en protection de la vie priv\u00e9e et traitement de donn\u00e9es \u00e0 caract\u00e8re personnel, dressera avec vous un \u00e9tat des lieux de votre niveau de conformit\u00e9, r\u00e9pondra \u00e0 vos questions et vous fournira un rapport de recommandations sur les mesures \u00e0 prendre ainsi que des outils utiles pour veiller au respect du RGPD. Cette \u00e9valuation prendra au total une journ\u00e9e, r\u00e9partie sur plusieurs cr\u00e9neaux horaires en fonction de vos disponibilit\u00e9s.<\/p><p>Selon vos besoins, vous pourrez soit mettre en \u0153uvre ces recommandations vous-m\u00eames, soit \u00e9laborer avec le Stics un programme \u00e0 la carte, sur une ou plusieurs demi-journ\u00e9es, au cours desquelles notre consultante vous assistera et\/ou effectuera elle-m\u00eame la mise en \u0153uvre des recommandations.<\/p>\t\t\t\t\t\t\t\t<\/div>\n\t\t\t\t<div class=\"elementor-element elementor-element-dcd4326 elementor-invisible elementor-widget elementor-widget-global elementor-global-9280 elementor-widget-button\" data-id=\"dcd4326\" data-element_type=\"widget\" data-e-type=\"widget\" data-settings=\"{&quot;_animation&quot;:&quot;fadeInRight&quot;,&quot;_animation_delay&quot;:600}\" data-widget_type=\"button.default\">\n\t\t\t\t\t\t\t\t\t\t<a class=\"elementor-button elementor-button-link elementor-size-sm elementor-animation-shrink\" href=\"https:\/\/devs.openbaz.be\/stics\/tarifs\/#inscription\">\n\t\t\t\t\t\t<span class=\"elementor-button-content-wrapper\">\n\t\t\t\t\t\t<span class=\"elementor-button-icon\">\n\t\t\t\t<i aria-hidden=\"true\" class=\"ban ban-arrow-right-c\"><\/i>\t\t\t<\/span>\n\t\t\t\t\t\t\t\t\t<span class=\"elementor-button-text\">Contactez-<br \/>nous<\/span>\n\t\t\t\t\t<\/span>\n\t\t\t\t\t<\/a>\n\t\t\t\t\t\t\t\t<\/div>\n\t\t\t\t<\/div>\n\t\t\t\t<\/div>\n\t\t\t\t<\/div>\n\t\t<div class=\"elementor-element elementor-element-04aa932 e-con-full e-flex e-con e-parent\" data-id=\"04aa932\" data-element_type=\"container\" data-e-type=\"container\">\n\t\t<div class=\"elementor-element elementor-element-7a35e40 e-grid e-con-full e-con e-child\" data-id=\"7a35e40\" data-element_type=\"container\" data-e-type=\"container\">\n\t\t<div class=\"elementor-element elementor-element-d6df735 e-con-full e-flex e-con e-child\" data-id=\"d6df735\" data-element_type=\"container\" data-e-type=\"container\" data-settings=\"{&quot;background_background&quot;:&quot;classic&quot;}\">\n\t\t\t\t<div class=\"elementor-element elementor-element-319cf73 elementor-invisible elementor-widget elementor-widget-heading\" data-id=\"319cf73\" data-element_type=\"widget\" data-e-type=\"widget\" data-settings=\"{&quot;_animation&quot;:&quot;fadeInUp&quot;,&quot;_animation_delay&quot;:300}\" data-widget_type=\"heading.default\">\n\t\t\t\t\t<h3 class=\"elementor-heading-title elementor-size-default\">Introduire ici votre demande d'accompagnement \"Mise en conformit\u00e9 avec le RGPD\"<\/h3>\t\t\t\t<\/div>\n\t\t<div class=\"elementor-element elementor-element-0d7d95d e-con-full e-flex elementor-invisible e-con e-child\" data-id=\"0d7d95d\" data-element_type=\"container\" data-e-type=\"container\" data-settings=\"{&quot;animation&quot;:&quot;fadeInUp&quot;,&quot;animation_delay&quot;:600}\">\n\t\t\t\t<div class=\"elementor-element elementor-element-9f1a7d4 elementor-widget elementor-widget-button\" data-id=\"9f1a7d4\" data-element_type=\"widget\" data-e-type=\"widget\" data-widget_type=\"button.default\">\n\t\t\t\t\t\t\t\t\t\t<a class=\"elementor-button elementor-button-link elementor-size-sm elementor-animation-shrink\" href=\"https:\/\/devs.openbaz.be\/stics\/formations\/formations-sur-mesure\/\">\n\t\t\t\t\t\t<span class=\"elementor-button-content-wrapper\">\n\t\t\t\t\t\t<span class=\"elementor-button-icon\">\n\t\t\t\t<i aria-hidden=\"true\" class=\"ban ban-arrow-right-c\"><\/i>\t\t\t<\/span>\n\t\t\t\t\t\t\t\t\t<span class=\"elementor-button-text\">En savoir plus<\/span>\n\t\t\t\t\t<\/span>\n\t\t\t\t\t<\/a>\n\t\t\t\t\t\t\t\t<\/div>\n\t\t\t\t<\/div>\n\t\t\t\t<\/div>\n\t\t<div class=\"elementor-element elementor-element-56954be e-con-full e-flex e-con e-child\" data-id=\"56954be\" data-element_type=\"container\" data-e-type=\"container\" data-settings=\"{&quot;background_background&quot;:&quot;classic&quot;}\">\n\t\t\t\t<div class=\"elementor-element elementor-element-70fed85 elementor-invisible elementor-widget elementor-widget-heading\" data-id=\"70fed85\" data-element_type=\"widget\" data-e-type=\"widget\" data-settings=\"{&quot;_animation&quot;:&quot;fadeInUp&quot;,&quot;_animation_delay&quot;:300}\" data-widget_type=\"heading.default\">\n\t\t\t\t\t<h3 class=\"elementor-heading-title elementor-size-default\">Besoin d'un subside pour financer votre accompagnement&nbsp;?<\/h3>\t\t\t\t<\/div>\n\t\t<div class=\"elementor-element elementor-element-c7c12dc e-con-full e-flex elementor-invisible e-con e-child\" data-id=\"c7c12dc\" data-element_type=\"container\" data-e-type=\"container\" data-settings=\"{&quot;animation&quot;:&quot;fadeInUp&quot;,&quot;animation_delay&quot;:600}\">\n\t\t\t\t<div class=\"elementor-element elementor-element-7a977d9 elementor-widget elementor-widget-button\" data-id=\"7a977d9\" data-element_type=\"widget\" data-e-type=\"widget\" data-widget_type=\"button.default\">\n\t\t\t\t\t\t\t\t\t\t<a class=\"elementor-button elementor-button-link elementor-size-sm elementor-animation-shrink\" href=\"https:\/\/devs.openbaz.be\/stics\/formations\/formations-sur-mesure\/subsite-et-simulation\/\">\n\t\t\t\t\t\t<span class=\"elementor-button-content-wrapper\">\n\t\t\t\t\t\t<span class=\"elementor-button-icon\">\n\t\t\t\t<i aria-hidden=\"true\" class=\"ban ban-arrow-right-c\"><\/i>\t\t\t<\/span>\n\t\t\t\t\t\t\t\t\t<span class=\"elementor-button-text\">En savoir plus<\/span>\n\t\t\t\t\t<\/span>\n\t\t\t\t\t<\/a>\n\t\t\t\t\t\t\t\t<\/div>\n\t\t\t\t<\/div>\n\t\t\t\t<\/div>\n\t\t<div class=\"elementor-element elementor-element-92c02c0 e-con-full e-flex e-con e-child\" data-id=\"92c02c0\" data-element_type=\"container\" data-e-type=\"container\" data-settings=\"{&quot;background_background&quot;:&quot;classic&quot;}\">\n\t\t\t\t<div class=\"elementor-element elementor-element-c02f7d9 elementor-invisible elementor-widget elementor-widget-heading\" data-id=\"c02f7d9\" data-element_type=\"widget\" data-e-type=\"widget\" data-settings=\"{&quot;_animation&quot;:&quot;fadeInUp&quot;,&quot;_animation_delay&quot;:300}\" data-widget_type=\"heading.default\">\n\t\t\t\t\t<h3 class=\"elementor-heading-title elementor-size-default\">Consultez nos simulations budg\u00e9taires<\/h3>\t\t\t\t<\/div>\n\t\t<div class=\"elementor-element elementor-element-8e8ac7b e-con-full e-flex elementor-invisible e-con e-child\" data-id=\"8e8ac7b\" data-element_type=\"container\" data-e-type=\"container\" data-settings=\"{&quot;animation&quot;:&quot;fadeInUp&quot;,&quot;animation_delay&quot;:600}\">\n\t\t\t\t<div class=\"elementor-element elementor-element-6d21444 elementor-widget elementor-widget-button\" data-id=\"6d21444\" data-element_type=\"widget\" data-e-type=\"widget\" data-widget_type=\"button.default\">\n\t\t\t\t\t\t\t\t\t\t<a class=\"elementor-button elementor-button-link elementor-size-sm elementor-animation-shrink\" href=\"https:\/\/devs.openbaz.be\/stics\/formations\/formations-sur-mesure\/simulations-budgetaires\/\">\n\t\t\t\t\t\t<span class=\"elementor-button-content-wrapper\">\n\t\t\t\t\t\t<span class=\"elementor-button-icon\">\n\t\t\t\t<i aria-hidden=\"true\" class=\"ban ban-arrow-right-c\"><\/i>\t\t\t<\/span>\n\t\t\t\t\t\t\t\t\t<span class=\"elementor-button-text\">En savoir plus<\/span>\n\t\t\t\t\t<\/span>\n\t\t\t\t\t<\/a>\n\t\t\t\t\t\t\t\t<\/div>\n\t\t\t\t<\/div>\n\t\t\t\t<\/div>\n\t\t\t\t<\/div>\n\t\t\t\t<\/div>\n\t\t\t\t<\/div>","protected":false},"excerpt":{"rendered":"<p>Objectifs\u00a0: vous permettre d\u2019\u00e9valuer le niveau de conformit\u00e9 de votre organisation en mati\u00e8re de protection des donn\u00e9es vous aider \u00e0 mettre en \u0153uvre les mesures de suivi vous apporter expertise, conseils concrets et flexibilit\u00e9 Anne-Christine Lacoste, Consultante en protection de la vie priv\u00e9e et traitement de donn\u00e9es \u00e0 caract\u00e8re personnel, dressera avec vous un \u00e9tat [&hellip;]<\/p>","protected":false},"author":1,"featured_media":0,"parent":6360,"menu_order":0,"comment_status":"closed","ping_status":"closed","template":"elementor_header_footer","meta":{"_acf_changed":false,"_seopress_robots_primary_cat":"","_seopress_titles_title":"","_seopress_titles_desc":"","_seopress_robots_index":"","_formation_external_id":"","_formation_date_debut":"","_formation_date_fin":"","_formation_heure_debut":"","_formation_heure_fin":"","_formation_cancelled":"","_formation_youtube":"","_formation_tarif":0,"_formation_info_date":"","_formation_info_diagnostic_oui":"","_formation_nom_formateur":"","_formation_prenom_formateur":"","_formation_nom_formateur2":"","_formation_prenom_formateur2":"","_formation_public":"","_formation_objectif":"","_formation_methodologie":"","_formation_itineraire":"","_formation_tarif_cs":0,"_formation_tarif_preferentiel":0,"_formation_info_diagnostic":"","_formation_localite":"","_formation_id_is_distant":"","_formation_heure_label":"","_formation_reference":"","_formation_presentation":"","_formation_archived":"","footnotes":""},"class_list":["post-3976","page","type-page","status-publish","hentry"],"acf":[],"_links":{"self":[{"href":"https:\/\/devs.openbaz.be\/stics\/wp-json\/wp\/v2\/pages\/3976","targetHints":{"allow":["GET"]}}],"collection":[{"href":"https:\/\/devs.openbaz.be\/stics\/wp-json\/wp\/v2\/pages"}],"about":[{"href":"https:\/\/devs.openbaz.be\/stics\/wp-json\/wp\/v2\/types\/page"}],"author":[{"embeddable":true,"href":"https:\/\/devs.openbaz.be\/stics\/wp-json\/wp\/v2\/users\/1"}],"replies":[{"embeddable":true,"href":"https:\/\/devs.openbaz.be\/stics\/wp-json\/wp\/v2\/comments?post=3976"}],"version-history":[{"count":0,"href":"https:\/\/devs.openbaz.be\/stics\/wp-json\/wp\/v2\/pages\/3976\/revisions"}],"up":[{"embeddable":true,"href":"https:\/\/devs.openbaz.be\/stics\/wp-json\/wp\/v2\/pages\/6360"}],"wp:attachment":[{"href":"https:\/\/devs.openbaz.be\/stics\/wp-json\/wp\/v2\/media?parent=3976"}],"curies":[{"name":"wp","href":"https:\/\/api.w.org\/{rel}","templated":true}]}}