{"id":2744,"date":"2017-02-20T16:07:37","date_gmt":"2017-02-20T15:07:37","guid":{"rendered":"https:\/\/devs.openbaz.be\/bruxellesfle\/?page_id=2744"},"modified":"2021-06-28T15:51:39","modified_gmt":"2021-06-28T13:51:39","slug":"referentiel-et-test-de-positionnement-pour-le-francais-langue-etrangere-et-seconde","status":"publish","type":"page","link":"https:\/\/devs.openbaz.be\/bruxellesfle\/referentiel-et-test-de-positionnement-pour-le-francais-langue-etrangere-et-seconde\/","title":{"rendered":"R\u00e9f\u00e9rentiel et test de positionnement pour le fran\u00e7ais langue \u00e9trang\u00e8re et seconde (FLES)"},"content":{"rendered":"<p>[fusion_builder_container background_image=\u00a0\u00bbhttps:\/\/www.bruxellesfle.bewp-content\/uploads\/2016\/07\/header.png\u00a0\u00bb background_parallax=\u00a0\u00bbnone\u00a0\u00bb enable_mobile=\u00a0\u00bbno\u00a0\u00bb parallax_speed=\u00a0\u00bb0.3&Prime; background_repeat=\u00a0\u00bbrepeat-x\u00a0\u00bb background_position=\u00a0\u00bbcenter bottom\u00a0\u00bb video_aspect_ratio=\u00a0\u00bb16:9&Prime; video_mute=\u00a0\u00bbyes\u00a0\u00bb video_loop=\u00a0\u00bbyes\u00a0\u00bb fade=\u00a0\u00bbno\u00a0\u00bb border_size=\u00a0\u00bb0px\u00a0\u00bb border_style=\u00a0\u00bbsolid\u00a0\u00bb padding_top=\u00a0\u00bb10&Prime; padding_bottom=\u00a0\u00bb0&Prime; hundred_percent=\u00a0\u00bbno\u00a0\u00bb equal_height_columns=\u00a0\u00bbno\u00a0\u00bb hide_on_mobile=\u00a0\u00bbno\u00a0\u00bb admin_toggled=\u00a0\u00bbno\u00a0\u00bb][fusion_builder_row][fusion_builder_column type=\u00a0\u00bb1_1&Prime; layout=\u00a0\u00bb1_1&Prime; background_position=\u00a0\u00bbleft top\u00a0\u00bb background_color=\u00a0\u00bb\u00a0\u00bb border_size=\u00a0\u00bb\u00a0\u00bb border_color=\u00a0\u00bb\u00a0\u00bb border_style=\u00a0\u00bbsolid\u00a0\u00bb spacing=\u00a0\u00bbyes\u00a0\u00bb background_image=\u00a0\u00bb\u00a0\u00bb background_repeat=\u00a0\u00bbno-repeat\u00a0\u00bb padding_top=\u00a0\u00bb\u00a0\u00bb padding_right=\u00a0\u00bb\u00a0\u00bb padding_bottom=\u00a0\u00bb\u00a0\u00bb padding_left=\u00a0\u00bb\u00a0\u00bb margin_top=\u00a0\u00bb0px\u00a0\u00bb margin_bottom=\u00a0\u00bb0px\u00a0\u00bb class=\u00a0\u00bb\u00a0\u00bb id=\u00a0\u00bb\u00a0\u00bb animation_type=\u00a0\u00bb\u00a0\u00bb animation_speed=\u00a0\u00bb0.3&Prime; animation_direction=\u00a0\u00bbleft\u00a0\u00bb hide_on_mobile=\u00a0\u00bbno\u00a0\u00bb center_content=\u00a0\u00bbno\u00a0\u00bb min_height=\u00a0\u00bbnone\u00a0\u00bb last=\u00a0\u00bbno\u00a0\u00bb hover_type=\u00a0\u00bbnone\u00a0\u00bb link=\u00a0\u00bb\u00a0\u00bb border_position=\u00a0\u00bball\u00a0\u00bb][fusion_title hide_on_mobile=\u00a0\u00bbsmall-visibility,medium-visibility,large-visibility\u00a0\u00bb size=\u00a0\u00bb3&Prime; content_align=\u00a0\u00bbleft\u00a0\u00bb style_type=\u00a0\u00bbnone\u00a0\u00bb]<span style=\"color: #005192;\"><strong>R\u00e9f\u00e9rentiel et test de positionnement<\/strong><\/span> pour le fran\u00e7ais langue \u00e9trang\u00e8re et seconde (FLES)[\/fusion_title][\/fusion_builder_column][\/fusion_builder_row][\/fusion_builder_container][fusion_builder_container background_parallax=\u00a0\u00bbnone\u00a0\u00bb enable_mobile=\u00a0\u00bbno\u00a0\u00bb parallax_speed=\u00a0\u00bb0.3&Prime; background_repeat=\u00a0\u00bbno-repeat\u00a0\u00bb background_position=\u00a0\u00bbleft top\u00a0\u00bb video_aspect_ratio=\u00a0\u00bb16:9&Prime; video_mute=\u00a0\u00bbyes\u00a0\u00bb video_loop=\u00a0\u00bbyes\u00a0\u00bb fade=\u00a0\u00bbno\u00a0\u00bb border_size=\u00a0\u00bb0px\u00a0\u00bb padding_top=\u00a0\u00bb20&Prime; padding_bottom=\u00a0\u00bb20&Prime; hundred_percent=\u00a0\u00bbno\u00a0\u00bb equal_height_columns=\u00a0\u00bbno\u00a0\u00bb hide_on_mobile=\u00a0\u00bbno\u00a0\u00bb admin_toggled=\u00a0\u00bbno\u00a0\u00bb][fusion_builder_row][fusion_builder_column type=\u00a0\u00bb1_1&Prime; layout=\u00a0\u00bb3_4&Prime; last=\u00a0\u00bbno\u00a0\u00bb spacing=\u00a0\u00bbyes\u00a0\u00bb center_content=\u00a0\u00bbno\u00a0\u00bb hide_on_mobile=\u00a0\u00bbno\u00a0\u00bb background_color=\u00a0\u00bb\u00a0\u00bb background_image=\u00a0\u00bb\u00a0\u00bb background_repeat=\u00a0\u00bbno-repeat\u00a0\u00bb background_position=\u00a0\u00bbleft top\u00a0\u00bb hover_type=\u00a0\u00bbnone\u00a0\u00bb link=\u00a0\u00bb\u00a0\u00bb border_position=\u00a0\u00bball\u00a0\u00bb border_size=\u00a0\u00bb0px\u00a0\u00bb border_color=\u00a0\u00bb\u00a0\u00bb border_style=\u00a0\u00bb\u00a0\u00bb padding_top=\u00a0\u00bb\u00a0\u00bb padding_right=\u00a0\u00bb\u00a0\u00bb padding_bottom=\u00a0\u00bb\u00a0\u00bb padding_left=\u00a0\u00bb\u00a0\u00bb margin_top=\u00a0\u00bb\u00a0\u00bb margin_bottom=\u00a0\u00bb\u00a0\u00bb animation_type=\u00a0\u00bb\u00a0\u00bb animation_direction=\u00a0\u00bb\u00a0\u00bb animation_speed=\u00a0\u00bb0.1&Prime; animation_offset=\u00a0\u00bb\u00a0\u00bb class=\u00a0\u00bb\u00a0\u00bb id=\u00a0\u00bb\u00a0\u00bb min_height=\u00a0\u00bb\u00a0\u00bb][fusion_text columns=\u00a0\u00bb\u00a0\u00bb column_min_width=\u00a0\u00bb\u00a0\u00bb column_spacing=\u00a0\u00bb\u00a0\u00bb rule_style=\u00a0\u00bbdefault\u00a0\u00bb rule_size=\u00a0\u00bb\u00a0\u00bb rule_color=\u00a0\u00bb\u00a0\u00bb hide_on_mobile=\u00a0\u00bbsmall-visibility,medium-visibility,large-visibility\u00a0\u00bb class=\u00a0\u00bb\u00a0\u00bb id=\u00a0\u00bb\u00a0\u00bb animation_type=\u00a0\u00bb\u00a0\u00bb animation_direction=\u00a0\u00bbleft\u00a0\u00bb animation_speed=\u00a0\u00bb0.3&Prime; animation_offset=\u00a0\u00bb\u00a0\u00bb]<span style=\"text-decoration: underline; font-size: 14pt;\">Extrait de la pr\u00e9face:<\/span><\/p>\n<p><span style=\"font-size: 14pt;\">\u00ab\u00a0La d\u00e9finition des objectifs \u00e0 atteindre du CECRL peut paraitre abstraite, difficile \u00e0 traduire en termes d\u2019activit\u00e9s d\u2019apprentissage ou d\u2019\u00e9valuation pour un utilisateur novice. [\u2026]<\/span><\/p>\n<p><span style=\"font-size: 14pt;\">Tout l\u2019enjeu du pr\u00e9sent outil est, autant que faire se peut, d\u2019apporter des r\u00e9ponses \u00e0 ces questions via :<\/span><\/p>\n<ul>\n<li><span style=\"font-size: 14pt;\">un r\u00e9f\u00e9rentiel commun \u00e0 tous les acteurs de l\u2019enseignement\/apprentissage d\u2019une langue ;<\/span><\/li>\n<li><span style=\"font-size: 14pt;\">un tableau de synth\u00e8se qui a pour principaux objectifs de clarifier les comp\u00e9tences que l\u2019apprenant doit acqu\u00e9rir et les domaines dans lesquels celles-ci peuvent s\u2019appliquer [\u2026]<\/span><\/li>\n<li><span style=\"font-size: 14pt;\">un test de positionnement.\u00a0\u00bb<\/span><\/li>\n<\/ul>\n<p>&nbsp;<\/p>\n<p><center><iframe src=\"https:\/\/www.bruxellesfle.bewp-content\/uploads\/2018\/06\/R\u00e9f\u00e9rentiel-Lire-et-Ecrire.pdf\" width=\"800\" height=\"800\"><\/iframe><\/center>[\/fusion_text][\/fusion_builder_column][\/fusion_builder_row][\/fusion_builder_container]<\/p>\n","protected":false},"excerpt":{"rendered":"<p>[fusion_builder_container background_image=\u00a0\u00bbhttps:\/\/www.bruxellesfle.bewp-content\/uploads\/2016\/07\/header.png\u00a0\u00bb background_parallax=\u00a0\u00bbnone\u00a0\u00bb enable_mobile=\u00a0\u00bbno\u00a0\u00bb parallax_speed=\u00a0\u00bb0.3&Prime; background_repeat=\u00a0\u00bbrepeat-x\u00a0\u00bb background_position=\u00a0\u00bbcenter bottom\u00a0\u00bb video_aspect_ratio=\u00a0\u00bb16:9&Prime; video_mute=\u00a0\u00bbyes\u00a0\u00bb video_loop=\u00a0\u00bbyes\u00a0\u00bb fade=\u00a0\u00bbno\u00a0\u00bb border_size=\u00a0\u00bb0px\u00a0\u00bb border_style=\u00a0\u00bbsolid\u00a0\u00bb padding_top=\u00a0\u00bb10&Prime; padding_bottom=\u00a0\u00bb0&Prime; hundred_percent=\u00a0\u00bbno\u00a0\u00bb equal_height_columns=\u00a0\u00bbno\u00a0\u00bb hide_on_mobile=\u00a0\u00bbno\u00a0\u00bb admin_toggled=\u00a0\u00bbno\u00a0\u00bb][fusion_builder_row][fusion_builder_column type=\u00a0\u00bb1_1&Prime; layout=\u00a0\u00bb1_1&Prime; background_position=\u00a0\u00bbleft top\u00a0\u00bb background_color=\u00a0\u00bb\u00a0\u00bb border_size=\u00a0\u00bb\u00a0\u00bb border_color=\u00a0\u00bb\u00a0\u00bb border_style=\u00a0\u00bbsolid\u00a0\u00bb spacing=\u00a0\u00bbyes\u00a0\u00bb background_image=\u00a0\u00bb\u00a0\u00bb background_repeat=\u00a0\u00bbno-repeat\u00a0\u00bb padding_top=\u00a0\u00bb\u00a0\u00bb padding_right=\u00a0\u00bb\u00a0\u00bb padding_bottom=\u00a0\u00bb\u00a0\u00bb padding_left=\u00a0\u00bb\u00a0\u00bb margin_top=\u00a0\u00bb0px\u00a0\u00bb margin_bottom=\u00a0\u00bb0px\u00a0\u00bb class=\u00a0\u00bb\u00a0\u00bb id=\u00a0\u00bb\u00a0\u00bb animation_type=\u00a0\u00bb\u00a0\u00bb animation_speed=\u00a0\u00bb0.3&Prime; animation_direction=\u00a0\u00bbleft\u00a0\u00bb hide_on_mobile=\u00a0\u00bbno\u00a0\u00bb center_content=\u00a0\u00bbno\u00a0\u00bb min_height=\u00a0\u00bbnone\u00a0\u00bb last=\u00a0\u00bbno\u00a0\u00bb hover_type=\u00a0\u00bbnone\u00a0\u00bb link=\u00a0\u00bb\u00a0\u00bb border_position=\u00a0\u00bball\u00a0\u00bb][fusion_title hide_on_mobile=\u00a0\u00bbsmall-visibility,medium-visibility,large-visibility\u00a0\u00bb size=\u00a0\u00bb3&Prime; content_align=\u00a0\u00bbleft\u00a0\u00bb style_type=\u00a0\u00bbnone\u00a0\u00bb]R\u00e9f\u00e9rentiel et test [&hellip;]<\/p>\n","protected":false},"author":46,"featured_media":0,"parent":0,"menu_order":0,"comment_status":"closed","ping_status":"closed","template":"100-width.php","meta":{"footnotes":"","_links_to":"","_links_to_target":""},"class_list":["post-2744","page","type-page","status-publish","hentry"],"aioseo_notices":[],"_links":{"self":[{"href":"https:\/\/devs.openbaz.be\/bruxellesfle\/wp-json\/wp\/v2\/pages\/2744","targetHints":{"allow":["GET"]}}],"collection":[{"href":"https:\/\/devs.openbaz.be\/bruxellesfle\/wp-json\/wp\/v2\/pages"}],"about":[{"href":"https:\/\/devs.openbaz.be\/bruxellesfle\/wp-json\/wp\/v2\/types\/page"}],"author":[{"embeddable":true,"href":"https:\/\/devs.openbaz.be\/bruxellesfle\/wp-json\/wp\/v2\/users\/46"}],"replies":[{"embeddable":true,"href":"https:\/\/devs.openbaz.be\/bruxellesfle\/wp-json\/wp\/v2\/comments?post=2744"}],"version-history":[{"count":12,"href":"https:\/\/devs.openbaz.be\/bruxellesfle\/wp-json\/wp\/v2\/pages\/2744\/revisions"}],"predecessor-version":[{"id":9099,"href":"https:\/\/devs.openbaz.be\/bruxellesfle\/wp-json\/wp\/v2\/pages\/2744\/revisions\/9099"}],"wp:attachment":[{"href":"https:\/\/devs.openbaz.be\/bruxellesfle\/wp-json\/wp\/v2\/media?parent=2744"}],"curies":[{"name":"wp","href":"https:\/\/api.w.org\/{rel}","templated":true}]}}