{"id":2742,"date":"2017-02-20T16:04:38","date_gmt":"2017-02-20T15:04:38","guid":{"rendered":"https:\/\/devs.openbaz.be\/bruxellesfle\/?page_id=2742"},"modified":"2021-06-28T16:34:15","modified_gmt":"2021-06-28T14:34:15","slug":"inventaire-linguistique-des-contenus-cles-des-niveaux-du-cecrl","status":"publish","type":"page","link":"https:\/\/devs.openbaz.be\/bruxellesfle\/inventaire-linguistique-des-contenus-cles-des-niveaux-du-cecrl\/","title":{"rendered":"Inventaire linguistique des contenus cl\u00e9s des niveaux du CECRL"},"content":{"rendered":"<p>[fusion_builder_container background_image=\u00a0\u00bbhttps:\/\/www.bruxellesfle.bewp-content\/uploads\/2016\/07\/header.png\u00a0\u00bb background_parallax=\u00a0\u00bbnone\u00a0\u00bb enable_mobile=\u00a0\u00bbno\u00a0\u00bb parallax_speed=\u00a0\u00bb0.3&Prime; background_repeat=\u00a0\u00bbrepeat-x\u00a0\u00bb background_position=\u00a0\u00bbcenter bottom\u00a0\u00bb video_aspect_ratio=\u00a0\u00bb16:9&Prime; video_mute=\u00a0\u00bbyes\u00a0\u00bb video_loop=\u00a0\u00bbyes\u00a0\u00bb fade=\u00a0\u00bbno\u00a0\u00bb border_size=\u00a0\u00bb0px\u00a0\u00bb border_style=\u00a0\u00bbsolid\u00a0\u00bb padding_top=\u00a0\u00bb10&Prime; padding_bottom=\u00a0\u00bb0&Prime; hundred_percent=\u00a0\u00bbno\u00a0\u00bb equal_height_columns=\u00a0\u00bbno\u00a0\u00bb hide_on_mobile=\u00a0\u00bbno\u00a0\u00bb admin_toggled=\u00a0\u00bbno\u00a0\u00bb][fusion_builder_row][fusion_builder_column type=\u00a0\u00bb1_1&Prime; layout=\u00a0\u00bb1_1&Prime; background_position=\u00a0\u00bbleft top\u00a0\u00bb background_color=\u00a0\u00bb\u00a0\u00bb border_size=\u00a0\u00bb\u00a0\u00bb border_color=\u00a0\u00bb\u00a0\u00bb border_style=\u00a0\u00bbsolid\u00a0\u00bb spacing=\u00a0\u00bbyes\u00a0\u00bb background_image=\u00a0\u00bb\u00a0\u00bb background_repeat=\u00a0\u00bbno-repeat\u00a0\u00bb padding_top=\u00a0\u00bb\u00a0\u00bb padding_right=\u00a0\u00bb\u00a0\u00bb padding_bottom=\u00a0\u00bb\u00a0\u00bb padding_left=\u00a0\u00bb\u00a0\u00bb margin_top=\u00a0\u00bb0px\u00a0\u00bb margin_bottom=\u00a0\u00bb0px\u00a0\u00bb class=\u00a0\u00bb\u00a0\u00bb id=\u00a0\u00bb\u00a0\u00bb animation_type=\u00a0\u00bb\u00a0\u00bb animation_speed=\u00a0\u00bb0.3&Prime; animation_direction=\u00a0\u00bbleft\u00a0\u00bb hide_on_mobile=\u00a0\u00bbno\u00a0\u00bb center_content=\u00a0\u00bbno\u00a0\u00bb min_height=\u00a0\u00bbnone\u00a0\u00bb last=\u00a0\u00bbno\u00a0\u00bb hover_type=\u00a0\u00bbnone\u00a0\u00bb link=\u00a0\u00bb\u00a0\u00bb border_position=\u00a0\u00bball\u00a0\u00bb][fusion_title hide_on_mobile=\u00a0\u00bbsmall-visibility,medium-visibility,large-visibility\u00a0\u00bb size=\u00a0\u00bb3&Prime; content_align=\u00a0\u00bbleft\u00a0\u00bb style_type=\u00a0\u00bbnone\u00a0\u00bb]<\/p>\n<p><span style=\"color: #005192;\"><strong>Inventaire linguistique <\/strong><\/span> des contenus cl\u00e9s des niveaux du CECRL<\/p>\n<p>[\/fusion_title][\/fusion_builder_column][\/fusion_builder_row][\/fusion_builder_container][fusion_builder_container background_parallax=\u00a0\u00bbnone\u00a0\u00bb enable_mobile=\u00a0\u00bbno\u00a0\u00bb parallax_speed=\u00a0\u00bb0.3&Prime; background_repeat=\u00a0\u00bbno-repeat\u00a0\u00bb background_position=\u00a0\u00bbleft top\u00a0\u00bb video_aspect_ratio=\u00a0\u00bb16:9&Prime; video_mute=\u00a0\u00bbyes\u00a0\u00bb video_loop=\u00a0\u00bbyes\u00a0\u00bb fade=\u00a0\u00bbno\u00a0\u00bb border_size=\u00a0\u00bb0px\u00a0\u00bb padding_top=\u00a0\u00bb20&Prime; padding_bottom=\u00a0\u00bb20&Prime; hundred_percent=\u00a0\u00bbno\u00a0\u00bb equal_height_columns=\u00a0\u00bbno\u00a0\u00bb hide_on_mobile=\u00a0\u00bbno\u00a0\u00bb admin_toggled=\u00a0\u00bbno\u00a0\u00bb][fusion_builder_row][fusion_builder_column type=\u00a0\u00bb1_1&Prime; layout=\u00a0\u00bb3_4&Prime; last=\u00a0\u00bbno\u00a0\u00bb spacing=\u00a0\u00bbyes\u00a0\u00bb center_content=\u00a0\u00bbno\u00a0\u00bb hide_on_mobile=\u00a0\u00bbno\u00a0\u00bb background_color=\u00a0\u00bb\u00a0\u00bb background_image=\u00a0\u00bb\u00a0\u00bb background_repeat=\u00a0\u00bbno-repeat\u00a0\u00bb background_position=\u00a0\u00bbleft top\u00a0\u00bb hover_type=\u00a0\u00bbnone\u00a0\u00bb link=\u00a0\u00bb\u00a0\u00bb border_position=\u00a0\u00bball\u00a0\u00bb border_size=\u00a0\u00bb0px\u00a0\u00bb border_color=\u00a0\u00bb\u00a0\u00bb border_style=\u00a0\u00bb\u00a0\u00bb padding_top=\u00a0\u00bb\u00a0\u00bb padding_right=\u00a0\u00bb\u00a0\u00bb padding_bottom=\u00a0\u00bb\u00a0\u00bb padding_left=\u00a0\u00bb\u00a0\u00bb margin_top=\u00a0\u00bb\u00a0\u00bb margin_bottom=\u00a0\u00bb\u00a0\u00bb animation_type=\u00a0\u00bb\u00a0\u00bb animation_direction=\u00a0\u00bb\u00a0\u00bb animation_speed=\u00a0\u00bb0.1&Prime; animation_offset=\u00a0\u00bb\u00a0\u00bb class=\u00a0\u00bb\u00a0\u00bb id=\u00a0\u00bb\u00a0\u00bb min_height=\u00a0\u00bb\u00a0\u00bb][fusion_text columns=\u00a0\u00bb\u00a0\u00bb column_min_width=\u00a0\u00bb\u00a0\u00bb column_spacing=\u00a0\u00bb\u00a0\u00bb rule_style=\u00a0\u00bbdefault\u00a0\u00bb rule_size=\u00a0\u00bb\u00a0\u00bb rule_color=\u00a0\u00bb\u00a0\u00bb hide_on_mobile=\u00a0\u00bbsmall-visibility,medium-visibility,large-visibility\u00a0\u00bb class=\u00a0\u00bb\u00a0\u00bb id=\u00a0\u00bb\u00a0\u00bb animation_type=\u00a0\u00bb\u00a0\u00bb animation_direction=\u00a0\u00bbleft\u00a0\u00bb animation_speed=\u00a0\u00bb0.3&Prime; animation_offset=\u00a0\u00bb\u00a0\u00bb]<\/p>\n<p><span style=\"text-decoration: underline; font-size: 14pt;\">Extrait de la pr\u00e9face:<\/span><\/p>\n<p><span style=\"font-size: 14pt;\">\u00ab\u00a0Le projet de cet ouvrage est de rendre le CECRL accessible aux enseignants et aux apprenants adultes de fran\u00e7ais langue \u00e9trang\u00e8re (FLE). Il tente de r\u00e9pondre \u00e0 la question que se posent nombre d\u2019enseignants : quels contenus enseigner \u00e0 chaque niveau du CECRL aux apprenants de 16 ans et plus ?\u00a0\u00bb<\/span><\/p>\n<p><center><iframe src=\"https:\/\/www.bruxellesfle.bewp-content\/uploads\/2018\/06\/Inventaire-linguistique-des-contenus-cl\u00e9s-des-niveaux-CECR.pdf\" width=\"800\" height=\"800\"><\/iframe><\/center>[\/fusion_text][\/fusion_builder_column][\/fusion_builder_row][\/fusion_builder_container]<\/p>\n","protected":false},"excerpt":{"rendered":"<p>[fusion_builder_container background_image=\u00a0\u00bbhttps:\/\/www.bruxellesfle.bewp-content\/uploads\/2016\/07\/header.png\u00a0\u00bb background_parallax=\u00a0\u00bbnone\u00a0\u00bb enable_mobile=\u00a0\u00bbno\u00a0\u00bb parallax_speed=\u00a0\u00bb0.3&Prime; background_repeat=\u00a0\u00bbrepeat-x\u00a0\u00bb background_position=\u00a0\u00bbcenter bottom\u00a0\u00bb video_aspect_ratio=\u00a0\u00bb16:9&Prime; video_mute=\u00a0\u00bbyes\u00a0\u00bb video_loop=\u00a0\u00bbyes\u00a0\u00bb fade=\u00a0\u00bbno\u00a0\u00bb border_size=\u00a0\u00bb0px\u00a0\u00bb border_style=\u00a0\u00bbsolid\u00a0\u00bb padding_top=\u00a0\u00bb10&Prime; padding_bottom=\u00a0\u00bb0&Prime; hundred_percent=\u00a0\u00bbno\u00a0\u00bb equal_height_columns=\u00a0\u00bbno\u00a0\u00bb hide_on_mobile=\u00a0\u00bbno\u00a0\u00bb admin_toggled=\u00a0\u00bbno\u00a0\u00bb][fusion_builder_row][fusion_builder_column type=\u00a0\u00bb1_1&Prime; layout=\u00a0\u00bb1_1&Prime; background_position=\u00a0\u00bbleft top\u00a0\u00bb background_color=\u00a0\u00bb\u00a0\u00bb border_size=\u00a0\u00bb\u00a0\u00bb border_color=\u00a0\u00bb\u00a0\u00bb border_style=\u00a0\u00bbsolid\u00a0\u00bb spacing=\u00a0\u00bbyes\u00a0\u00bb background_image=\u00a0\u00bb\u00a0\u00bb background_repeat=\u00a0\u00bbno-repeat\u00a0\u00bb padding_top=\u00a0\u00bb\u00a0\u00bb padding_right=\u00a0\u00bb\u00a0\u00bb padding_bottom=\u00a0\u00bb\u00a0\u00bb padding_left=\u00a0\u00bb\u00a0\u00bb margin_top=\u00a0\u00bb0px\u00a0\u00bb margin_bottom=\u00a0\u00bb0px\u00a0\u00bb class=\u00a0\u00bb\u00a0\u00bb id=\u00a0\u00bb\u00a0\u00bb animation_type=\u00a0\u00bb\u00a0\u00bb animation_speed=\u00a0\u00bb0.3&Prime; animation_direction=\u00a0\u00bbleft\u00a0\u00bb hide_on_mobile=\u00a0\u00bbno\u00a0\u00bb center_content=\u00a0\u00bbno\u00a0\u00bb min_height=\u00a0\u00bbnone\u00a0\u00bb last=\u00a0\u00bbno\u00a0\u00bb hover_type=\u00a0\u00bbnone\u00a0\u00bb link=\u00a0\u00bb\u00a0\u00bb border_position=\u00a0\u00bball\u00a0\u00bb][fusion_title hide_on_mobile=\u00a0\u00bbsmall-visibility,medium-visibility,large-visibility\u00a0\u00bb size=\u00a0\u00bb3&Prime; content_align=\u00a0\u00bbleft\u00a0\u00bb style_type=\u00a0\u00bbnone\u00a0\u00bb] Inventaire linguistique [&hellip;]<\/p>\n","protected":false},"author":46,"featured_media":0,"parent":0,"menu_order":0,"comment_status":"closed","ping_status":"closed","template":"100-width.php","meta":{"footnotes":"","_links_to":"","_links_to_target":""},"class_list":["post-2742","page","type-page","status-publish","hentry"],"aioseo_notices":[],"_links":{"self":[{"href":"https:\/\/devs.openbaz.be\/bruxellesfle\/wp-json\/wp\/v2\/pages\/2742","targetHints":{"allow":["GET"]}}],"collection":[{"href":"https:\/\/devs.openbaz.be\/bruxellesfle\/wp-json\/wp\/v2\/pages"}],"about":[{"href":"https:\/\/devs.openbaz.be\/bruxellesfle\/wp-json\/wp\/v2\/types\/page"}],"author":[{"embeddable":true,"href":"https:\/\/devs.openbaz.be\/bruxellesfle\/wp-json\/wp\/v2\/users\/46"}],"replies":[{"embeddable":true,"href":"https:\/\/devs.openbaz.be\/bruxellesfle\/wp-json\/wp\/v2\/comments?post=2742"}],"version-history":[{"count":14,"href":"https:\/\/devs.openbaz.be\/bruxellesfle\/wp-json\/wp\/v2\/pages\/2742\/revisions"}],"predecessor-version":[{"id":9101,"href":"https:\/\/devs.openbaz.be\/bruxellesfle\/wp-json\/wp\/v2\/pages\/2742\/revisions\/9101"}],"wp:attachment":[{"href":"https:\/\/devs.openbaz.be\/bruxellesfle\/wp-json\/wp\/v2\/media?parent=2742"}],"curies":[{"name":"wp","href":"https:\/\/api.w.org\/{rel}","templated":true}]}}