{"id":13725,"date":"2026-02-11T17:35:07","date_gmt":"2026-02-11T16:35:07","guid":{"rendered":"https:\/\/devs.openbaz.be\/bruxellesfle\/?page_id=13725"},"modified":"2026-03-04T12:07:48","modified_gmt":"2026-03-04T11:07:48","slug":"rencontre-ouvrir-les-perspectives-des-jeunes-allophones-a-bruxelles","status":"publish","type":"page","link":"https:\/\/devs.openbaz.be\/bruxellesfle\/rencontre-ouvrir-les-perspectives-des-jeunes-allophones-a-bruxelles\/","title":{"rendered":"Rencontre : ouvrir les perspectives des jeunes allophones \u00e0 Bruxelles"},"content":{"rendered":"\t\t<div data-elementor-type=\"wp-page\" data-elementor-id=\"13725\" class=\"elementor elementor-13725\" data-elementor-post-type=\"page\">\n\t\t\t\t<div class=\"elementor-element elementor-element-3b25697c e-flex e-con-boxed e-con e-parent\" data-id=\"3b25697c\" data-element_type=\"container\" data-e-type=\"container\">\n\t\t\t\t\t<div class=\"e-con-inner\">\n\t\t\t\t<div class=\"elementor-element elementor-element-56fbe1e7 elementor-widget elementor-widget-image\" data-id=\"56fbe1e7\" data-element_type=\"widget\" data-e-type=\"widget\" data-widget_type=\"image.default\">\n\t\t\t\t<div class=\"elementor-widget-container\">\n\t\t\t\t\t\t\t\t\t\t\t\t\t\t\t<img fetchpriority=\"high\" decoding=\"async\" width=\"500\" height=\"250\" src=\"https:\/\/devs.openbaz.be\/bruxellesfle\/wp-content\/uploads\/2026\/02\/Miniature-event-jeunes-500px.jpg\" class=\"attachment-full size-full wp-image-13702\" alt=\"\" srcset=\"https:\/\/devs.openbaz.be\/bruxellesfle\/wp-content\/uploads\/2026\/02\/Miniature-event-jeunes-500px.jpg 500w, https:\/\/devs.openbaz.be\/bruxellesfle\/wp-content\/uploads\/2026\/02\/Miniature-event-jeunes-500px-300x150.jpg 300w\" sizes=\"(max-width: 500px) 100vw, 500px\" \/>\t\t\t\t\t\t\t\t\t\t\t\t\t\t\t<\/div>\n\t\t\t\t<\/div>\n\t\t\t\t\t<\/div>\n\t\t\t\t<\/div>\n\t\t<div class=\"elementor-element elementor-element-12ccc259 e-flex e-con-boxed e-con e-parent\" data-id=\"12ccc259\" data-element_type=\"container\" data-e-type=\"container\">\n\t\t\t\t\t<div class=\"e-con-inner\">\n\t\t<div class=\"elementor-element elementor-element-7adc2bf6 e-con-full e-flex e-con e-child\" data-id=\"7adc2bf6\" data-element_type=\"container\" data-e-type=\"container\" data-settings=\"{&quot;background_background&quot;:&quot;classic&quot;}\">\n\t\t\t\t<div class=\"elementor-element elementor-element-7c3cca77 elementor-widget elementor-widget-heading\" data-id=\"7c3cca77\" data-element_type=\"widget\" data-e-type=\"widget\" data-widget_type=\"heading.default\">\n\t\t\t\t<div class=\"elementor-widget-container\">\n\t\t\t\t\t<h2 class=\"elementor-heading-title elementor-size-default\">Qu'est-ce que c'est ? <\/h2>\t\t\t\t<\/div>\n\t\t\t\t<\/div>\n\t\t\t\t<div class=\"elementor-element elementor-element-795889c6 elementor-widget elementor-widget-text-editor\" data-id=\"795889c6\" data-element_type=\"widget\" data-e-type=\"widget\" data-widget_type=\"text-editor.default\">\n\t\t\t\t<div class=\"elementor-widget-container\">\n\t\t\t\t\t\t\t\t\t<p>Cet \u00e9v\u00e9nement propose de r\u00e9unir diff\u00e9rents acteurs de terrain et mettre en lumi\u00e8re des projets innovants qui favorisent l\u2019insertion sociale et professionnelle des jeunes allophones \u00e0 Bruxelles.<\/p>\t\t\t\t\t\t\t\t<\/div>\n\t\t\t\t<\/div>\n\t\t\t\t<\/div>\n\t\t\t\t\t<\/div>\n\t\t\t\t<\/div>\n\t\t<div class=\"elementor-element elementor-element-abb8121 e-flex e-con-boxed e-con e-parent\" data-id=\"abb8121\" data-element_type=\"container\" data-e-type=\"container\">\n\t\t\t\t\t<div class=\"e-con-inner\">\n\t\t\t\t<div class=\"elementor-element elementor-element-2f23f16b elementor-widget elementor-widget-text-editor\" data-id=\"2f23f16b\" data-element_type=\"widget\" data-e-type=\"widget\" data-widget_type=\"text-editor.default\">\n\t\t\t\t<div class=\"elementor-widget-container\">\n\t\t\t\t\t\t\t\t\t<div class=\"fusion-title title fusion-title-2 fusion-sep-none fusion-title-text fusion-title-size-six fusion-border-below-title\"><div id=\"729cd56697ad8b465\" class=\"panel-collapse collapse in\"><div class=\"panel-body toggle-content fusion-clearfix\"><div class=\"fusion-text\"><div id=\"6f4a6b5046b9aa448\" class=\"panel-collapse collapse in\"><div class=\"panel-body toggle-content fusion-clearfix\"><div class=\"fusion-text\">Le programme se d\u00e9cline en deux volets : deux pr\u00e9sentations d\u2019initiatives suivies d\u2019un salon organis\u00e9 autour des trois axes suivants : emploi, orientation et formation.<\/div><\/div><\/div><\/div><\/div><\/div><\/div>\t\t\t\t\t\t\t\t<\/div>\n\t\t\t\t<\/div>\n\t\t\t\t\t<\/div>\n\t\t\t\t<\/div>\n\t\t<div class=\"elementor-element elementor-element-6d9b0c0 e-flex e-con-boxed e-con e-parent\" data-id=\"6d9b0c0\" data-element_type=\"container\" data-e-type=\"container\">\n\t\t\t\t\t<div class=\"e-con-inner\">\n\t\t<div class=\"elementor-element elementor-element-cc51845 e-con-full e-flex e-con e-child\" data-id=\"cc51845\" data-element_type=\"container\" data-e-type=\"container\">\n\t\t\t\t<div class=\"elementor-element elementor-element-732d901 elementor-widget elementor-widget-image\" data-id=\"732d901\" data-element_type=\"widget\" data-e-type=\"widget\" data-widget_type=\"image.default\">\n\t\t\t\t<div class=\"elementor-widget-container\">\n\t\t\t\t\t\t\t\t\t\t\t\t\t\t\t<img decoding=\"async\" width=\"500\" height=\"333\" src=\"https:\/\/devs.openbaz.be\/bruxellesfle\/wp-content\/uploads\/2026\/03\/A7404651-500px.jpg\" class=\"attachment-large size-large wp-image-13767\" alt=\"\" srcset=\"https:\/\/devs.openbaz.be\/bruxellesfle\/wp-content\/uploads\/2026\/03\/A7404651-500px.jpg 500w, https:\/\/devs.openbaz.be\/bruxellesfle\/wp-content\/uploads\/2026\/03\/A7404651-500px-300x200.jpg 300w, https:\/\/devs.openbaz.be\/bruxellesfle\/wp-content\/uploads\/2026\/03\/A7404651-500px-391x260.jpg 391w\" sizes=\"(max-width: 500px) 100vw, 500px\" \/>\t\t\t\t\t\t\t\t\t\t\t\t\t\t\t<\/div>\n\t\t\t\t<\/div>\n\t\t\t\t<\/div>\n\t\t<div class=\"elementor-element elementor-element-670951d e-con-full e-flex e-con e-child\" data-id=\"670951d\" data-element_type=\"container\" data-e-type=\"container\">\n\t\t\t\t<div class=\"elementor-element elementor-element-e37c168 elementor-widget elementor-widget-image\" data-id=\"e37c168\" data-element_type=\"widget\" data-e-type=\"widget\" data-widget_type=\"image.default\">\n\t\t\t\t<div class=\"elementor-widget-container\">\n\t\t\t\t\t\t\t\t\t\t\t\t\t\t\t<img decoding=\"async\" width=\"333\" height=\"500\" src=\"https:\/\/devs.openbaz.be\/bruxellesfle\/wp-content\/uploads\/2026\/03\/A7404682-500px.jpg\" class=\"attachment-large size-large wp-image-13768\" alt=\"\" srcset=\"https:\/\/devs.openbaz.be\/bruxellesfle\/wp-content\/uploads\/2026\/03\/A7404682-500px.jpg 333w, https:\/\/devs.openbaz.be\/bruxellesfle\/wp-content\/uploads\/2026\/03\/A7404682-500px-200x300.jpg 200w\" sizes=\"(max-width: 333px) 100vw, 333px\" \/>\t\t\t\t\t\t\t\t\t\t\t\t\t\t\t<\/div>\n\t\t\t\t<\/div>\n\t\t\t\t<\/div>\n\t\t\t\t\t<\/div>\n\t\t\t\t<\/div>\n\t\t<div class=\"elementor-element elementor-element-3f301b40 e-flex e-con-boxed e-con e-parent\" data-id=\"3f301b40\" data-element_type=\"container\" data-e-type=\"container\" data-settings=\"{&quot;background_background&quot;:&quot;classic&quot;}\">\n\t\t\t\t\t<div class=\"e-con-inner\">\n\t\t\t\t<div class=\"elementor-element elementor-element-59f1eea3 elementor-widget elementor-widget-heading\" data-id=\"59f1eea3\" data-element_type=\"widget\" data-e-type=\"widget\" data-widget_type=\"heading.default\">\n\t\t\t\t<div class=\"elementor-widget-container\">\n\t\t\t\t\t<h2 class=\"elementor-heading-title elementor-size-default\">La conf\u00e9rence<\/h2>\t\t\t\t<\/div>\n\t\t\t\t<\/div>\n\t\t\t\t<div class=\"elementor-element elementor-element-e0c768b elementor-widget elementor-widget-text-editor\" data-id=\"e0c768b\" data-element_type=\"widget\" data-e-type=\"widget\" data-widget_type=\"text-editor.default\">\n\t\t\t\t<div class=\"elementor-widget-container\">\n\t\t\t\t\t\t\t\t\t<div class=\"fusion-title title fusion-title-2 fusion-sep-none fusion-title-text fusion-title-size-six fusion-border-below-title\"><div id=\"729cd56697ad8b465\" class=\"panel-collapse collapse in\"><div class=\"panel-body toggle-content fusion-clearfix\"><div class=\"fusion-text\"><div id=\"6f4a6b5046b9aa448\" class=\"panel-collapse collapse in\"><div class=\"panel-body toggle-content fusion-clearfix\"><div class=\"fusion-text\">D\u00e9couvrez deux initiatives qui visent \u00e0 fournir aux professionnels une compr\u00e9hension globale des ressources disponibles pour une prise en charge optimale de ce public cible.<\/div><\/div><\/div><\/div><\/div><\/div><\/div>\t\t\t\t\t\t\t\t<\/div>\n\t\t\t\t<\/div>\n\t\t<div class=\"elementor-element elementor-element-edd200a e-grid e-con-full e-con e-child\" data-id=\"edd200a\" data-element_type=\"container\" data-e-type=\"container\">\n\t\t\t\t<div class=\"elementor-element elementor-element-39b0275 elementor-position-top elementor-widget elementor-widget-image-box\" data-id=\"39b0275\" data-element_type=\"widget\" data-e-type=\"widget\" data-widget_type=\"image-box.default\">\n\t\t\t\t<div class=\"elementor-widget-container\">\n\t\t\t\t\t<div class=\"elementor-image-box-wrapper\"><figure class=\"elementor-image-box-img\"><img loading=\"lazy\" decoding=\"async\" width=\"200\" height=\"200\" src=\"https:\/\/devs.openbaz.be\/bruxellesfle\/wp-content\/uploads\/2026\/03\/miniature-eilo.png\" class=\"attachment-full size-full wp-image-13747\" alt=\"\" srcset=\"https:\/\/devs.openbaz.be\/bruxellesfle\/wp-content\/uploads\/2026\/03\/miniature-eilo.png 200w, https:\/\/devs.openbaz.be\/bruxellesfle\/wp-content\/uploads\/2026\/03\/miniature-eilo-150x150.png 150w\" sizes=\"(max-width: 200px) 100vw, 200px\" \/><\/figure><div class=\"elementor-image-box-content\"><p class=\"elementor-image-box-description\">Un dispositif de formation global bas\u00e9 sur l\u2019immersion (linguistique, professionnelle, culturelle, citoyenne) et l\u2019orientation, destin\u00e9 aux jeunes allophones du territoire bruxellois.  <\/p><\/div><\/div>\t\t\t\t<\/div>\n\t\t\t\t<\/div>\n\t\t\t\t<div class=\"elementor-element elementor-element-5223956 elementor-position-top elementor-widget elementor-widget-image-box\" data-id=\"5223956\" data-element_type=\"widget\" data-e-type=\"widget\" data-widget_type=\"image-box.default\">\n\t\t\t\t<div class=\"elementor-widget-container\">\n\t\t\t\t\t<div class=\"elementor-image-box-wrapper\"><figure class=\"elementor-image-box-img\"><img loading=\"lazy\" decoding=\"async\" width=\"200\" height=\"200\" src=\"https:\/\/devs.openbaz.be\/bruxellesfle\/wp-content\/uploads\/2020\/02\/logo-via-1.png\" class=\"attachment-full size-full wp-image-5568\" alt=\"\" srcset=\"https:\/\/devs.openbaz.be\/bruxellesfle\/wp-content\/uploads\/2020\/02\/logo-via-1.png 200w, https:\/\/devs.openbaz.be\/bruxellesfle\/wp-content\/uploads\/2020\/02\/logo-via-1-150x150.png 150w, https:\/\/devs.openbaz.be\/bruxellesfle\/wp-content\/uploads\/2020\/02\/logo-via-1-66x66.png 66w, https:\/\/devs.openbaz.be\/bruxellesfle\/wp-content\/uploads\/2020\/02\/logo-via-1-45x45.png 45w\" sizes=\"(max-width: 200px) 100vw, 200px\" \/><\/figure><div class=\"elementor-image-box-content\"><p class=\"elementor-image-box-description\"><b>PEPA<\/b> : un parcours emploi pour les personnes primo-arrivantes cr\u00e9\u00e9 pour outiller les primo-arrivants en termes de formation, d\u2019emploi et d\u2019auto-cr\u00e9ation.\n\n<b>Cellule b\u00e9n\u00e9volat<\/b> : faciliter l\u2019acc\u00e8s au b\u00e9n\u00e9volat pour le public primo-arrivant.<\/p><\/div><\/div>\t\t\t\t<\/div>\n\t\t\t\t<\/div>\n\t\t\t\t<\/div>\n\t\t\t\t\t<\/div>\n\t\t\t\t<\/div>\n\t\t<div class=\"elementor-element elementor-element-1af85b5e e-flex e-con-boxed e-con e-parent\" data-id=\"1af85b5e\" data-element_type=\"container\" data-e-type=\"container\" data-settings=\"{&quot;background_background&quot;:&quot;classic&quot;}\">\n\t\t\t\t\t<div class=\"e-con-inner\">\n\t\t\t\t<div class=\"elementor-element elementor-element-685bb4a elementor-widget elementor-widget-heading\" data-id=\"685bb4a\" data-element_type=\"widget\" data-e-type=\"widget\" data-widget_type=\"heading.default\">\n\t\t\t\t<div class=\"elementor-widget-container\">\n\t\t\t\t\t<h2 class=\"elementor-heading-title elementor-size-default\">Le salon<\/h2>\t\t\t\t<\/div>\n\t\t\t\t<\/div>\n\t\t\t\t<div class=\"elementor-element elementor-element-803bb75 elementor-widget elementor-widget-text-editor\" data-id=\"803bb75\" data-element_type=\"widget\" data-e-type=\"widget\" data-widget_type=\"text-editor.default\">\n\t\t\t\t<div class=\"elementor-widget-container\">\n\t\t\t\t\t\t\t\t\t<div class=\"fusion-title title fusion-title-2 fusion-sep-none fusion-title-text fusion-title-size-six fusion-border-below-title\"><div id=\"729cd56697ad8b465\" class=\"panel-collapse collapse in\"><div class=\"panel-body toggle-content fusion-clearfix\"><div class=\"fusion-text\"><div id=\"6f4a6b5046b9aa448\" class=\"panel-collapse collapse in\"><div class=\"panel-body toggle-content fusion-clearfix\"><div class=\"fusion-text\">Nouez des contacts avec les acteurs engag\u00e9s dans le soutien des jeunes allophones.<\/div><\/div><\/div><\/div><\/div><\/div><\/div>\t\t\t\t\t\t\t\t<\/div>\n\t\t\t\t<\/div>\n\t\t<div class=\"elementor-element elementor-element-0cc68e0 e-grid e-con-full e-con e-child\" data-id=\"0cc68e0\" data-element_type=\"container\" data-e-type=\"container\">\n\t\t\t\t<div class=\"elementor-element elementor-element-51e8544 elementor-position-top elementor-widget elementor-widget-image-box\" data-id=\"51e8544\" data-element_type=\"widget\" data-e-type=\"widget\" data-widget_type=\"image-box.default\">\n\t\t\t\t<div class=\"elementor-widget-container\">\n\t\t\t\t\t<div class=\"elementor-image-box-wrapper\"><figure class=\"elementor-image-box-img\"><a href=\"https:\/\/team4job.be\/\" tabindex=\"-1\"><img loading=\"lazy\" decoding=\"async\" width=\"200\" height=\"200\" src=\"https:\/\/devs.openbaz.be\/bruxellesfle\/wp-content\/uploads\/2026\/03\/miniature-team4job.png\" class=\"attachment-full size-full wp-image-13759\" alt=\"\" srcset=\"https:\/\/devs.openbaz.be\/bruxellesfle\/wp-content\/uploads\/2026\/03\/miniature-team4job.png 200w, https:\/\/devs.openbaz.be\/bruxellesfle\/wp-content\/uploads\/2026\/03\/miniature-team4job-150x150.png 150w\" sizes=\"(max-width: 200px) 100vw, 200px\" \/><\/a><\/figure><div class=\"elementor-image-box-content\"><p class=\"elementor-image-box-description\">Offre un programme de mentorat de 6 mois qui met en relation un chercheur d\u2019emploi (mentee) avec une personne professionnellement active (mentor) pour booster sa recherche d\u2019emploi.<\/p><\/div><\/div>\t\t\t\t<\/div>\n\t\t\t\t<\/div>\n\t\t\t\t<div class=\"elementor-element elementor-element-44902de elementor-position-top elementor-widget elementor-widget-image-box\" data-id=\"44902de\" data-element_type=\"widget\" data-e-type=\"widget\" data-widget_type=\"image-box.default\">\n\t\t\t\t<div class=\"elementor-widget-container\">\n\t\t\t\t\t<div class=\"elementor-image-box-wrapper\"><figure class=\"elementor-image-box-img\"><a href=\"https:\/\/maksvzw.org\/fr\/\" tabindex=\"-1\"><img loading=\"lazy\" decoding=\"async\" width=\"200\" height=\"200\" src=\"https:\/\/devs.openbaz.be\/bruxellesfle\/wp-content\/uploads\/2026\/03\/miniature-maks.png\" class=\"attachment-full size-full wp-image-13760\" alt=\"\" srcset=\"https:\/\/devs.openbaz.be\/bruxellesfle\/wp-content\/uploads\/2026\/03\/miniature-maks.png 200w, https:\/\/devs.openbaz.be\/bruxellesfle\/wp-content\/uploads\/2026\/03\/miniature-maks-150x150.png 150w\" sizes=\"(max-width: 200px) 100vw, 200px\" \/><\/a><\/figure><div class=\"elementor-image-box-content\"><p class=\"elementor-image-box-description\">Aide les Bruxellois \u2013 en particulier ceux de Cureghem et du Vieux-Molenbeek \u2013 \u00e0 partir \u00e0 la recherche de leurs talents et de leurs comp\u00e9tences.<\/p><\/div><\/div>\t\t\t\t<\/div>\n\t\t\t\t<\/div>\n\t\t\t\t<div class=\"elementor-element elementor-element-2f9b930 elementor-position-top elementor-widget elementor-widget-image-box\" data-id=\"2f9b930\" data-element_type=\"widget\" data-e-type=\"widget\" data-widget_type=\"image-box.default\">\n\t\t\t\t<div class=\"elementor-widget-container\">\n\t\t\t\t\t<div class=\"elementor-image-box-wrapper\"><figure class=\"elementor-image-box-img\"><a href=\"https:\/\/exaris.be\/fr\" tabindex=\"-1\"><img loading=\"lazy\" decoding=\"async\" width=\"200\" height=\"200\" src=\"https:\/\/devs.openbaz.be\/bruxellesfle\/wp-content\/uploads\/2026\/03\/miniature-exaris-interim.png\" class=\"attachment-full size-full wp-image-13761\" alt=\"\" srcset=\"https:\/\/devs.openbaz.be\/bruxellesfle\/wp-content\/uploads\/2026\/03\/miniature-exaris-interim.png 200w, https:\/\/devs.openbaz.be\/bruxellesfle\/wp-content\/uploads\/2026\/03\/miniature-exaris-interim-150x150.png 150w\" sizes=\"(max-width: 200px) 100vw, 200px\" \/><\/a><\/figure><div class=\"elementor-image-box-content\"><p class=\"elementor-image-box-description\">Exaris est une agence d\u2019int\u00e9rim social qui travaille avec les jeunes de 18 \u00e0 30 ans habitant Bruxelles et n\u2019ayant pas leur CESS.\nElle se diff\u00e9rencie de l\u2019int\u00e9rim classique par son action de jobcoaching.<\/p><\/div><\/div>\t\t\t\t<\/div>\n\t\t\t\t<\/div>\n\t\t\t\t<div class=\"elementor-element elementor-element-6f21d5c elementor-position-top elementor-widget elementor-widget-image-box\" data-id=\"6f21d5c\" data-element_type=\"widget\" data-e-type=\"widget\" data-widget_type=\"image-box.default\">\n\t\t\t\t<div class=\"elementor-widget-container\">\n\t\t\t\t\t<div class=\"elementor-image-box-wrapper\"><figure class=\"elementor-image-box-img\"><a href=\"https:\/\/www.mentorescale.be\/\" tabindex=\"-1\"><img loading=\"lazy\" decoding=\"async\" width=\"200\" height=\"200\" src=\"https:\/\/devs.openbaz.be\/bruxellesfle\/wp-content\/uploads\/2026\/03\/miniature-mentor-escale.png\" class=\"attachment-full size-full wp-image-13762\" alt=\"\" srcset=\"https:\/\/devs.openbaz.be\/bruxellesfle\/wp-content\/uploads\/2026\/03\/miniature-mentor-escale.png 200w, https:\/\/devs.openbaz.be\/bruxellesfle\/wp-content\/uploads\/2026\/03\/miniature-mentor-escale-150x150.png 150w\" sizes=\"(max-width: 200px) 100vw, 200px\" \/><\/a><\/figure><div class=\"elementor-image-box-content\"><p class=\"elementor-image-box-description\">Accompagne les (ex-)MENA (Mineurs \u00e9trangers non-accompagn\u00e9s) dans la transition vers l\u2019autonomie et la construction d\u2019un projet de vie.\n<\/p><\/div><\/div>\t\t\t\t<\/div>\n\t\t\t\t<\/div>\n\t\t\t\t<\/div>\n\t\t\t\t\t<\/div>\n\t\t\t\t<\/div>\n\t\t<div class=\"elementor-element elementor-element-21811d9f e-flex e-con-boxed e-con e-parent\" data-id=\"21811d9f\" data-element_type=\"container\" data-e-type=\"container\">\n\t\t\t\t\t<div class=\"e-con-inner\">\n\t\t<div class=\"elementor-element elementor-element-727c8ae6 e-con-full e-flex e-con e-child\" data-id=\"727c8ae6\" data-element_type=\"container\" data-e-type=\"container\">\n\t\t\t\t<\/div>\n\t\t<div class=\"elementor-element elementor-element-6f910fef e-con-full e-flex e-con e-child\" data-id=\"6f910fef\" data-element_type=\"container\" data-e-type=\"container\">\n\t\t\t\t<div class=\"elementor-element elementor-element-4f51a599 elementor-widget elementor-widget-image\" data-id=\"4f51a599\" data-element_type=\"widget\" data-e-type=\"widget\" data-widget_type=\"image.default\">\n\t\t\t\t<div class=\"elementor-widget-container\">\n\t\t\t\t\t\t\t\t\t\t\t\t\t\t\t<img loading=\"lazy\" decoding=\"async\" width=\"250\" height=\"146\" src=\"https:\/\/devs.openbaz.be\/bruxellesfle\/wp-content\/uploads\/2020\/10\/miniature-erasmus-e1605202650553.png\" class=\"attachment-large size-large wp-image-7791\" alt=\"\" \/>\t\t\t\t\t\t\t\t\t\t\t\t\t\t\t<\/div>\n\t\t\t\t<\/div>\n\t\t\t\t<div class=\"elementor-element elementor-element-1f22bd3 elementor-widget elementor-widget-text-editor\" data-id=\"1f22bd3\" data-element_type=\"widget\" data-e-type=\"widget\" data-widget_type=\"text-editor.default\">\n\t\t\t\t<div class=\"elementor-widget-container\">\n\t\t\t\t\t\t\t\t\t<p style=\"text-align: center;\">Ce projet est financ\u00e9 avec le soutien de la Commission europ\u00e9enne. Cette publication n\u2019engage que son auteur et la Commission n\u2019est pas responsable de l\u2019usage qui pourrait \u00eatre fait des informations qui y sont contenues.<\/p>\t\t\t\t\t\t\t\t<\/div>\n\t\t\t\t<\/div>\n\t\t\t\t<\/div>\n\t\t<div class=\"elementor-element elementor-element-2776ddd5 e-con-full e-flex e-con e-child\" data-id=\"2776ddd5\" data-element_type=\"container\" data-e-type=\"container\">\n\t\t\t\t<\/div>\n\t\t\t\t\t<\/div>\n\t\t\t\t<\/div>\n\t\t\t\t<\/div>\n\t\t","protected":false},"excerpt":{"rendered":"<p>Qu&rsquo;est-ce que c&rsquo;est ? Cet \u00e9v\u00e9nement propose de r\u00e9unir diff\u00e9rents acteurs de terrain et mettre en lumi\u00e8re des projets innovants qui favorisent l\u2019insertion sociale et professionnelle des jeunes allophones \u00e0 Bruxelles. Le programme se d\u00e9cline en deux volets : deux pr\u00e9sentations d\u2019initiatives suivies d\u2019un salon organis\u00e9 autour des trois axes suivants : emploi, orientation et [&hellip;]<\/p>\n","protected":false},"author":46,"featured_media":0,"parent":0,"menu_order":0,"comment_status":"closed","ping_status":"closed","template":"","meta":{"footnotes":"","_links_to":"","_links_to_target":""},"class_list":["post-13725","page","type-page","status-publish","hentry"],"aioseo_notices":[],"_links":{"self":[{"href":"https:\/\/devs.openbaz.be\/bruxellesfle\/wp-json\/wp\/v2\/pages\/13725","targetHints":{"allow":["GET"]}}],"collection":[{"href":"https:\/\/devs.openbaz.be\/bruxellesfle\/wp-json\/wp\/v2\/pages"}],"about":[{"href":"https:\/\/devs.openbaz.be\/bruxellesfle\/wp-json\/wp\/v2\/types\/page"}],"author":[{"embeddable":true,"href":"https:\/\/devs.openbaz.be\/bruxellesfle\/wp-json\/wp\/v2\/users\/46"}],"replies":[{"embeddable":true,"href":"https:\/\/devs.openbaz.be\/bruxellesfle\/wp-json\/wp\/v2\/comments?post=13725"}],"version-history":[{"count":14,"href":"https:\/\/devs.openbaz.be\/bruxellesfle\/wp-json\/wp\/v2\/pages\/13725\/revisions"}],"predecessor-version":[{"id":13771,"href":"https:\/\/devs.openbaz.be\/bruxellesfle\/wp-json\/wp\/v2\/pages\/13725\/revisions\/13771"}],"wp:attachment":[{"href":"https:\/\/devs.openbaz.be\/bruxellesfle\/wp-json\/wp\/v2\/media?parent=13725"}],"curies":[{"name":"wp","href":"https:\/\/api.w.org\/{rel}","templated":true}]}}