{"id":12492,"date":"2025-08-26T12:25:55","date_gmt":"2025-08-26T10:25:55","guid":{"rendered":"https:\/\/devs.openbaz.be\/bruxellesfle\/?page_id=12492"},"modified":"2025-09-23T11:53:00","modified_gmt":"2025-09-23T09:53:00","slug":"anl","status":"publish","type":"page","link":"https:\/\/devs.openbaz.be\/bruxellesfle\/anl\/","title":{"rendered":"ANL"},"content":{"rendered":"\t\t<div data-elementor-type=\"wp-page\" data-elementor-id=\"12492\" class=\"elementor elementor-12492\" data-elementor-post-type=\"page\">\n\t\t\t\t<div class=\"elementor-element elementor-element-59e6f40c e-flex e-con-boxed e-con e-parent\" data-id=\"59e6f40c\" data-element_type=\"container\" data-e-type=\"container\">\n\t\t\t\t\t<div class=\"e-con-inner\">\n\t\t\t\t<div class=\"elementor-element elementor-element-14af4952 elementor-widget elementor-widget-heading\" data-id=\"14af4952\" data-element_type=\"widget\" data-e-type=\"widget\" data-widget_type=\"heading.default\">\n\t\t\t\t<div class=\"elementor-widget-container\">\n\t\t\t\t\t<h2 class=\"elementor-heading-title elementor-size-default\">L'approche neurolinguistique (ANL)<\/h2>\t\t\t\t<\/div>\n\t\t\t\t<\/div>\n\t\t\t\t<div class=\"elementor-element elementor-element-3704a00b elementor-widget elementor-widget-heading\" data-id=\"3704a00b\" data-element_type=\"widget\" data-e-type=\"widget\" data-widget_type=\"heading.default\">\n\t\t\t\t<div class=\"elementor-widget-container\">\n\t\t\t\t\t<h2 class=\"elementor-heading-title elementor-size-default\">Une autre fa\u00e7on d\u2019apprendre le fran\u00e7ais<\/h2>\t\t\t\t<\/div>\n\t\t\t\t<\/div>\n\t\t\t\t<div class=\"elementor-element elementor-element-1729c7af elementor-widget elementor-widget-text-editor\" data-id=\"1729c7af\" data-element_type=\"widget\" data-e-type=\"widget\" data-widget_type=\"text-editor.default\">\n\t\t\t\t<div class=\"elementor-widget-container\">\n\t\t\t\t\t\t\t\t\t<p>L\u2019Approche Neurolinguistique (ANL), aussi appel\u00e9e <em data-start=\"268\" data-end=\"287\">fran\u00e7ais intensif<\/em> au Canada, est une m\u00e9thode d\u2019enseignement n\u00e9e dans les ann\u00e9es 1990 gr\u00e2ce aux recherches de Claude Germain et Joan Netten.<\/p><p><br data-start=\"409\" data-end=\"412\" \/>Son objectif : Apprendre le fran\u00e7ais \u00e0 travers des situations de communication authentiques tout en d\u00e9veloppant une grammaire implicite (et non pas \u00e0 travers une grammaire explicite).<\/p>\t\t\t\t\t\t\t\t<\/div>\n\t\t\t\t<\/div>\n\t\t\t\t\t<\/div>\n\t\t\t\t<\/div>\n\t\t<div class=\"elementor-element elementor-element-415746fe e-flex e-con-boxed e-con e-parent\" data-id=\"415746fe\" data-element_type=\"container\" data-e-type=\"container\">\n\t\t\t\t\t<div class=\"e-con-inner\">\n\t\t\t\t<div class=\"elementor-element elementor-element-9b25737 elementor-widget elementor-widget-heading\" data-id=\"9b25737\" data-element_type=\"widget\" data-e-type=\"widget\" data-widget_type=\"heading.default\">\n\t\t\t\t<div class=\"elementor-widget-container\">\n\t\t\t\t\t<h2 class=\"elementor-heading-title elementor-size-default\">Pourquoi cette approche ?<\/h2>\t\t\t\t<\/div>\n\t\t\t\t<\/div>\n\t\t\t\t<div class=\"elementor-element elementor-element-2117d0ce elementor-widget elementor-widget-text-editor\" data-id=\"2117d0ce\" data-element_type=\"widget\" data-e-type=\"widget\" data-widget_type=\"text-editor.default\">\n\t\t\t\t<div class=\"elementor-widget-container\">\n\t\t\t\t\t\t\t\t\t<div class=\"fusion-title title fusion-title-2 fusion-sep-none fusion-title-text fusion-title-size-six fusion-border-below-title\"><div id=\"729cd56697ad8b465\" class=\"panel-collapse collapse in\"><div class=\"panel-body toggle-content fusion-clearfix\"><div class=\"fusion-text\">Au Canada, les cours de fran\u00e7ais dits \u00ab de base \u00bb \u00e9taient souvent trop th\u00e9oriques : beaucoup d\u2019\u00e9l\u00e8ves connaissaient des r\u00e8gles, mais \u00e9prouvaient des difficult\u00e9s \u00e0 s&rsquo;exprimer spontan\u00e9ment.<br data-start=\"770\" data-end=\"773\" \/>L\u2019ANL a \u00e9t\u00e9 cr\u00e9\u00e9e pour r\u00e9pondre \u00e0 ce probl\u00e8me, en s\u2019inspirant des r\u00e9ussites de l\u2019immersion linguistique et en misant sur une p\u00e9dagogie ax\u00e9e sur l\u2019oral et l\u2019interaction.<\/div><\/div><\/div><\/div>\t\t\t\t\t\t\t\t<\/div>\n\t\t\t\t<\/div>\n\t\t\t\t<div class=\"elementor-element elementor-element-712d67a0 elementor-widget elementor-widget-text-editor\" data-id=\"712d67a0\" data-element_type=\"widget\" data-e-type=\"widget\" data-widget_type=\"text-editor.default\">\n\t\t\t\t<div class=\"elementor-widget-container\">\n\t\t\t\t\t\t\t\t\t<h3 data-start=\"945\" data-end=\"978\">Les principes cl\u00e9s de l\u2019ANL<\/h3><ol data-start=\"979\" data-end=\"1655\"><li data-start=\"979\" data-end=\"1098\"><p data-start=\"982\" data-end=\"1098\"><strong data-start=\"982\" data-end=\"1007\">Parler avant d\u2019\u00e9crire<\/strong> : on apprend d\u2019abord \u00e0 s\u2019exprimer \u00e0 l\u2019oral avant de passer \u00e0 la lecture et \u00e0 l\u2019\u00e9criture.<\/p><\/li><li data-start=\"1099\" data-end=\"1237\"><p data-start=\"1102\" data-end=\"1237\"><strong data-start=\"1102\" data-end=\"1133\">Des situations authentiques<\/strong> : les th\u00e8mes abord\u00e9s correspondent aux besoins r\u00e9els des apprenants, ce qui augmente leur motivation.<\/p><\/li><li data-start=\"1238\" data-end=\"1426\"><p data-start=\"1241\" data-end=\"1426\"><strong data-start=\"1241\" data-end=\"1269\">Un apprentissage naturel<\/strong> : on distingue la \u00ab grammaire interne \u00bb (\u00ab comp\u00e9tence implicite \u00bb qui se construit en pratiquant une langue, comme dans la langue maternelle) de la \u00ab\u00a0grammaire externe\u00a0\u00bb (\u00ab\u00a0savoir explicite\u00a0\u00bb). En ANL, la \u00ab grammaire interne \u00bb se d\u00e9veloppe avant la \u00ab grammaire externe \u00bb .<\/p><\/li><li data-start=\"1238\" data-end=\"1426\"><p data-start=\"1241\" data-end=\"1426\"><strong data-start=\"1430\" data-end=\"1456\">La p\u00e9dagogie de projet<\/strong> : l\u2019accent est mis sur le sens du message plut\u00f4t que sur la forme. L&rsquo;ANL va donc proposer des projets int\u00e9ressants et exigeants sur le plan linguistique et cognitif pour les apprenant<span data-huuid=\"10813465829667858018\">\u00b7<\/span>e<span data-huuid=\"10813465829667858018\">\u00b7s.<\/span><\/p><\/li><li data-start=\"1542\" data-end=\"1655\"><p data-start=\"1545\" data-end=\"1655\"><strong data-start=\"1545\" data-end=\"1570\">L\u2019interaction sociale<\/strong> : apprendre en \u00e9changeant avec les autres favorise la spontan\u00e9it\u00e9, la confiance ainsi que la motivation.<\/p><\/li><\/ol>\t\t\t\t\t\t\t\t<\/div>\n\t\t\t\t<\/div>\n\t\t\t\t<div class=\"elementor-element elementor-element-e4578a2 elementor-widget elementor-widget-heading\" data-id=\"e4578a2\" data-element_type=\"widget\" data-e-type=\"widget\" data-widget_type=\"heading.default\">\n\t\t\t\t<div class=\"elementor-widget-container\">\n\t\t\t\t\t<h2 class=\"elementor-heading-title elementor-size-default\">Pourquoi parle-t-on de p\u00e9dagogie neurolinguistique ?<\/h2>\t\t\t\t<\/div>\n\t\t\t\t<\/div>\n\t\t\t\t<div class=\"elementor-element elementor-element-1002ce8a elementor-widget elementor-widget-text-editor\" data-id=\"1002ce8a\" data-element_type=\"widget\" data-e-type=\"widget\" data-widget_type=\"text-editor.default\">\n\t\t\t\t<div class=\"elementor-widget-container\">\n\t\t\t\t\t\t\t\t\t<div class=\"fusion-title title fusion-title-2 fusion-sep-none fusion-title-text fusion-title-size-six fusion-border-below-title\"><div id=\"729cd56697ad8b465\" class=\"panel-collapse collapse in\"><div class=\"panel-body toggle-content fusion-clearfix\"><div class=\"fusion-text\"><div id=\"6f4a6b5046b9aa448\" class=\"panel-collapse collapse in\"><div class=\"panel-body toggle-content fusion-clearfix\"><div class=\"fusion-text\">Les cr\u00e9ateurs de l\u2019ANL ont voulu relier leurs pratiques d\u2019enseignement aux d\u00e9couvertes en sciences cognitives. Ses grands principes reposent donc largement sur les recherches en neurolinguistique et en apprentissage du langage.<\/div><\/div><\/div><\/div><\/div><\/div><\/div>\t\t\t\t\t\t\t\t<\/div>\n\t\t\t\t<\/div>\n\t\t\t\t\t<\/div>\n\t\t\t\t<\/div>\n\t\t<div class=\"elementor-element elementor-element-94d29ea e-flex e-con-boxed e-con e-parent\" data-id=\"94d29ea\" data-element_type=\"container\" data-e-type=\"container\">\n\t\t\t\t\t<div class=\"e-con-inner\">\n\t\t<div class=\"elementor-element elementor-element-7179e77 e-con-full e-flex e-con e-child\" data-id=\"7179e77\" data-element_type=\"container\" data-e-type=\"container\">\n\t\t\t\t<\/div>\n\t\t<div class=\"elementor-element elementor-element-26e9a35 e-con-full e-flex e-con e-child\" data-id=\"26e9a35\" data-element_type=\"container\" data-e-type=\"container\" data-settings=\"{&quot;background_background&quot;:&quot;classic&quot;}\">\n\t\t\t\t<div class=\"elementor-element elementor-element-48135553 elementor-widget elementor-widget-heading\" data-id=\"48135553\" data-element_type=\"widget\" data-e-type=\"widget\" data-widget_type=\"heading.default\">\n\t\t\t\t<div class=\"elementor-widget-container\">\n\t\t\t\t\t<h2 class=\"elementor-heading-title elementor-size-default\">Le contexte et la naissance du \u00ab fran\u00e7ais intensif \u00bb<\/h2>\t\t\t\t<\/div>\n\t\t\t\t<\/div>\n\t\t\t\t<div class=\"elementor-element elementor-element-40bbbb78 elementor-widget elementor-widget-text-editor\" data-id=\"40bbbb78\" data-element_type=\"widget\" data-e-type=\"widget\" data-widget_type=\"text-editor.default\">\n\t\t\t\t<div class=\"elementor-widget-container\">\n\t\t\t\t\t\t\t\t\t<div class=\"fusion-title title fusion-title-2 fusion-sep-none fusion-title-text fusion-title-size-six fusion-border-below-title\"><div id=\"729cd56697ad8b465\" class=\"panel-collapse collapse in\"><div class=\"panel-body toggle-content fusion-clearfix\"><div class=\"fusion-text\"><div id=\"6f4a6b5046b9aa448\" class=\"panel-collapse collapse in\"><div class=\"panel-body toggle-content fusion-clearfix\"><div class=\"fusion-text\"><p data-start=\"132\" data-end=\"648\">Au Canada, le <em data-start=\"146\" data-end=\"164\">fran\u00e7ais de base<\/em> (cours de courte dur\u00e9e et centr\u00e9s sur la grammaire) formait peu d\u2019\u00e9l\u00e8ves capables de s\u2019exprimer spontan\u00e9ment, contrairement au <em data-start=\"283\" data-end=\"305\">fran\u00e7ais d\u2019immersion<\/em>.<br data-start=\"306\" data-end=\"309\" \/>Pour rem\u00e9dier \u00e0 cela, des enseignants ont test\u00e9 \u00e0 la fin des ann\u00e9es 1990 un nouvel enseignement : plus de temps consacr\u00e9 au fran\u00e7ais et une p\u00e9dagogie ax\u00e9e sur l\u2019oral et l\u2019usage r\u00e9el de la langue.<br data-start=\"504\" data-end=\"507\" \/>Ces exp\u00e9rimentations ont donn\u00e9 naissance au <em data-start=\"551\" data-end=\"570\">fran\u00e7ais intensif<\/em>, rapidement adopt\u00e9 dans plusieurs provinces gr\u00e2ce \u00e0 ses r\u00e9sultats positifs.<\/p><\/div><\/div><\/div><\/div><\/div><\/div><\/div>\t\t\t\t\t\t\t\t<\/div>\n\t\t\t\t<\/div>\n\t\t\t\t<\/div>\n\t\t\t\t\t<\/div>\n\t\t\t\t<\/div>\n\t\t\t\t<\/div>\n\t\t","protected":false},"excerpt":{"rendered":"<p>L&rsquo;approche neurolinguistique (ANL) Une autre fa\u00e7on d\u2019apprendre le fran\u00e7ais L\u2019Approche Neurolinguistique (ANL), aussi appel\u00e9e fran\u00e7ais intensif au Canada, est une m\u00e9thode d\u2019enseignement n\u00e9e dans les ann\u00e9es 1990 gr\u00e2ce aux recherches de Claude Germain et Joan Netten. Son objectif : Apprendre le fran\u00e7ais \u00e0 travers des situations de communication authentiques tout en d\u00e9veloppant une grammaire implicite [&hellip;]<\/p>\n","protected":false},"author":46,"featured_media":0,"parent":0,"menu_order":0,"comment_status":"closed","ping_status":"closed","template":"","meta":{"footnotes":"","_links_to":"","_links_to_target":""},"class_list":["post-12492","page","type-page","status-publish","hentry"],"aioseo_notices":[],"_links":{"self":[{"href":"https:\/\/devs.openbaz.be\/bruxellesfle\/wp-json\/wp\/v2\/pages\/12492","targetHints":{"allow":["GET"]}}],"collection":[{"href":"https:\/\/devs.openbaz.be\/bruxellesfle\/wp-json\/wp\/v2\/pages"}],"about":[{"href":"https:\/\/devs.openbaz.be\/bruxellesfle\/wp-json\/wp\/v2\/types\/page"}],"author":[{"embeddable":true,"href":"https:\/\/devs.openbaz.be\/bruxellesfle\/wp-json\/wp\/v2\/users\/46"}],"replies":[{"embeddable":true,"href":"https:\/\/devs.openbaz.be\/bruxellesfle\/wp-json\/wp\/v2\/comments?post=12492"}],"version-history":[{"count":25,"href":"https:\/\/devs.openbaz.be\/bruxellesfle\/wp-json\/wp\/v2\/pages\/12492\/revisions"}],"predecessor-version":[{"id":12784,"href":"https:\/\/devs.openbaz.be\/bruxellesfle\/wp-json\/wp\/v2\/pages\/12492\/revisions\/12784"}],"wp:attachment":[{"href":"https:\/\/devs.openbaz.be\/bruxellesfle\/wp-json\/wp\/v2\/media?parent=12492"}],"curies":[{"name":"wp","href":"https:\/\/api.w.org\/{rel}","templated":true}]}}