{"id":12260,"date":"2025-08-12T13:06:34","date_gmt":"2025-08-12T11:06:34","guid":{"rendered":"https:\/\/devs.openbaz.be\/bruxellesfle\/?page_id=12260"},"modified":"2026-03-18T14:19:45","modified_gmt":"2026-03-18T13:19:45","slug":"offre-de-formation-de-formateurs","status":"publish","type":"page","link":"https:\/\/devs.openbaz.be\/bruxellesfle\/offre-de-formation-de-formateurs\/","title":{"rendered":"Offre de formation de formateurs"},"content":{"rendered":"\t\t<div data-elementor-type=\"wp-page\" data-elementor-id=\"12260\" class=\"elementor elementor-12260\" data-elementor-post-type=\"page\">\n\t\t\t\t<div class=\"elementor-element elementor-element-33dcc23b e-flex e-con-boxed e-con e-parent\" data-id=\"33dcc23b\" data-element_type=\"container\" data-e-type=\"container\">\n\t\t\t\t\t<div class=\"e-con-inner\">\n\t\t\t\t<div class=\"elementor-element elementor-element-fb61dd6 elementor-widget elementor-widget-heading\" data-id=\"fb61dd6\" data-element_type=\"widget\" data-e-type=\"widget\" data-widget_type=\"heading.default\">\n\t\t\t\t<div class=\"elementor-widget-container\">\n\t\t\t\t\t<h2 class=\"elementor-heading-title elementor-size-default\">L'offre de formation de formateurs<\/h2>\t\t\t\t<\/div>\n\t\t\t\t<\/div>\n\t\t\t\t<div class=\"elementor-element elementor-element-4ca3dd6b elementor-widget elementor-widget-text-editor\" data-id=\"4ca3dd6b\" data-element_type=\"widget\" data-e-type=\"widget\" data-widget_type=\"text-editor.default\">\n\t\t\t\t<div class=\"elementor-widget-container\">\n\t\t\t\t\t\t\t\t\t<div class=\"fusion-title title fusion-title-2 fusion-sep-none fusion-title-text fusion-title-size-six fusion-border-below-title\"><div class=\"fusion-title title fusion-title-4 fusion-sep-none fusion-title-text fusion-title-size-six fusion-border-below-title\"><p>Comment vous former \u00e0 l\u2019enseignement du FLE ? Via quelle fili\u00e8re et pour quels publics ?<\/p><p>Voici un aper\u00e7u des possibilit\u00e9s qui existent \u00e0 Bruxelles et dans le Brabant wallon.<\/p><\/div><\/div>\t\t\t\t\t\t\t\t<\/div>\n\t\t\t\t<\/div>\n\t\t\t\t\t<\/div>\n\t\t\t\t<\/div>\n\t\t<div class=\"elementor-element elementor-element-26b2b17 e-flex e-con-boxed e-con e-parent\" data-id=\"26b2b17\" data-element_type=\"container\" data-e-type=\"container\" data-settings=\"{&quot;background_background&quot;:&quot;classic&quot;}\">\n\t\t\t\t\t<div class=\"e-con-inner\">\n\t\t\t\t<div class=\"elementor-element elementor-element-3202f52 elementor-widget elementor-widget-heading\" data-id=\"3202f52\" data-element_type=\"widget\" data-e-type=\"widget\" data-widget_type=\"heading.default\">\n\t\t\t\t<div class=\"elementor-widget-container\">\n\t\t\t\t\t<h2 class=\"elementor-heading-title elementor-size-default\">Formations initiales<\/h2>\t\t\t\t<\/div>\n\t\t\t\t<\/div>\n\t\t\t\t\t<\/div>\n\t\t\t\t<\/div>\n\t\t<div class=\"elementor-element elementor-element-6eaf33a e-flex e-con-boxed e-con e-parent\" data-id=\"6eaf33a\" data-element_type=\"container\" data-e-type=\"container\" data-settings=\"{&quot;background_background&quot;:&quot;classic&quot;}\">\n\t\t\t\t\t<div class=\"e-con-inner\">\n\t\t<div class=\"elementor-element elementor-element-fbb6946 e-con-full e-flex e-con e-child\" data-id=\"fbb6946\" data-element_type=\"container\" data-e-type=\"container\">\n\t\t\t\t<div class=\"elementor-element elementor-element-4e9869b elementor-position-top elementor-widget elementor-widget-image-box\" data-id=\"4e9869b\" data-element_type=\"widget\" data-e-type=\"widget\" data-widget_type=\"image-box.default\">\n\t\t\t\t<div class=\"elementor-widget-container\">\n\t\t\t\t\t<div class=\"elementor-image-box-wrapper\"><figure class=\"elementor-image-box-img\"><a href=\"https:\/\/www.ulb.be\/fr\/programme\/ma-lfrle\" tabindex=\"-1\"><img fetchpriority=\"high\" decoding=\"async\" width=\"300\" height=\"200\" src=\"https:\/\/devs.openbaz.be\/bruxellesfle\/wp-content\/uploads\/2025\/08\/miniature-ulb-2.png\" class=\"attachment-full size-full wp-image-12288\" alt=\"\" \/><\/a><\/figure><div class=\"elementor-image-box-content\"><h3 class=\"elementor-image-box-title\"><a href=\"https:\/\/www.ulb.be\/fr\/programme\/ma-lfrle\">Master en langues et lettres fran\u00e7aises et romanes  \u2013 orientation fran\u00e7ais langue \u00e9trang\u00e8re<\/a><\/h3><p class=\"elementor-image-box-description\"><b>Pr\u00e9requis : <\/b>Bachelier ou Master ou Licence <br>\n\n<b>Dur\u00e9e : <\/b>1 ou 2 ans <br>\n<\/p><\/div><\/div>\t\t\t\t<\/div>\n\t\t\t\t<\/div>\n\t\t\t\t<\/div>\n\t\t<div class=\"elementor-element elementor-element-b9d58fd e-con-full e-flex e-con e-child\" data-id=\"b9d58fd\" data-element_type=\"container\" data-e-type=\"container\">\n\t\t\t\t<div class=\"elementor-element elementor-element-740f863 elementor-position-top elementor-widget elementor-widget-image-box\" data-id=\"740f863\" data-element_type=\"widget\" data-e-type=\"widget\" data-widget_type=\"image-box.default\">\n\t\t\t\t<div class=\"elementor-widget-container\">\n\t\t\t\t\t<div class=\"elementor-image-box-wrapper\"><figure class=\"elementor-image-box-img\"><a href=\"https:\/\/sites.uclouvain.be\/archives-portail\/ppe2020\/prog-2020-fle2m\" tabindex=\"-1\"><img decoding=\"async\" width=\"300\" height=\"200\" src=\"https:\/\/devs.openbaz.be\/bruxellesfle\/wp-content\/uploads\/2025\/08\/miniature-ucl.png\" class=\"attachment-full size-full wp-image-12289\" alt=\"\" \/><\/a><\/figure><div class=\"elementor-image-box-content\"><h3 class=\"elementor-image-box-title\"><a href=\"https:\/\/sites.uclouvain.be\/archives-portail\/ppe2020\/prog-2020-fle2m\">Master en langues \u2013 orientation fran\u00e7ais langue \u00e9trang\u00e8re<\/a><\/h3><p class=\"elementor-image-box-description\"><b>Pr\u00e9requis : <\/b>Bachelier <br>\n\n<b>Dur\u00e9e : <\/b>1 ou 2 ans <br>\n<\/p><\/div><\/div>\t\t\t\t<\/div>\n\t\t\t\t<\/div>\n\t\t\t\t<\/div>\n\t\t<div class=\"elementor-element elementor-element-051e98a e-con-full e-flex e-con e-child\" data-id=\"051e98a\" data-element_type=\"container\" data-e-type=\"container\">\n\t\t\t\t<div class=\"elementor-element elementor-element-621f5c7 elementor-position-top elementor-widget elementor-widget-image-box\" data-id=\"621f5c7\" data-element_type=\"widget\" data-e-type=\"widget\" data-widget_type=\"image-box.default\">\n\t\t\t\t<div class=\"elementor-widget-container\">\n\t\t\t\t\t<div class=\"elementor-image-box-wrapper\"><figure class=\"elementor-image-box-img\"><a href=\"https:\/\/he2b.be\/formations\/enseignant-en-francais-et-francais-langue-etrangere\/\" tabindex=\"-1\"><img decoding=\"async\" width=\"300\" height=\"200\" src=\"https:\/\/devs.openbaz.be\/bruxellesfle\/wp-content\/uploads\/2025\/08\/miniature-he2b-2-1.png\" class=\"attachment-full size-full wp-image-12291\" alt=\"\" \/><\/a><\/figure><div class=\"elementor-image-box-content\"><h3 class=\"elementor-image-box-title\"><a href=\"https:\/\/he2b.be\/formations\/enseignant-en-francais-et-francais-langue-etrangere\/\">Bachelier Fran\u00e7ais et Fran\u00e7ais Langue Etrang\u00e8re<\/a><\/h3><p class=\"elementor-image-box-description\"><b>Pr\u00e9requis : <\/b>CESS <br>\n<b>Dur\u00e9e : <\/b>3 ans <br>\n<\/p><\/div><\/div>\t\t\t\t<\/div>\n\t\t\t\t<\/div>\n\t\t\t\t<\/div>\n\t\t<div class=\"elementor-element elementor-element-3b9026e e-con-full e-flex e-con e-child\" data-id=\"3b9026e\" data-element_type=\"container\" data-e-type=\"container\">\n\t\t\t\t<div class=\"elementor-element elementor-element-a94747a elementor-position-top elementor-widget elementor-widget-image-box\" data-id=\"a94747a\" data-element_type=\"widget\" data-e-type=\"widget\" data-widget_type=\"image-box.default\">\n\t\t\t\t<div class=\"elementor-widget-container\">\n\t\t\t\t\t<div class=\"elementor-image-box-wrapper\"><figure class=\"elementor-image-box-img\"><a href=\"https:\/\/he2b.be\/formations\/enseignant-en-francais-et-francais-langue-etrangere\/\" tabindex=\"-1\"><img loading=\"lazy\" decoding=\"async\" width=\"300\" height=\"200\" src=\"https:\/\/devs.openbaz.be\/bruxellesfle\/wp-content\/uploads\/2025\/08\/miniature-leonard-de-vinci-2.png\" class=\"attachment-full size-full wp-image-12293\" alt=\"\" \/><\/a><\/figure><div class=\"elementor-image-box-content\"><h3 class=\"elementor-image-box-title\"><a href=\"https:\/\/he2b.be\/formations\/enseignant-en-francais-et-francais-langue-etrangere\/\">Bachelier Fran\u00e7ais et Fran\u00e7ais Langue Etrang\u00e8re<\/a><\/h3><p class=\"elementor-image-box-description\"><b>Pr\u00e9requis : <\/b>CESS <br>\n<b>Dur\u00e9e : <\/b>3 ans <br>\n<\/p><\/div><\/div>\t\t\t\t<\/div>\n\t\t\t\t<\/div>\n\t\t\t\t<\/div>\n\t\t<div class=\"elementor-element elementor-element-cc497cb e-con-full e-flex e-con e-child\" data-id=\"cc497cb\" data-element_type=\"container\" data-e-type=\"container\">\n\t\t\t\t<div class=\"elementor-element elementor-element-d8f4a30 elementor-position-top elementor-widget elementor-widget-image-box\" data-id=\"d8f4a30\" data-element_type=\"widget\" data-e-type=\"widget\" data-widget_type=\"image-box.default\">\n\t\t\t\t<div class=\"elementor-widget-container\">\n\t\t\t\t\t<div class=\"elementor-image-box-wrapper\"><figure class=\"elementor-image-box-img\"><a href=\"https:\/\/he2b.be\/formations\/enseignant-en-francais-et-francais-langue-etrangere\/\" tabindex=\"-1\"><img loading=\"lazy\" decoding=\"async\" width=\"300\" height=\"200\" src=\"https:\/\/devs.openbaz.be\/bruxellesfle\/wp-content\/uploads\/2025\/08\/miniature-ephec.png\" class=\"attachment-full size-full wp-image-12298\" alt=\"\" \/><\/a><\/figure><div class=\"elementor-image-box-content\"><h3 class=\"elementor-image-box-title\"><a href=\"https:\/\/he2b.be\/formations\/enseignant-en-francais-et-francais-langue-etrangere\/\">Bachelier Fran\u00e7ais et Fran\u00e7ais Langue Etrang\u00e8re<\/a><\/h3><p class=\"elementor-image-box-description\"><b>Pr\u00e9requis : <\/b>CESS <br>\n<b>Dur\u00e9e : <\/b>3 ans <br>\n<\/p><\/div><\/div>\t\t\t\t<\/div>\n\t\t\t\t<\/div>\n\t\t\t\t<\/div>\n\t\t<div class=\"elementor-element elementor-element-091ac20 e-con-full e-flex e-con e-child\" data-id=\"091ac20\" data-element_type=\"container\" data-e-type=\"container\">\n\t\t\t\t<\/div>\n\t\t\t\t\t<\/div>\n\t\t\t\t<\/div>\n\t\t<div class=\"elementor-element elementor-element-6eead4f e-flex e-con-boxed e-con e-parent\" data-id=\"6eead4f\" data-element_type=\"container\" data-e-type=\"container\">\n\t\t\t\t\t<div class=\"e-con-inner\">\n\t\t\t\t<div class=\"elementor-element elementor-element-96ecf28 elementor-widget elementor-widget-heading\" data-id=\"96ecf28\" data-element_type=\"widget\" data-e-type=\"widget\" data-widget_type=\"heading.default\">\n\t\t\t\t<div class=\"elementor-widget-container\">\n\t\t\t\t\t<h2 class=\"elementor-heading-title elementor-size-default\">Formations continues<\/h2>\t\t\t\t<\/div>\n\t\t\t\t<\/div>\n\t\t\t\t\t<\/div>\n\t\t\t\t<\/div>\n\t\t<div class=\"elementor-element elementor-element-1fd4306 e-flex e-con-boxed e-con e-parent\" data-id=\"1fd4306\" data-element_type=\"container\" data-e-type=\"container\" data-settings=\"{&quot;background_background&quot;:&quot;classic&quot;}\">\n\t\t\t\t\t<div class=\"e-con-inner\">\n\t\t<div class=\"elementor-element elementor-element-53270c2 e-con-full e-flex e-con e-child\" data-id=\"53270c2\" data-element_type=\"container\" data-e-type=\"container\">\n\t\t\t\t<div class=\"elementor-element elementor-element-65ef606 elementor-position-top elementor-widget elementor-widget-image-box\" data-id=\"65ef606\" data-element_type=\"widget\" data-e-type=\"widget\" data-widget_type=\"image-box.default\">\n\t\t\t\t<div class=\"elementor-widget-container\">\n\t\t\t\t\t<div class=\"elementor-image-box-wrapper\"><figure class=\"elementor-image-box-img\"><a href=\"https:\/\/uclouvain.be\/prog-2025-difl2fc\" tabindex=\"-1\"><img decoding=\"async\" width=\"300\" height=\"200\" src=\"https:\/\/devs.openbaz.be\/bruxellesfle\/wp-content\/uploads\/2025\/08\/miniature-ucl.png\" class=\"attachment-full size-full wp-image-12289\" alt=\"\" \/><\/a><\/figure><div class=\"elementor-image-box-content\"><h3 class=\"elementor-image-box-title\"><a href=\"https:\/\/uclouvain.be\/prog-2025-difl2fc\">Certificat d\u2019universit\u00e9 en didactique du FLE<\/a><\/h3><p class=\"elementor-image-box-description\"><b>Pr\u00e9requis : <\/b>Dipl\u00f4me en sciences humaines ou VAE <br>\n<b>Dur\u00e9e : <\/b>16 mois <br>\n<\/p><\/div><\/div>\t\t\t\t<\/div>\n\t\t\t\t<\/div>\n\t\t\t\t<\/div>\n\t\t<div class=\"elementor-element elementor-element-fe43296 e-con-full e-flex e-con e-child\" data-id=\"fe43296\" data-element_type=\"container\" data-e-type=\"container\">\n\t\t\t\t<div class=\"elementor-element elementor-element-65068f1 elementor-position-top elementor-widget elementor-widget-image-box\" data-id=\"65068f1\" data-element_type=\"widget\" data-e-type=\"widget\" data-widget_type=\"image-box.default\">\n\t\t\t\t<div class=\"elementor-widget-container\">\n\t\t\t\t\t<div class=\"elementor-image-box-wrapper\"><figure class=\"elementor-image-box-img\"><a href=\"https:\/\/www.alliancefr.org\/toutsavoirsurledaefle#daefle\" tabindex=\"-1\"><img loading=\"lazy\" decoding=\"async\" width=\"300\" height=\"200\" src=\"https:\/\/devs.openbaz.be\/bruxellesfle\/wp-content\/uploads\/2025\/08\/miniature-alliance-francaise.png\" class=\"attachment-full size-full wp-image-12314\" alt=\"\" \/><\/a><\/figure><div class=\"elementor-image-box-content\"><h3 class=\"elementor-image-box-title\"><a href=\"https:\/\/www.alliancefr.org\/toutsavoirsurledaefle#daefle\">DAEFLE *<\/a><\/h3><p class=\"elementor-image-box-description\"><b>Pr\u00e9requis : <\/b>CESS<br>\n\n<b>Dur\u00e9e : <\/b>11 mois <br>\n<\/p><\/div><\/div>\t\t\t\t<\/div>\n\t\t\t\t<\/div>\n\t\t\t\t<\/div>\n\t\t<div class=\"elementor-element elementor-element-de560e8 e-con-full e-flex e-con e-child\" data-id=\"de560e8\" data-element_type=\"container\" data-e-type=\"container\">\n\t\t\t\t<\/div>\n\t\t\t\t\t<\/div>\n\t\t\t\t<\/div>\n\t\t<div class=\"elementor-element elementor-element-9c90da3 e-flex e-con-boxed e-con e-parent\" data-id=\"9c90da3\" data-element_type=\"container\" data-e-type=\"container\">\n\t\t\t\t\t<div class=\"e-con-inner\">\n\t\t\t\t<div class=\"elementor-element elementor-element-121c9e1 elementor-widget elementor-widget-text-editor\" data-id=\"121c9e1\" data-element_type=\"widget\" data-e-type=\"widget\" data-widget_type=\"text-editor.default\">\n\t\t\t\t<div class=\"elementor-widget-container\">\n\t\t\t\t\t\t\t\t\t<p><em>* D\u2019autres formations \u00e0 distance, fran\u00e7aises notamment, ne sont pas reprises dans le tableau.<\/em><\/p>\t\t\t\t\t\t\t\t<\/div>\n\t\t\t\t<\/div>\n\t\t\t\t\t<\/div>\n\t\t\t\t<\/div>\n\t\t<div class=\"elementor-element elementor-element-06c79bf e-flex e-con-boxed e-con e-parent\" data-id=\"06c79bf\" data-element_type=\"container\" data-e-type=\"container\" data-settings=\"{&quot;background_background&quot;:&quot;classic&quot;}\">\n\t\t\t\t\t<div class=\"e-con-inner\">\n\t\t\t\t<div class=\"elementor-element elementor-element-d848d41 elementor-widget elementor-widget-heading\" data-id=\"d848d41\" data-element_type=\"widget\" data-e-type=\"widget\" data-widget_type=\"heading.default\">\n\t\t\t\t<div class=\"elementor-widget-container\">\n\t\t\t\t\t<h2 class=\"elementor-heading-title elementor-size-default\">Formations ponctuelles<\/h2>\t\t\t\t<\/div>\n\t\t\t\t<\/div>\n\t\t\t\t\t<\/div>\n\t\t\t\t<\/div>\n\t\t<div class=\"elementor-element elementor-element-f68ead1 e-flex e-con-boxed e-con e-parent\" data-id=\"f68ead1\" data-element_type=\"container\" data-e-type=\"container\" data-settings=\"{&quot;background_background&quot;:&quot;classic&quot;}\">\n\t\t\t\t\t<div class=\"e-con-inner\">\n\t\t<div class=\"elementor-element elementor-element-cdd87c8 e-con-full e-flex e-con e-child\" data-id=\"cdd87c8\" data-element_type=\"container\" data-e-type=\"container\">\n\t\t\t\t<div class=\"elementor-element elementor-element-6a0cd05 elementor-position-top elementor-widget elementor-widget-image-box\" data-id=\"6a0cd05\" data-element_type=\"widget\" data-e-type=\"widget\" data-widget_type=\"image-box.default\">\n\t\t\t\t<div class=\"elementor-widget-container\">\n\t\t\t\t\t<div class=\"elementor-image-box-wrapper\"><figure class=\"elementor-image-box-img\"><a href=\"https:\/\/uclouvain.be\/prog-2025-difl2fc\" tabindex=\"-1\"><img decoding=\"async\" width=\"300\" height=\"200\" src=\"https:\/\/devs.openbaz.be\/bruxellesfle\/wp-content\/uploads\/2025\/08\/miniature-ucl.png\" class=\"attachment-full size-full wp-image-12289\" alt=\"\" \/><\/a><\/figure><div class=\"elementor-image-box-content\"><h3 class=\"elementor-image-box-title\"><a href=\"https:\/\/uclouvain.be\/prog-2025-difl2fc\">Stage international d\u2019\u00e9t\u00e9<\/a><\/h3><p class=\"elementor-image-box-description\"><b>Dur\u00e9e : <\/b>3 semaines <br>\n<\/p><\/div><\/div>\t\t\t\t<\/div>\n\t\t\t\t<\/div>\n\t\t\t\t<\/div>\n\t\t<div class=\"elementor-element elementor-element-e9788ab e-con-full e-flex e-con e-child\" data-id=\"e9788ab\" data-element_type=\"container\" data-e-type=\"container\">\n\t\t\t\t<div class=\"elementor-element elementor-element-b3a507b elementor-position-top elementor-widget elementor-widget-image-box\" data-id=\"b3a507b\" data-element_type=\"widget\" data-e-type=\"widget\" data-widget_type=\"image-box.default\">\n\t\t\t\t<div class=\"elementor-widget-container\">\n\t\t\t\t\t<div class=\"elementor-image-box-wrapper\"><figure class=\"elementor-image-box-img\"><a href=\"https:\/\/www.alliancefr.org\/toutsavoirsurledaefle#daefle\" tabindex=\"-1\"><img loading=\"lazy\" decoding=\"async\" width=\"300\" height=\"200\" src=\"https:\/\/devs.openbaz.be\/bruxellesfle\/wp-content\/uploads\/2025\/08\/miniature-maison-francite.png\" class=\"attachment-full size-full wp-image-12315\" alt=\"\" \/><\/a><\/figure><div class=\"elementor-image-box-content\"><h3 class=\"elementor-image-box-title\"><a href=\"https:\/\/www.alliancefr.org\/toutsavoirsurledaefle#daefle\">Jeux de langage en FLE<\/a><\/h3><p class=\"elementor-image-box-description\"><b>Dur\u00e9e : <\/b>3h (ponctuelle)<br>\n<\/p><\/div><\/div>\t\t\t\t<\/div>\n\t\t\t\t<\/div>\n\t\t\t\t<\/div>\n\t\t<div class=\"elementor-element elementor-element-94ab65f e-con-full e-flex e-con e-child\" data-id=\"94ab65f\" data-element_type=\"container\" data-e-type=\"container\">\n\t\t\t\t<div class=\"elementor-element elementor-element-5b607ed elementor-position-top elementor-widget elementor-widget-image-box\" data-id=\"5b607ed\" data-element_type=\"widget\" data-e-type=\"widget\" data-widget_type=\"image-box.default\">\n\t\t\t\t<div class=\"elementor-widget-container\">\n\t\t\t\t\t<div class=\"elementor-image-box-wrapper\"><figure class=\"elementor-image-box-img\"><a href=\"https:\/\/devs.openbaz.be\/bruxellesfle\/calendrier-de-nos-formations\/\" tabindex=\"-1\"><img loading=\"lazy\" decoding=\"async\" width=\"300\" height=\"200\" src=\"https:\/\/devs.openbaz.be\/bruxellesfle\/wp-content\/uploads\/2025\/08\/miniature-bxl-fle-3.png\" class=\"attachment-full size-full wp-image-12316\" alt=\"\" \/><\/a><\/figure><div class=\"elementor-image-box-content\"><h3 class=\"elementor-image-box-title\"><a href=\"https:\/\/devs.openbaz.be\/bruxellesfle\/calendrier-de-nos-formations\/\">Ateliers et rencontres<\/a><\/h3><p class=\"elementor-image-box-description\">\n\n<\/p><\/div><\/div>\t\t\t\t<\/div>\n\t\t\t\t<\/div>\n\t\t\t\t<\/div>\n\t\t\t\t\t<\/div>\n\t\t\t\t<\/div>\n\t\t<div class=\"elementor-element elementor-element-cb02be4 e-flex e-con-boxed e-con e-parent\" data-id=\"cb02be4\" data-element_type=\"container\" data-e-type=\"container\">\n\t\t\t\t\t<div class=\"e-con-inner\">\n\t\t\t\t<div class=\"elementor-element elementor-element-25f43bd elementor-widget elementor-widget-heading\" data-id=\"25f43bd\" data-element_type=\"widget\" data-e-type=\"widget\" data-widget_type=\"heading.default\">\n\t\t\t\t<div class=\"elementor-widget-container\">\n\t\t\t\t\t<h2 class=\"elementor-heading-title elementor-size-default\">Formations en ligne<\/h2>\t\t\t\t<\/div>\n\t\t\t\t<\/div>\n\t\t\t\t\t<\/div>\n\t\t\t\t<\/div>\n\t\t<div class=\"elementor-element elementor-element-271829c e-flex e-con-boxed e-con e-parent\" data-id=\"271829c\" data-element_type=\"container\" data-e-type=\"container\" data-settings=\"{&quot;background_background&quot;:&quot;classic&quot;}\">\n\t\t\t\t\t<div class=\"e-con-inner\">\n\t\t<div class=\"elementor-element elementor-element-6185f03 e-con-full e-flex e-con e-child\" data-id=\"6185f03\" data-element_type=\"container\" data-e-type=\"container\">\n\t\t\t\t<div class=\"elementor-element elementor-element-16a36fb elementor-position-top elementor-widget elementor-widget-image-box\" data-id=\"16a36fb\" data-element_type=\"widget\" data-e-type=\"widget\" data-widget_type=\"image-box.default\">\n\t\t\t\t<div class=\"elementor-widget-container\">\n\t\t\t\t\t<div class=\"elementor-image-box-wrapper\"><figure class=\"elementor-image-box-img\"><a href=\"https:\/\/www.fun-mooc.fr\/fr\/cours\/moi-prof-de-fle\/\" tabindex=\"-1\"><img loading=\"lazy\" decoding=\"async\" width=\"300\" height=\"200\" src=\"https:\/\/devs.openbaz.be\/bruxellesfle\/wp-content\/uploads\/2025\/08\/miniature-liege-universite-3.png\" class=\"attachment-full size-full wp-image-12321\" alt=\"\" \/><\/a><\/figure><div class=\"elementor-image-box-content\"><h3 class=\"elementor-image-box-title\"><a href=\"https:\/\/www.fun-mooc.fr\/fr\/cours\/moi-prof-de-fle\/\">MOOC <br>\"Moi, prof de FLE\"<\/a><\/h3><p class=\"elementor-image-box-description\"><b>Dur\u00e9e : <\/b>7 semaines <br>\n<\/p><\/div><\/div>\t\t\t\t<\/div>\n\t\t\t\t<\/div>\n\t\t\t\t<\/div>\n\t\t<div class=\"elementor-element elementor-element-d3432d7 e-con-full e-flex e-con e-child\" data-id=\"d3432d7\" data-element_type=\"container\" data-e-type=\"container\">\n\t\t\t\t<div class=\"elementor-element elementor-element-9f0b1d2 elementor-position-top elementor-widget elementor-widget-image-box\" data-id=\"9f0b1d2\" data-element_type=\"widget\" data-e-type=\"widget\" data-widget_type=\"image-box.default\">\n\t\t\t\t<div class=\"elementor-widget-container\">\n\t\t\t\t\t<div class=\"elementor-image-box-wrapper\"><figure class=\"elementor-image-box-img\"><a href=\"https:\/\/mooc.cavilam.com\/courses\/course-v1:CAVILAM+CAV-001+23\/about\" tabindex=\"-1\"><img loading=\"lazy\" decoding=\"async\" width=\"300\" height=\"200\" src=\"https:\/\/devs.openbaz.be\/bruxellesfle\/wp-content\/uploads\/2025\/08\/miniature-cavilam.png\" class=\"attachment-full size-full wp-image-12322\" alt=\"\" \/><\/a><\/figure><div class=\"elementor-image-box-content\"><h3 class=\"elementor-image-box-title\"><a href=\"https:\/\/mooc.cavilam.com\/courses\/course-v1:CAVILAM+CAV-001+23\/about\">MOOC <br>Enseigner le FLE aujourd\u2019hui<\/a><\/h3><p class=\"elementor-image-box-description\"><b>Dur\u00e9e : <\/b>12 \u00e0 20h<br>\n<\/p><\/div><\/div>\t\t\t\t<\/div>\n\t\t\t\t<\/div>\n\t\t\t\t<\/div>\n\t\t<div class=\"elementor-element elementor-element-90cf0d4 e-con-full e-flex e-con e-child\" data-id=\"90cf0d4\" data-element_type=\"container\" data-e-type=\"container\">\n\t\t\t\t<\/div>\n\t\t\t\t\t<\/div>\n\t\t\t\t<\/div>\n\t\t<div class=\"elementor-element elementor-element-04d787b e-flex e-con-boxed e-con e-parent\" data-id=\"04d787b\" data-element_type=\"container\" data-e-type=\"container\">\n\t\t\t\t\t<div class=\"e-con-inner\">\n\t\t\t\t<div class=\"elementor-element elementor-element-1330df9 elementor-widget elementor-widget-text-editor\" data-id=\"1330df9\" data-element_type=\"widget\" data-e-type=\"widget\" data-widget_type=\"text-editor.default\">\n\t\t\t\t<div class=\"elementor-widget-container\">\n\t\t\t\t\t\t\t\t\t<p><em>Nous vous invitons \u00e0 visiter les pages internet des formations cit\u00e9es pour plus d&rsquo;informations.\u00a0<\/em><\/p>\t\t\t\t\t\t\t\t<\/div>\n\t\t\t\t<\/div>\n\t\t\t\t\t<\/div>\n\t\t\t\t<\/div>\n\t\t\t\t<\/div>\n\t\t","protected":false},"excerpt":{"rendered":"<p>L&rsquo;offre de formation de formateurs Comment vous former \u00e0 l\u2019enseignement du FLE ? Via quelle fili\u00e8re et pour quels publics ? Voici un aper\u00e7u des possibilit\u00e9s qui existent \u00e0 Bruxelles et dans le Brabant wallon. Formations initiales Master en langues et lettres fran\u00e7aises et romanes \u2013 orientation fran\u00e7ais langue \u00e9trang\u00e8re Pr\u00e9requis : Bachelier ou Master [&hellip;]<\/p>\n","protected":false},"author":46,"featured_media":0,"parent":0,"menu_order":0,"comment_status":"closed","ping_status":"closed","template":"","meta":{"footnotes":"","_links_to":"","_links_to_target":""},"class_list":["post-12260","page","type-page","status-publish","hentry"],"aioseo_notices":[],"_links":{"self":[{"href":"https:\/\/devs.openbaz.be\/bruxellesfle\/wp-json\/wp\/v2\/pages\/12260","targetHints":{"allow":["GET"]}}],"collection":[{"href":"https:\/\/devs.openbaz.be\/bruxellesfle\/wp-json\/wp\/v2\/pages"}],"about":[{"href":"https:\/\/devs.openbaz.be\/bruxellesfle\/wp-json\/wp\/v2\/types\/page"}],"author":[{"embeddable":true,"href":"https:\/\/devs.openbaz.be\/bruxellesfle\/wp-json\/wp\/v2\/users\/46"}],"replies":[{"embeddable":true,"href":"https:\/\/devs.openbaz.be\/bruxellesfle\/wp-json\/wp\/v2\/comments?post=12260"}],"version-history":[{"count":70,"href":"https:\/\/devs.openbaz.be\/bruxellesfle\/wp-json\/wp\/v2\/pages\/12260\/revisions"}],"predecessor-version":[{"id":14108,"href":"https:\/\/devs.openbaz.be\/bruxellesfle\/wp-json\/wp\/v2\/pages\/12260\/revisions\/14108"}],"wp:attachment":[{"href":"https:\/\/devs.openbaz.be\/bruxellesfle\/wp-json\/wp\/v2\/media?parent=12260"}],"curies":[{"name":"wp","href":"https:\/\/api.w.org\/{rel}","templated":true}]}}