{"id":12077,"date":"2024-04-10T16:40:33","date_gmt":"2024-04-10T14:40:33","guid":{"rendered":"https:\/\/devs.openbaz.be\/bruxellesfle\/?page_id=12077"},"modified":"2025-08-12T18:45:04","modified_gmt":"2025-08-12T16:45:04","slug":"formation-de-formateurs-2","status":"publish","type":"page","link":"https:\/\/devs.openbaz.be\/bruxellesfle\/formation-de-formateurs-2\/","title":{"rendered":"Formation de formateurs"},"content":{"rendered":"\t\t<div data-elementor-type=\"wp-page\" data-elementor-id=\"12077\" class=\"elementor elementor-12077\" data-elementor-post-type=\"page\">\n\t\t\t\t<div class=\"elementor-element elementor-element-d4d51d0 e-flex e-con-boxed e-con e-parent\" data-id=\"d4d51d0\" data-element_type=\"container\" data-e-type=\"container\">\n\t\t\t\t\t<div class=\"e-con-inner\">\n\t\t\t\t<div class=\"elementor-element elementor-element-0d56ec6 elementor-widget elementor-widget-heading\" data-id=\"0d56ec6\" data-element_type=\"widget\" data-e-type=\"widget\" data-widget_type=\"heading.default\">\n\t\t\t\t<div class=\"elementor-widget-container\">\n\t\t\t\t\t<h2 class=\"elementor-heading-title elementor-size-default\">Formation de formateurs<\/h2>\t\t\t\t<\/div>\n\t\t\t\t<\/div>\n\t\t\t\t<div class=\"elementor-element elementor-element-e2b9a74 elementor-widget elementor-widget-text-editor\" data-id=\"e2b9a74\" data-element_type=\"widget\" data-e-type=\"widget\" data-widget_type=\"text-editor.default\">\n\t\t\t\t<div class=\"elementor-widget-container\">\n\t\t\t\t\t\t\t\t\t<div class=\"fusion-title title fusion-title-2 fusion-sep-none fusion-title-text fusion-title-size-six fusion-border-below-title\"><p>Vous aimeriez vous former au m\u00e9tier de formateur FLE mais vous ne connaissez pas les parcours existants ?<\/p><p>Vous \u00eates d\u00e9j\u00e0 formateur et souhaitez enrichir votre pratique avec des formations ponctuelles ?<\/p><p>Consultez nos diff\u00e9rentes rubriques d\u00e9di\u00e9es \u00e0 la formation de formateurs FLE \u00e0 Bruxelles.<\/p><\/div>\t\t\t\t\t\t\t\t<\/div>\n\t\t\t\t<\/div>\n\t\t\t\t\t<\/div>\n\t\t\t\t<\/div>\n\t\t<div class=\"elementor-element elementor-element-ed80e10 e-flex e-con-boxed e-con e-parent\" data-id=\"ed80e10\" data-element_type=\"container\" data-e-type=\"container\">\n\t\t\t\t\t<div class=\"e-con-inner\">\n\t\t\t\t<div class=\"elementor-element elementor-element-bbfe0df elementor-position-top elementor-widget elementor-widget-image-box\" data-id=\"bbfe0df\" data-element_type=\"widget\" data-e-type=\"widget\" data-widget_type=\"image-box.default\">\n\t\t\t\t<div class=\"elementor-widget-container\">\n\t\t\t\t\t<div class=\"elementor-image-box-wrapper\"><figure class=\"elementor-image-box-img\"><a href=\"https:\/\/devs.openbaz.be\/bruxellesfle\/offre-de-formation-de-formateurs\/\" target=\"_blank\" tabindex=\"-1\"><img fetchpriority=\"high\" decoding=\"async\" width=\"801\" height=\"801\" src=\"https:\/\/devs.openbaz.be\/bruxellesfle\/wp-content\/uploads\/2024\/04\/Loffre-de-formation-de-formateurs.png\" class=\"attachment-full size-full wp-image-12092\" alt=\"\" srcset=\"https:\/\/devs.openbaz.be\/bruxellesfle\/wp-content\/uploads\/2024\/04\/Loffre-de-formation-de-formateurs.png 801w, https:\/\/devs.openbaz.be\/bruxellesfle\/wp-content\/uploads\/2024\/04\/Loffre-de-formation-de-formateurs-300x300.png 300w, https:\/\/devs.openbaz.be\/bruxellesfle\/wp-content\/uploads\/2024\/04\/Loffre-de-formation-de-formateurs-150x150.png 150w, https:\/\/devs.openbaz.be\/bruxellesfle\/wp-content\/uploads\/2024\/04\/Loffre-de-formation-de-formateurs-768x768.png 768w\" sizes=\"(max-width: 801px) 100vw, 801px\" \/><\/a><\/figure><div class=\"elementor-image-box-content\"><h3 class=\"elementor-image-box-title\"><a href=\"https:\/\/devs.openbaz.be\/bruxellesfle\/offre-de-formation-de-formateurs\/\" target=\"_blank\">L\u2019offre de formation<br> de formateurs<\/a><\/h3><\/div><\/div>\t\t\t\t<\/div>\n\t\t\t\t<\/div>\n\t\t\t\t<div class=\"elementor-element elementor-element-9c32f27 elementor-position-top elementor-widget elementor-widget-image-box\" data-id=\"9c32f27\" data-element_type=\"widget\" data-e-type=\"widget\" data-widget_type=\"image-box.default\">\n\t\t\t\t<div class=\"elementor-widget-container\">\n\t\t\t\t\t<div class=\"elementor-image-box-wrapper\"><figure class=\"elementor-image-box-img\"><a href=\"https:\/\/devs.openbaz.be\/bruxellesfle\/certificat-en-didactique-du-fle\/\" tabindex=\"-1\"><img decoding=\"async\" width=\"707\" height=\"707\" src=\"https:\/\/devs.openbaz.be\/bruxellesfle\/wp-content\/uploads\/2024\/04\/Certificat-Universitaire-en-Didactique.png\" class=\"attachment-full size-full wp-image-12091\" alt=\"\" srcset=\"https:\/\/devs.openbaz.be\/bruxellesfle\/wp-content\/uploads\/2024\/04\/Certificat-Universitaire-en-Didactique.png 707w, https:\/\/devs.openbaz.be\/bruxellesfle\/wp-content\/uploads\/2024\/04\/Certificat-Universitaire-en-Didactique-300x300.png 300w, https:\/\/devs.openbaz.be\/bruxellesfle\/wp-content\/uploads\/2024\/04\/Certificat-Universitaire-en-Didactique-150x150.png 150w\" sizes=\"(max-width: 707px) 100vw, 707px\" \/><\/a><\/figure><div class=\"elementor-image-box-content\"><h3 class=\"elementor-image-box-title\"><a href=\"https:\/\/devs.openbaz.be\/bruxellesfle\/certificat-en-didactique-du-fle\/\">Certificat Universitaire<br> en Didactique du FLE<\/a><\/h3><\/div><\/div>\t\t\t\t<\/div>\n\t\t\t\t<\/div>\n\t\t\t\t<div class=\"elementor-element elementor-element-1e55a12 elementor-position-top elementor-widget elementor-widget-image-box\" data-id=\"1e55a12\" data-element_type=\"widget\" data-e-type=\"widget\" data-widget_type=\"image-box.default\">\n\t\t\t\t<div class=\"elementor-widget-container\">\n\t\t\t\t\t<div class=\"elementor-image-box-wrapper\"><figure class=\"elementor-image-box-img\"><img decoding=\"async\" width=\"801\" height=\"801\" src=\"https:\/\/devs.openbaz.be\/bruxellesfle\/wp-content\/uploads\/2024\/04\/formations-ponctuelles.png\" class=\"attachment-full size-full wp-image-12093\" alt=\"\" srcset=\"https:\/\/devs.openbaz.be\/bruxellesfle\/wp-content\/uploads\/2024\/04\/formations-ponctuelles.png 801w, https:\/\/devs.openbaz.be\/bruxellesfle\/wp-content\/uploads\/2024\/04\/formations-ponctuelles-300x300.png 300w, https:\/\/devs.openbaz.be\/bruxellesfle\/wp-content\/uploads\/2024\/04\/formations-ponctuelles-150x150.png 150w, https:\/\/devs.openbaz.be\/bruxellesfle\/wp-content\/uploads\/2024\/04\/formations-ponctuelles-768x768.png 768w\" sizes=\"(max-width: 801px) 100vw, 801px\" \/><\/figure><div class=\"elementor-image-box-content\"><h3 class=\"elementor-image-box-title\">Formations ponctuelles<\/h3><\/div><\/div>\t\t\t\t<\/div>\n\t\t\t\t<\/div>\n\t\t\t\t\t<\/div>\n\t\t\t\t<\/div>\n\t\t\t\t<\/div>\n\t\t","protected":false},"excerpt":{"rendered":"<p>Formation de formateurs Vous aimeriez vous former au m\u00e9tier de formateur FLE mais vous ne connaissez pas les parcours existants ? Vous \u00eates d\u00e9j\u00e0 formateur et souhaitez enrichir votre pratique avec des formations ponctuelles ? Consultez nos diff\u00e9rentes rubriques d\u00e9di\u00e9es \u00e0 la formation de formateurs FLE \u00e0 Bruxelles. L\u2019offre de formation de formateurs Certificat Universitaire [&hellip;]<\/p>\n","protected":false},"author":46,"featured_media":0,"parent":0,"menu_order":0,"comment_status":"closed","ping_status":"closed","template":"","meta":{"footnotes":"","_links_to":"","_links_to_target":""},"class_list":["post-12077","page","type-page","status-publish","hentry"],"aioseo_notices":[],"_links":{"self":[{"href":"https:\/\/devs.openbaz.be\/bruxellesfle\/wp-json\/wp\/v2\/pages\/12077","targetHints":{"allow":["GET"]}}],"collection":[{"href":"https:\/\/devs.openbaz.be\/bruxellesfle\/wp-json\/wp\/v2\/pages"}],"about":[{"href":"https:\/\/devs.openbaz.be\/bruxellesfle\/wp-json\/wp\/v2\/types\/page"}],"author":[{"embeddable":true,"href":"https:\/\/devs.openbaz.be\/bruxellesfle\/wp-json\/wp\/v2\/users\/46"}],"replies":[{"embeddable":true,"href":"https:\/\/devs.openbaz.be\/bruxellesfle\/wp-json\/wp\/v2\/comments?post=12077"}],"version-history":[{"count":22,"href":"https:\/\/devs.openbaz.be\/bruxellesfle\/wp-json\/wp\/v2\/pages\/12077\/revisions"}],"predecessor-version":[{"id":12331,"href":"https:\/\/devs.openbaz.be\/bruxellesfle\/wp-json\/wp\/v2\/pages\/12077\/revisions\/12331"}],"wp:attachment":[{"href":"https:\/\/devs.openbaz.be\/bruxellesfle\/wp-json\/wp\/v2\/media?parent=12077"}],"curies":[{"name":"wp","href":"https:\/\/api.w.org\/{rel}","templated":true}]}}