{"id":12026,"date":"2024-04-09T14:57:06","date_gmt":"2024-04-09T12:57:06","guid":{"rendered":"https:\/\/devs.openbaz.be\/bruxellesfle\/?page_id=12026"},"modified":"2026-03-18T16:12:36","modified_gmt":"2026-03-18T15:12:36","slug":"asl-2","status":"publish","type":"page","link":"https:\/\/devs.openbaz.be\/bruxellesfle\/asl-2\/","title":{"rendered":"ASL"},"content":{"rendered":"\t\t<div data-elementor-type=\"wp-page\" data-elementor-id=\"12026\" class=\"elementor elementor-12026\" data-elementor-post-type=\"page\">\n\t\t\t\t<div class=\"elementor-element elementor-element-97518ef e-flex e-con-boxed e-con e-parent\" data-id=\"97518ef\" data-element_type=\"container\" data-e-type=\"container\" data-settings=\"{&quot;background_background&quot;:&quot;classic&quot;}\">\n\t\t\t\t\t<div class=\"e-con-inner\">\n\t\t\t\t<div class=\"elementor-element elementor-element-6a0ed9f elementor-widget elementor-widget-heading\" data-id=\"6a0ed9f\" data-element_type=\"widget\" data-e-type=\"widget\" data-widget_type=\"heading.default\">\n\t\t\t\t<div class=\"elementor-widget-container\">\n\t\t\t\t\t<h2 class=\"elementor-heading-title elementor-size-default\">Ateliers Sociolinguistiques (ASL)<\/h2>\t\t\t\t<\/div>\n\t\t\t\t<\/div>\n\t\t\t\t<div class=\"elementor-element elementor-element-8be56e5 elementor-widget elementor-widget-text-editor\" data-id=\"8be56e5\" data-element_type=\"widget\" data-e-type=\"widget\" data-widget_type=\"text-editor.default\">\n\t\t\t\t<div class=\"elementor-widget-container\">\n\t\t\t\t\t\t\t\t\t<div class=\"fusion-text\"><p>Les Ateliers Sociolinguistiques (ASL), ce sont des formations de proximit\u00e9 qui visent \u00e0 rendre les apprenants autonomes dans les espaces sociaux (\u00e9coles, mus\u00e9es, centres de soins\u2026). On n\u2019y apprend pas du fran\u00e7ais, mais on agit en fran\u00e7ais.\u00a0<\/p><\/div>\t\t\t\t\t\t\t\t<\/div>\n\t\t\t\t<\/div>\n\t\t\t\t<div class=\"elementor-element elementor-element-e0d9e62 elementor-widget elementor-widget-text-editor\" data-id=\"e0d9e62\" data-element_type=\"widget\" data-e-type=\"widget\" data-widget_type=\"text-editor.default\">\n\t\t\t\t<div class=\"elementor-widget-container\">\n\t\t\t\t\t\t\t\t\t<div class=\"fusion-text\"><div class=\"elementor-element elementor-element-8bf85b1 elementor-widget elementor-widget-text-editor\" data-id=\"8bf85b1\" data-element_type=\"widget\" data-widget_type=\"text-editor.default\"><div class=\"elementor-widget-container\"><div id=\"c651d85fbd37a1f36\" class=\"panel-collapse collapse in\"><div class=\"panel-body toggle-content fusion-clearfix\"><div class=\"fusion-text\"><p>Les ASL ne sont pas des cours de langue classiques. Ils ne s\u2019apparentent pas \u00e0 du fran\u00e7ais langue \u00e9trang\u00e8re ni \u00e0 de l\u2019alphab\u00e9tisation. Ce ne sont pas des \u201cle\u00e7ons\u201d : on n\u2019y utilise pas de livres, ni de m\u00e9thodes de fran\u00e7ais.\u00a0<\/p><p>Ils s\u2019inscrivent dans une approche globale de l\u2019apprentissage du fran\u00e7ais, selon une d\u00e9marche communicative et contextualis\u00e9e, c\u2019est-\u00e0-dire : <em>que faut-il savoir dire, comprendre, lire, \u00e9crire dans cet espace en particulier pour y \u00eatre autonome\u00a0?<\/em><\/p><p>On n\u2019y apprend pas du fran\u00e7ais, mais on y fait du fran\u00e7ais. On ne veut pas faire acqu\u00e9rir aux participants uniquement des comp\u00e9tences linguistiques, mais avant tout des comp\u00e9tences sociales et communicatives qui vont leur permettre d\u2019agir seuls en peu de temps, dans des situations sp\u00e9cifiques.<\/p><\/div><\/div><\/div><\/div><\/div><\/div>\t\t\t\t\t\t\t\t<\/div>\n\t\t\t\t<\/div>\n\t\t\t\t<div class=\"elementor-element elementor-element-0204ccb elementor-widget elementor-widget-text-editor\" data-id=\"0204ccb\" data-element_type=\"widget\" data-e-type=\"widget\" data-widget_type=\"text-editor.default\">\n\t\t\t\t<div class=\"elementor-widget-container\">\n\t\t\t\t\t\t\t\t\t<div class=\"fusion-text\"><div class=\"elementor-element elementor-element-8bf85b1 elementor-widget elementor-widget-text-editor\" data-id=\"8bf85b1\" data-element_type=\"widget\" data-widget_type=\"text-editor.default\"><div class=\"elementor-widget-container\"><div id=\"c651d85fbd37a1f36\" class=\"panel-collapse collapse in\"><div class=\"panel-body toggle-content fusion-clearfix\"><div class=\"fusion-text\">Depuis 2016, nous organisons et animons des ateliers sociolinguistiques qui visent \u00e0 rendre les adultes allophones plus autonomes dans les diff\u00e9rents lieux qu\u2019ils fr\u00e9quentent au quotidien.<\/div><div>\u00a0<\/div><\/div><div>Nous proposons des <strong>ateliers parentalit\u00e9 scolaire<\/strong> (dans les \u00e9coles maternelles et primaires) et des <strong>ateliers p\u00e9rinatalit\u00e9<\/strong>.<\/div><\/div><\/div><\/div><\/div>\t\t\t\t\t\t\t\t<\/div>\n\t\t\t\t<\/div>\n\t\t\t\t\t<\/div>\n\t\t\t\t<\/div>\n\t\t<div class=\"elementor-element elementor-element-58167b6 e-flex e-con-boxed e-con e-parent\" data-id=\"58167b6\" data-element_type=\"container\" data-e-type=\"container\" data-settings=\"{&quot;background_background&quot;:&quot;classic&quot;,&quot;background_motion_fx_motion_fx_scrolling&quot;:&quot;yes&quot;,&quot;background_motion_fx_devices&quot;:[&quot;desktop&quot;,&quot;tablet&quot;,&quot;mobile&quot;]}\">\n\t\t\t\t\t<div class=\"e-con-inner\">\n\t\t\t\t<div class=\"elementor-element elementor-element-e05790b elementor-widget elementor-widget-heading\" data-id=\"e05790b\" data-element_type=\"widget\" data-e-type=\"widget\" data-widget_type=\"heading.default\">\n\t\t\t\t<div class=\"elementor-widget-container\">\n\t\t\t\t\t<h2 class=\"elementor-heading-title elementor-size-default\">ASL parentalit\u00e9 scolaire<\/h2>\t\t\t\t<\/div>\n\t\t\t\t<\/div>\n\t\t\t\t<div class=\"elementor-element elementor-element-5968662 elementor-widget elementor-widget-text-editor\" data-id=\"5968662\" data-element_type=\"widget\" data-e-type=\"widget\" data-widget_type=\"text-editor.default\">\n\t\t\t\t<div class=\"elementor-widget-container\">\n\t\t\t\t\t\t\t\t\t<p>Confront\u00e9s \u00e0 diff\u00e9rents obstacles, les parents d\u2019\u00e9l\u00e8ves allophones se retrouvent perdus dans la scolarit\u00e9 de leurs enfants : ils ne sont pas familiers avec le syst\u00e8me scolaire belge, ne comprennent pas bien les documents transmis par l\u2019\u00e9cole, connaissent mal les intervenants de l\u2019\u00e9cole, etc.<\/p><p>De son c\u00f4t\u00e9, l\u2019\u00e9cole s\u2019implique aupr\u00e8s des enfants, mais une m\u00eame implication des parents est n\u00e9cessaire pour que les \u00e9l\u00e8ves r\u00e9ussissent.<\/p>\t\t\t\t\t\t\t\t<\/div>\n\t\t\t\t<\/div>\n\t\t\t\t<div class=\"elementor-element elementor-element-1fb027f elementor-widget elementor-widget-image\" data-id=\"1fb027f\" data-element_type=\"widget\" data-e-type=\"widget\" data-widget_type=\"image.default\">\n\t\t\t\t<div class=\"elementor-widget-container\">\n\t\t\t\t\t\t\t\t\t\t\t\t\t\t\t<img fetchpriority=\"high\" decoding=\"async\" width=\"1920\" height=\"1080\" src=\"https:\/\/devs.openbaz.be\/bruxellesfle\/wp-content\/uploads\/2025\/08\/visuel-asl-ecole-3-2.png\" class=\"attachment-full size-full wp-image-12472\" alt=\"\" srcset=\"https:\/\/devs.openbaz.be\/bruxellesfle\/wp-content\/uploads\/2025\/08\/visuel-asl-ecole-3-2.png 1920w, https:\/\/devs.openbaz.be\/bruxellesfle\/wp-content\/uploads\/2025\/08\/visuel-asl-ecole-3-2-300x169.png 300w, https:\/\/devs.openbaz.be\/bruxellesfle\/wp-content\/uploads\/2025\/08\/visuel-asl-ecole-3-2-1024x576.png 1024w, https:\/\/devs.openbaz.be\/bruxellesfle\/wp-content\/uploads\/2025\/08\/visuel-asl-ecole-3-2-768x432.png 768w, https:\/\/devs.openbaz.be\/bruxellesfle\/wp-content\/uploads\/2025\/08\/visuel-asl-ecole-3-2-1536x864.png 1536w\" sizes=\"(max-width: 1920px) 100vw, 1920px\" \/>\t\t\t\t\t\t\t\t\t\t\t\t\t\t\t<\/div>\n\t\t\t\t<\/div>\n\t\t\t\t<div class=\"elementor-element elementor-element-9ca4ccb elementor-widget elementor-widget-toggle\" data-id=\"9ca4ccb\" data-element_type=\"widget\" data-e-type=\"widget\" data-settings=\"{&quot;motion_fx_motion_fx_mouse&quot;:&quot;yes&quot;}\" data-widget_type=\"toggle.default\">\n\t\t\t\t<div class=\"elementor-widget-container\">\n\t\t\t\t\t\t\t<div class=\"elementor-toggle\">\n\t\t\t\t\t\t\t<div class=\"elementor-toggle-item\">\n\t\t\t\t\t<div id=\"elementor-tab-title-1641\" class=\"elementor-tab-title\" data-tab=\"1\" role=\"button\" aria-controls=\"elementor-tab-content-1641\" aria-expanded=\"false\">\n\t\t\t\t\t\t\t\t\t\t\t\t<span class=\"elementor-toggle-icon elementor-toggle-icon-left\" aria-hidden=\"true\">\n\t\t\t\t\t\t\t\t\t\t\t\t\t\t\t<span class=\"elementor-toggle-icon-closed\"><svg class=\"e-font-icon-svg e-fas-caret-right\" viewBox=\"0 0 192 512\" xmlns=\"http:\/\/www.w3.org\/2000\/svg\"><path d=\"M0 384.662V127.338c0-17.818 21.543-26.741 34.142-14.142l128.662 128.662c7.81 7.81 7.81 20.474 0 28.284L34.142 398.804C21.543 411.404 0 402.48 0 384.662z\"><\/path><\/svg><\/span>\n\t\t\t\t\t\t\t\t<span class=\"elementor-toggle-icon-opened\"><svg class=\"elementor-toggle-icon-opened e-font-icon-svg e-fas-caret-up\" viewBox=\"0 0 320 512\" xmlns=\"http:\/\/www.w3.org\/2000\/svg\"><path d=\"M288.662 352H31.338c-17.818 0-26.741-21.543-14.142-34.142l128.662-128.662c7.81-7.81 20.474-7.81 28.284 0l128.662 128.662c12.6 12.599 3.676 34.142-14.142 34.142z\"><\/path><\/svg><\/span>\n\t\t\t\t\t\t\t\t\t\t\t\t\t<\/span>\n\t\t\t\t\t\t\t\t\t\t\t\t<a class=\"elementor-toggle-title\" tabindex=\"0\">LA D\u00c9MARCHE P\u00c9DAGOGIQUE<\/a>\n\t\t\t\t\t<\/div>\n\n\t\t\t\t\t<div id=\"elementor-tab-content-1641\" class=\"elementor-tab-content elementor-clearfix\" data-tab=\"1\" role=\"region\" aria-labelledby=\"elementor-tab-title-1641\"><div id=\"c651d85fbd37a1f36\" class=\"panel-collapse collapse in\"><p>\u00a0<\/p><p>Pour les ASL parentalit\u00e9 scolaire, le but est que les parents s\u2019approprient l\u2019\u00e9cole en tant qu\u2019usagers du lieu et qu\u2019ils ma\u00eetrisent les situations de communication qui y sont li\u00e9es. L\u2019\u00e9cole en elle-m\u00eame devient alors le support des apprentissages.\u00a0<\/p><div class=\"panel-body toggle-content fusion-clearfix\"><div class=\"fusion-text\"><p>Les objectifs et les contenus des ateliers sont \u00e9labor\u00e9s en fonction des besoins identifi\u00e9s par l\u2019\u00e9cole et en fonction du r\u00f4le social de parent d\u2019\u00e9l\u00e8ve que le participant doit tenir (par exemple : savoir lire le journal de classe, comprendre un avis, \u00e9changer avec le titulaire de la classe\u2026).<\/p><p>Les activit\u00e9s reprennent des situations concr\u00e8tes, bas\u00e9es sur des supports p\u00e9dagogiques authentiques (documents de l\u2019\u00e9cole) et des mises en situation avec des intervenants de l\u2019\u00e9cole (une directrice, une secr\u00e9taire, une assistante sociale, une logop\u00e8de\u2026)<\/p><\/div><\/div><\/div><\/div>\n\t\t\t\t<\/div>\n\t\t\t\t\t\t\t<div class=\"elementor-toggle-item\">\n\t\t\t\t\t<div id=\"elementor-tab-title-1642\" class=\"elementor-tab-title\" data-tab=\"2\" role=\"button\" aria-controls=\"elementor-tab-content-1642\" aria-expanded=\"false\">\n\t\t\t\t\t\t\t\t\t\t\t\t<span class=\"elementor-toggle-icon elementor-toggle-icon-left\" aria-hidden=\"true\">\n\t\t\t\t\t\t\t\t\t\t\t\t\t\t\t<span class=\"elementor-toggle-icon-closed\"><svg class=\"e-font-icon-svg e-fas-caret-right\" viewBox=\"0 0 192 512\" xmlns=\"http:\/\/www.w3.org\/2000\/svg\"><path d=\"M0 384.662V127.338c0-17.818 21.543-26.741 34.142-14.142l128.662 128.662c7.81 7.81 7.81 20.474 0 28.284L34.142 398.804C21.543 411.404 0 402.48 0 384.662z\"><\/path><\/svg><\/span>\n\t\t\t\t\t\t\t\t<span class=\"elementor-toggle-icon-opened\"><svg class=\"elementor-toggle-icon-opened e-font-icon-svg e-fas-caret-up\" viewBox=\"0 0 320 512\" xmlns=\"http:\/\/www.w3.org\/2000\/svg\"><path d=\"M288.662 352H31.338c-17.818 0-26.741-21.543-14.142-34.142l128.662-128.662c7.81-7.81 20.474-7.81 28.284 0l128.662 128.662c12.6 12.599 3.676 34.142-14.142 34.142z\"><\/path><\/svg><\/span>\n\t\t\t\t\t\t\t\t\t\t\t\t\t<\/span>\n\t\t\t\t\t\t\t\t\t\t\t\t<a class=\"elementor-toggle-title\" tabindex=\"0\">LE PARTENARIAT<\/a>\n\t\t\t\t\t<\/div>\n\n\t\t\t\t\t<div id=\"elementor-tab-content-1642\" class=\"elementor-tab-content elementor-clearfix\" data-tab=\"2\" role=\"region\" aria-labelledby=\"elementor-tab-title-1642\"><div id=\"2838030b60bc9f8fe\" class=\"panel-collapse collapse in\"><p>\u00a0<\/p><p>L\u2019approche ASL a une sp\u00e9cificit\u00e9 : le dispositif s\u2019appuie sur la relation \u00e9troite entre trois acteurs : la structure de proximit\u00e9 (l\u2019organisme de formation), le partenaire sur le terrain (l\u2019\u00e9cole) et les participants (les parents d\u2019\u00e9l\u00e8ves). Tous interagissent dans le dispositif et sont parties prenantes du projet.<\/p><div class=\"panel-body toggle-content fusion-clearfix\"><div class=\"fusion-text\"><p>Il est n\u00e9cessaire qu\u2019au pr\u00e9alable il y ait la mise en place d\u2019un v\u00e9ritable partenariat entre l\u2019\u00e9cole et l\u2019organisme de formation pour que le projet aboutisse.<\/p><p>Le partenaire intervient \u00e0 diff\u00e9rents niveaux de la conception du projet ASL.<\/p><ul><li>En amont, il aide l\u2019organisme de formation \u00e0 construire un programme de formation, \u00e0 d\u00e9finir des objectifs en fonction des besoins constat\u00e9s chez les parents,<\/li><li>Il fournit des documents authentiques (avis, bulletins scolaires, etc.), que les formateurs transformeront en mat\u00e9riel didactique exploitable.<\/li><li>Il aide \u00e0 recruter des parents int\u00e9ress\u00e9s pour participer aux ateliers et susceptibles de correspondre \u00e0 la d\u00e9marche ASL.<\/li><li>Il fournit un espace physique pour le d\u00e9roulement des ateliers.<\/li><li>Il participe en intervenant pendant les ASL.<\/li><\/ul><p><img decoding=\"async\" class=\"aligncenter wp-image-12471\" src=\"http:\/\/devs.openbaz.be\/bruxellesfle\/wp-content\/uploads\/2025\/08\/visuel-asl-ecole-2.png\" alt=\"\" width=\"340\" height=\"340\" srcset=\"https:\/\/devs.openbaz.be\/bruxellesfle\/wp-content\/uploads\/2025\/08\/visuel-asl-ecole-2.png 800w, https:\/\/devs.openbaz.be\/bruxellesfle\/wp-content\/uploads\/2025\/08\/visuel-asl-ecole-2-300x300.png 300w, https:\/\/devs.openbaz.be\/bruxellesfle\/wp-content\/uploads\/2025\/08\/visuel-asl-ecole-2-150x150.png 150w, https:\/\/devs.openbaz.be\/bruxellesfle\/wp-content\/uploads\/2025\/08\/visuel-asl-ecole-2-768x768.png 768w\" sizes=\"(max-width: 340px) 100vw, 340px\" \/><\/p><\/div><\/div><\/div><\/div>\n\t\t\t\t<\/div>\n\t\t\t\t\t\t\t<div class=\"elementor-toggle-item\">\n\t\t\t\t\t<div id=\"elementor-tab-title-1643\" class=\"elementor-tab-title\" data-tab=\"3\" role=\"button\" aria-controls=\"elementor-tab-content-1643\" aria-expanded=\"false\">\n\t\t\t\t\t\t\t\t\t\t\t\t<span class=\"elementor-toggle-icon elementor-toggle-icon-left\" aria-hidden=\"true\">\n\t\t\t\t\t\t\t\t\t\t\t\t\t\t\t<span class=\"elementor-toggle-icon-closed\"><svg class=\"e-font-icon-svg e-fas-caret-right\" viewBox=\"0 0 192 512\" xmlns=\"http:\/\/www.w3.org\/2000\/svg\"><path d=\"M0 384.662V127.338c0-17.818 21.543-26.741 34.142-14.142l128.662 128.662c7.81 7.81 7.81 20.474 0 28.284L34.142 398.804C21.543 411.404 0 402.48 0 384.662z\"><\/path><\/svg><\/span>\n\t\t\t\t\t\t\t\t<span class=\"elementor-toggle-icon-opened\"><svg class=\"elementor-toggle-icon-opened e-font-icon-svg e-fas-caret-up\" viewBox=\"0 0 320 512\" xmlns=\"http:\/\/www.w3.org\/2000\/svg\"><path d=\"M288.662 352H31.338c-17.818 0-26.741-21.543-14.142-34.142l128.662-128.662c7.81-7.81 20.474-7.81 28.284 0l128.662 128.662c12.6 12.599 3.676 34.142-14.142 34.142z\"><\/path><\/svg><\/span>\n\t\t\t\t\t\t\t\t\t\t\t\t\t<\/span>\n\t\t\t\t\t\t\t\t\t\t\t\t<a class=\"elementor-toggle-title\" tabindex=\"0\">LES OBJECTIFS DU DISPOSITIFS<\/a>\n\t\t\t\t\t<\/div>\n\n\t\t\t\t\t<div id=\"elementor-tab-content-1643\" class=\"elementor-tab-content elementor-clearfix\" data-tab=\"3\" role=\"region\" aria-labelledby=\"elementor-tab-title-1643\"><div id=\"5b90edc4c9f998e83\" class=\"panel-collapse collapse in\"><p>\u00a0<\/p><p>Mettre en place un tel dispositif, c\u2019est permettre aux parents de mieux appr\u00e9hender le fonctionnement et les attentes de l\u2019\u00e9cole, par cons\u00e9quent avoir un acc\u00e8s effectif \u00e0 leur droit d\u2019information et d\u2019expression.<\/p><div class=\"panel-body toggle-content fusion-clearfix\"><p>C\u2019est aussi leur permettre d\u2019\u00eatre en mesure de coop\u00e9rer et d\u2019interagir avec l\u2019\u00e9cole dans une perspective de co\u00e9ducation, notamment en connaissant les r\u00f4les des diff\u00e9rents intervenants. Enfin, c\u2019est surtout leur permettre d\u2019\u00eatre en mesure d\u2019assurer le suivi scolaire de leurs enfants, par la compr\u00e9hension des documents de l\u2019\u00e9cole par exemple, pour finalement s\u2019impliquer pleinement dans la scolarit\u00e9 de leurs enfants.<\/p><\/div><\/div><\/div>\n\t\t\t\t<\/div>\n\t\t\t\t\t\t\t\t<\/div>\n\t\t\t\t\t\t<\/div>\n\t\t\t\t<\/div>\n\t\t\t\t\t<\/div>\n\t\t\t\t<\/div>\n\t\t<div class=\"elementor-element elementor-element-b8d4f73 e-flex e-con-boxed e-con e-parent\" data-id=\"b8d4f73\" data-element_type=\"container\" data-e-type=\"container\">\n\t\t\t\t\t<div class=\"e-con-inner\">\n\t\t\t\t<div class=\"elementor-element elementor-element-46f9c9a elementor-widget elementor-widget-heading\" data-id=\"46f9c9a\" data-element_type=\"widget\" data-e-type=\"widget\" data-widget_type=\"heading.default\">\n\t\t\t\t<div class=\"elementor-widget-container\">\n\t\t\t\t\t<h2 class=\"elementor-heading-title elementor-size-default\">ASL p\u00e9rinatalit\u00e9<\/h2>\t\t\t\t<\/div>\n\t\t\t\t<\/div>\n\t\t\t\t<div class=\"elementor-element elementor-element-9a2874e elementor-widget elementor-widget-text-editor\" data-id=\"9a2874e\" data-element_type=\"widget\" data-e-type=\"widget\" data-widget_type=\"text-editor.default\">\n\t\t\t\t<div class=\"elementor-widget-container\">\n\t\t\t\t\t\t\t\t\t<p>La langue, une barri\u00e8re pour les femmes migrantes enceintes ou jeunes m\u00e8res.<\/p><p>\u00a0<\/p><ul><li>Des ateliers permettant d&rsquo;\u00e9voluer seule dans un h\u00f4pital, une cr\u00e8che, un centre m\u00e9dical&#8230;<\/li><li>En partenariat avec des acteurs sur le terrain<\/li><li>Des contenus construits autour des besoins identifi\u00e9s par les acteurs de terrain<\/li><\/ul>\t\t\t\t\t\t\t\t<\/div>\n\t\t\t\t<\/div>\n\t\t\t\t<div class=\"elementor-element elementor-element-1dc8c1e elementor-widget elementor-widget-image\" data-id=\"1dc8c1e\" data-element_type=\"widget\" data-e-type=\"widget\" data-widget_type=\"image.default\">\n\t\t\t\t<div class=\"elementor-widget-container\">\n\t\t\t\t\t\t\t\t\t\t\t\t\t\t\t<img decoding=\"async\" width=\"800\" height=\"355\" src=\"https:\/\/devs.openbaz.be\/bruxellesfle\/wp-content\/uploads\/2025\/08\/visuel-asl-maternite-1-1024x455.png\" class=\"attachment-large size-large wp-image-12473\" alt=\"\" srcset=\"https:\/\/devs.openbaz.be\/bruxellesfle\/wp-content\/uploads\/2025\/08\/visuel-asl-maternite-1-1024x455.png 1024w, https:\/\/devs.openbaz.be\/bruxellesfle\/wp-content\/uploads\/2025\/08\/visuel-asl-maternite-1-300x133.png 300w, https:\/\/devs.openbaz.be\/bruxellesfle\/wp-content\/uploads\/2025\/08\/visuel-asl-maternite-1-768x342.png 768w, https:\/\/devs.openbaz.be\/bruxellesfle\/wp-content\/uploads\/2025\/08\/visuel-asl-maternite-1-1536x683.png 1536w, https:\/\/devs.openbaz.be\/bruxellesfle\/wp-content\/uploads\/2025\/08\/visuel-asl-maternite-1.png 1875w\" sizes=\"(max-width: 800px) 100vw, 800px\" \/>\t\t\t\t\t\t\t\t\t\t\t\t\t\t\t<\/div>\n\t\t\t\t<\/div>\n\t\t\t\t<div class=\"elementor-element elementor-element-392b5cc elementor-widget elementor-widget-text-editor\" data-id=\"392b5cc\" data-element_type=\"widget\" data-e-type=\"widget\" data-widget_type=\"text-editor.default\">\n\t\t\t\t<div class=\"elementor-widget-container\">\n\t\t\t\t\t\t\t\t\t<p>Les ateliers sociolinguistiques vous int\u00e9ressent ? Vous souhaitez y participer ou cr\u00e9er un partenariat ?<\/p><p>Contactez-nous !<\/p>\t\t\t\t\t\t\t\t<\/div>\n\t\t\t\t<\/div>\n\t\t\t\t<div class=\"elementor-element elementor-element-e738fe9 elementor-align-center elementor-widget elementor-widget-button\" data-id=\"e738fe9\" data-element_type=\"widget\" data-e-type=\"widget\" data-widget_type=\"button.default\">\n\t\t\t\t<div class=\"elementor-widget-container\">\n\t\t\t\t\t\t\t\t\t<div class=\"elementor-button-wrapper\">\n\t\t\t\t\t<a class=\"elementor-button elementor-button-link elementor-size-sm\" href=\"https:\/\/devs.openbaz.be\/bruxellesfle\/contact-2\/\">\n\t\t\t\t\t\t<span class=\"elementor-button-content-wrapper\">\n\t\t\t\t\t\t\t\t\t<span class=\"elementor-button-text\">J'aimerais plus d'informations<\/span>\n\t\t\t\t\t<\/span>\n\t\t\t\t\t<\/a>\n\t\t\t\t<\/div>\n\t\t\t\t\t\t\t\t<\/div>\n\t\t\t\t<\/div>\n\t\t\t\t\t<\/div>\n\t\t\t\t<\/div>\n\t\t\t\t<\/div>\n\t\t","protected":false},"excerpt":{"rendered":"<p>Ateliers Sociolinguistiques (ASL) Les Ateliers Sociolinguistiques (ASL), ce sont des formations de proximit\u00e9 qui visent \u00e0 rendre les apprenants autonomes dans les espaces sociaux (\u00e9coles, mus\u00e9es, centres de soins\u2026). On n\u2019y apprend pas du fran\u00e7ais, mais on agit en fran\u00e7ais.\u00a0 Les ASL ne sont pas des cours de langue classiques. Ils ne s\u2019apparentent pas \u00e0 [&hellip;]<\/p>\n","protected":false},"author":46,"featured_media":0,"parent":0,"menu_order":0,"comment_status":"closed","ping_status":"closed","template":"","meta":{"footnotes":"","_links_to":"","_links_to_target":""},"class_list":["post-12026","page","type-page","status-publish","hentry"],"aioseo_notices":[],"_links":{"self":[{"href":"https:\/\/devs.openbaz.be\/bruxellesfle\/wp-json\/wp\/v2\/pages\/12026","targetHints":{"allow":["GET"]}}],"collection":[{"href":"https:\/\/devs.openbaz.be\/bruxellesfle\/wp-json\/wp\/v2\/pages"}],"about":[{"href":"https:\/\/devs.openbaz.be\/bruxellesfle\/wp-json\/wp\/v2\/types\/page"}],"author":[{"embeddable":true,"href":"https:\/\/devs.openbaz.be\/bruxellesfle\/wp-json\/wp\/v2\/users\/46"}],"replies":[{"embeddable":true,"href":"https:\/\/devs.openbaz.be\/bruxellesfle\/wp-json\/wp\/v2\/comments?post=12026"}],"version-history":[{"count":31,"href":"https:\/\/devs.openbaz.be\/bruxellesfle\/wp-json\/wp\/v2\/pages\/12026\/revisions"}],"predecessor-version":[{"id":14120,"href":"https:\/\/devs.openbaz.be\/bruxellesfle\/wp-json\/wp\/v2\/pages\/12026\/revisions\/14120"}],"wp:attachment":[{"href":"https:\/\/devs.openbaz.be\/bruxellesfle\/wp-json\/wp\/v2\/media?parent=12026"}],"curies":[{"name":"wp","href":"https:\/\/api.w.org\/{rel}","templated":true}]}}