{"id":12007,"date":"2024-04-08T17:00:23","date_gmt":"2024-04-08T15:00:23","guid":{"rendered":"https:\/\/devs.openbaz.be\/bruxellesfle\/?page_id=12007"},"modified":"2026-03-11T15:10:09","modified_gmt":"2026-03-11T14:10:09","slug":"emploi-et-benevolat","status":"publish","type":"page","link":"https:\/\/devs.openbaz.be\/bruxellesfle\/emploi-et-benevolat\/","title":{"rendered":"Emploi et B\u00e9n\u00e9volat"},"content":{"rendered":"\t\t<div data-elementor-type=\"wp-page\" data-elementor-id=\"12007\" class=\"elementor elementor-12007\" data-elementor-post-type=\"page\">\n\t\t\t\t<div class=\"elementor-element elementor-element-4852a71 e-flex e-con-boxed e-con e-parent\" data-id=\"4852a71\" data-element_type=\"container\" data-e-type=\"container\" data-settings=\"{&quot;background_background&quot;:&quot;classic&quot;,&quot;background_motion_fx_motion_fx_scrolling&quot;:&quot;yes&quot;,&quot;background_motion_fx_translateY_effect&quot;:&quot;yes&quot;,&quot;background_motion_fx_translateY_speed&quot;:{&quot;unit&quot;:&quot;px&quot;,&quot;size&quot;:1.8,&quot;sizes&quot;:[]},&quot;background_motion_fx_motion_fx_mouse&quot;:&quot;yes&quot;,&quot;background_motion_fx_mouseTrack_effect&quot;:&quot;yes&quot;,&quot;background_motion_fx_mouseTrack_speed&quot;:{&quot;unit&quot;:&quot;px&quot;,&quot;size&quot;:1.5,&quot;sizes&quot;:[]},&quot;background_motion_fx_translateY_affectedRange&quot;:{&quot;unit&quot;:&quot;%&quot;,&quot;size&quot;:&quot;&quot;,&quot;sizes&quot;:{&quot;start&quot;:0,&quot;end&quot;:100}},&quot;background_motion_fx_devices&quot;:[&quot;desktop&quot;,&quot;tablet&quot;,&quot;mobile&quot;]}\">\n\t\t\t\t\t<div class=\"e-con-inner\">\n\t\t\t\t<div class=\"elementor-element elementor-element-37aec1c elementor-widget elementor-widget-heading\" data-id=\"37aec1c\" data-element_type=\"widget\" data-e-type=\"widget\" data-widget_type=\"heading.default\">\n\t\t\t\t<div class=\"elementor-widget-container\">\n\t\t\t\t\t<h2 class=\"elementor-heading-title elementor-size-default\">Offres d\u2019emploi<\/h2>\t\t\t\t<\/div>\n\t\t\t\t<\/div>\n\t\t\t\t<div class=\"elementor-element elementor-element-1df49d3 elementor-widget elementor-widget-text-editor\" data-id=\"1df49d3\" data-element_type=\"widget\" data-e-type=\"widget\" data-widget_type=\"text-editor.default\">\n\t\t\t\t<div class=\"elementor-widget-container\">\n\t\t\t\t\t\t\t\t\t<p>Toutes les opportunit\u00e9s d&#8217;emploi dans le secteur de la formation en Fran\u00e7ais Langue \u00e9trang\u00e9re et seconde \u00e0 Bruxelles. N&rsquo;h\u00e9sitez pas \u00e0 nous communiquer toute nouvelle offre via notre page contact.<\/p>\t\t\t\t\t\t\t\t<\/div>\n\t\t\t\t<\/div>\n\t\t\t\t\t<\/div>\n\t\t\t\t<\/div>\n\t\t<div class=\"elementor-element elementor-element-91cb3b3 e-flex e-con-boxed e-con e-parent\" data-id=\"91cb3b3\" data-element_type=\"container\" data-e-type=\"container\" data-settings=\"{&quot;background_background&quot;:&quot;classic&quot;}\">\n\t\t\t\t\t<div class=\"e-con-inner\">\n\t\t\t\t<div class=\"elementor-element elementor-element-9e10d86 elementor-grid-3 elementor-grid-tablet-2 elementor-grid-mobile-1 elementor-posts--thumbnail-top elementor-widget elementor-widget-posts\" data-id=\"9e10d86\" data-element_type=\"widget\" data-e-type=\"widget\" data-settings=\"{&quot;classic_columns&quot;:&quot;3&quot;,&quot;classic_columns_tablet&quot;:&quot;2&quot;,&quot;classic_columns_mobile&quot;:&quot;1&quot;,&quot;classic_row_gap&quot;:{&quot;unit&quot;:&quot;px&quot;,&quot;size&quot;:35,&quot;sizes&quot;:[]},&quot;classic_row_gap_tablet&quot;:{&quot;unit&quot;:&quot;px&quot;,&quot;size&quot;:&quot;&quot;,&quot;sizes&quot;:[]},&quot;classic_row_gap_mobile&quot;:{&quot;unit&quot;:&quot;px&quot;,&quot;size&quot;:&quot;&quot;,&quot;sizes&quot;:[]}}\" data-widget_type=\"posts.classic\">\n\t\t\t\t<div class=\"elementor-widget-container\">\n\t\t\t\t\t\t\t<div class=\"elementor-posts-container elementor-posts elementor-posts--skin-classic elementor-grid\" role=\"list\">\n\t\t\t\t<article class=\"elementor-post elementor-grid-item post-14348 post type-post status-publish format-standard has-post-thumbnail hentry category-offres-de-volontariat\" role=\"listitem\">\n\t\t\t\t<a class=\"elementor-post__thumbnail__link\" href=\"https:\/\/devs.openbaz.be\/bruxellesfle\/formateurice-fle\/\" tabindex=\"-1\" >\n\t\t\t<div class=\"elementor-post__thumbnail\"><img decoding=\"async\" width=\"200\" height=\"200\" src=\"https:\/\/devs.openbaz.be\/bruxellesfle\/wp-content\/uploads\/2026\/02\/miniature-cultures-et-sante-200px.png\" class=\"attachment-full size-full wp-image-13587\" alt=\"\" srcset=\"https:\/\/devs.openbaz.be\/bruxellesfle\/wp-content\/uploads\/2026\/02\/miniature-cultures-et-sante-200px.png 200w, https:\/\/devs.openbaz.be\/bruxellesfle\/wp-content\/uploads\/2026\/02\/miniature-cultures-et-sante-200px-150x150.png 150w\" sizes=\"(max-width: 200px) 100vw, 200px\" \/><\/div>\n\t\t<\/a>\n\t\t\t\t<div class=\"elementor-post__text\">\n\t\t\t\t<h3 class=\"elementor-post__title\">\n\t\t\t<a href=\"https:\/\/devs.openbaz.be\/bruxellesfle\/formateurice-fle\/\" >\n\t\t\t\tFormateur\u00b7trice FLE b\u00e9n\u00e9vole\t\t\t<\/a>\n\t\t<\/h3>\n\t\t\t\t<div class=\"elementor-post__meta-data\">\n\t\t\t\t\t<span class=\"elementor-post-date\">\n\t\t\t1 avril 2026\t\t<\/span>\n\t\t\t\t<\/div>\n\t\t\n\t\t<a class=\"elementor-post__read-more\" href=\"https:\/\/devs.openbaz.be\/bruxellesfle\/formateurice-fle\/\" aria-label=\"En savoir plus sur Formateur\u00b7trice FLE b\u00e9n\u00e9vole\" tabindex=\"-1\" >\n\t\t\tPlus d'infos \u00bb\t\t<\/a>\n\n\t\t\t\t<\/div>\n\t\t\t\t<\/article>\n\t\t\t\t<article class=\"elementor-post elementor-grid-item post-14325 post type-post status-publish format-standard has-post-thumbnail hentry category-offres-de-volontariat\" role=\"listitem\">\n\t\t\t\t<a class=\"elementor-post__thumbnail__link\" href=\"https:\/\/devs.openbaz.be\/bruxellesfle\/formateur-trice-benevoles-cire\/\" tabindex=\"-1\" >\n\t\t\t<div class=\"elementor-post__thumbnail\"><img fetchpriority=\"high\" decoding=\"async\" width=\"800\" height=\"180\" src=\"https:\/\/devs.openbaz.be\/bruxellesfle\/wp-content\/uploads\/2020\/01\/bandeau-Cir\u00e9.jpg\" class=\"attachment-full size-full wp-image-5447\" alt=\"\" srcset=\"https:\/\/devs.openbaz.be\/bruxellesfle\/wp-content\/uploads\/2020\/01\/bandeau-Cir\u00e9.jpg 800w, https:\/\/devs.openbaz.be\/bruxellesfle\/wp-content\/uploads\/2020\/01\/bandeau-Cir\u00e9-300x68.jpg 300w, https:\/\/devs.openbaz.be\/bruxellesfle\/wp-content\/uploads\/2020\/01\/bandeau-Cir\u00e9-768x173.jpg 768w, https:\/\/devs.openbaz.be\/bruxellesfle\/wp-content\/uploads\/2020\/01\/bandeau-Cir\u00e9-200x45.jpg 200w, https:\/\/devs.openbaz.be\/bruxellesfle\/wp-content\/uploads\/2020\/01\/bandeau-Cir\u00e9-400x90.jpg 400w, https:\/\/devs.openbaz.be\/bruxellesfle\/wp-content\/uploads\/2020\/01\/bandeau-Cir\u00e9-600x135.jpg 600w\" sizes=\"(max-width: 800px) 100vw, 800px\" \/><\/div>\n\t\t<\/a>\n\t\t\t\t<div class=\"elementor-post__text\">\n\t\t\t\t<h3 class=\"elementor-post__title\">\n\t\t\t<a href=\"https:\/\/devs.openbaz.be\/bruxellesfle\/formateur-trice-benevoles-cire\/\" >\n\t\t\t\t2 formateur\u00b7trice\u00b7s FLE b\u00e9n\u00e9voles\t\t\t<\/a>\n\t\t<\/h3>\n\t\t\t\t<div class=\"elementor-post__meta-data\">\n\t\t\t\t\t<span class=\"elementor-post-date\">\n\t\t\t16 mars 2026\t\t<\/span>\n\t\t\t\t<\/div>\n\t\t\n\t\t<a class=\"elementor-post__read-more\" href=\"https:\/\/devs.openbaz.be\/bruxellesfle\/formateur-trice-benevoles-cire\/\" aria-label=\"En savoir plus sur 2 formateur\u00b7trice\u00b7s FLE b\u00e9n\u00e9voles\" tabindex=\"-1\" >\n\t\t\tPlus d'infos \u00bb\t\t<\/a>\n\n\t\t\t\t<\/div>\n\t\t\t\t<\/article>\n\t\t\t\t<article class=\"elementor-post elementor-grid-item post-14324 post type-post status-publish format-standard has-post-thumbnail hentry category-offres-de-volontariat\" role=\"listitem\">\n\t\t\t\t<a class=\"elementor-post__thumbnail__link\" href=\"https:\/\/devs.openbaz.be\/bruxellesfle\/formateurices-en-fle\/\" tabindex=\"-1\" >\n\t\t\t<div class=\"elementor-post__thumbnail\"><img decoding=\"async\" width=\"800\" height=\"180\" src=\"https:\/\/devs.openbaz.be\/bruxellesfle\/wp-content\/uploads\/2020\/06\/bandeau-le-maitre-mot.jpg\" class=\"attachment-full size-full wp-image-6854\" alt=\"\" srcset=\"https:\/\/devs.openbaz.be\/bruxellesfle\/wp-content\/uploads\/2020\/06\/bandeau-le-maitre-mot.jpg 800w, https:\/\/devs.openbaz.be\/bruxellesfle\/wp-content\/uploads\/2020\/06\/bandeau-le-maitre-mot-300x68.jpg 300w, https:\/\/devs.openbaz.be\/bruxellesfle\/wp-content\/uploads\/2020\/06\/bandeau-le-maitre-mot-768x173.jpg 768w, https:\/\/devs.openbaz.be\/bruxellesfle\/wp-content\/uploads\/2020\/06\/bandeau-le-maitre-mot-200x45.jpg 200w, https:\/\/devs.openbaz.be\/bruxellesfle\/wp-content\/uploads\/2020\/06\/bandeau-le-maitre-mot-400x90.jpg 400w, https:\/\/devs.openbaz.be\/bruxellesfle\/wp-content\/uploads\/2020\/06\/bandeau-le-maitre-mot-600x135.jpg 600w\" sizes=\"(max-width: 800px) 100vw, 800px\" \/><\/div>\n\t\t<\/a>\n\t\t\t\t<div class=\"elementor-post__text\">\n\t\t\t\t<h3 class=\"elementor-post__title\">\n\t\t\t<a href=\"https:\/\/devs.openbaz.be\/bruxellesfle\/formateurices-en-fle\/\" >\n\t\t\t\tFormateurices en FLE\t\t\t<\/a>\n\t\t<\/h3>\n\t\t\t\t<div class=\"elementor-post__meta-data\">\n\t\t\t\t\t<span class=\"elementor-post-date\">\n\t\t\t2 septembre 2025\t\t<\/span>\n\t\t\t\t<\/div>\n\t\t\n\t\t<a class=\"elementor-post__read-more\" href=\"https:\/\/devs.openbaz.be\/bruxellesfle\/formateurices-en-fle\/\" aria-label=\"En savoir plus sur Formateurices en FLE\" tabindex=\"-1\" >\n\t\t\tPlus d'infos \u00bb\t\t<\/a>\n\n\t\t\t\t<\/div>\n\t\t\t\t<\/article>\n\t\t\t\t<article class=\"elementor-post elementor-grid-item post-14405 post type-post status-publish format-standard has-post-thumbnail hentry category-a1 category-comprehension-orale category-ecole-education category-ressources-pedagogiques\" role=\"listitem\">\n\t\t\t\t<div class=\"elementor-post__text\">\n\t\t\t\t<h3 class=\"elementor-post__title\">\n\t\t\t<a href=\"https:\/\/devs.openbaz.be\/bruxellesfle\/emploi-temps-scolaire-enfant\/\" >\n\t\t\t\tComprendre l\u2019emploi du temps scolaire de son enfant\t\t\t<\/a>\n\t\t<\/h3>\n\t\t\t\t<div class=\"elementor-post__meta-data\">\n\t\t\t\t\t<span class=\"elementor-post-date\">\n\t\t\t19 mars 2025\t\t<\/span>\n\t\t\t\t<\/div>\n\t\t\n\t\t<a class=\"elementor-post__read-more\" href=\"https:\/\/devs.openbaz.be\/bruxellesfle\/emploi-temps-scolaire-enfant\/\" aria-label=\"En savoir plus sur Comprendre l\u2019emploi du temps scolaire de son enfant\" tabindex=\"-1\" >\n\t\t\tPlus d'infos \u00bb\t\t<\/a>\n\n\t\t\t\t<\/div>\n\t\t\t\t<\/article>\n\t\t\t\t<article class=\"elementor-post elementor-grid-item post-14404 post type-post status-publish format-standard has-post-thumbnail hentry category-a1 category-a2 category-comprehension-ecrite category-ecole-education category-fiches-activites category-ressources-pedagogiques\" role=\"listitem\">\n\t\t\t\t<div class=\"elementor-post__text\">\n\t\t\t\t<h3 class=\"elementor-post__title\">\n\t\t\t<a href=\"https:\/\/devs.openbaz.be\/bruxellesfle\/comprendre-un-avis-concernant-une-epidemie-dans-letablissement-scolaire\/\" >\n\t\t\t\tComprendre un avis concernant une \u00e9pid\u00e9mie dans l\u2019\u00e9tablissement scolaire\t\t\t<\/a>\n\t\t<\/h3>\n\t\t\t\t<div class=\"elementor-post__meta-data\">\n\t\t\t\t\t<span class=\"elementor-post-date\">\n\t\t\t19 mars 2025\t\t<\/span>\n\t\t\t\t<\/div>\n\t\t\n\t\t<a class=\"elementor-post__read-more\" href=\"https:\/\/devs.openbaz.be\/bruxellesfle\/comprendre-un-avis-concernant-une-epidemie-dans-letablissement-scolaire\/\" aria-label=\"En savoir plus sur Comprendre un avis concernant une \u00e9pid\u00e9mie dans l\u2019\u00e9tablissement scolaire\" tabindex=\"-1\" >\n\t\t\tPlus d'infos \u00bb\t\t<\/a>\n\n\t\t\t\t<\/div>\n\t\t\t\t<\/article>\n\t\t\t\t<article class=\"elementor-post elementor-grid-item post-14403 post type-post status-publish format-standard has-post-thumbnail hentry category-comprehension-ecrite category-fiches-activites category-production-ecrite category-ressources-pedagogiques\" role=\"listitem\">\n\t\t\t\t<div class=\"elementor-post__text\">\n\t\t\t\t<h3 class=\"elementor-post__title\">\n\t\t\t<a href=\"https:\/\/devs.openbaz.be\/bruxellesfle\/comprendre-un-document-informatif-sur-la-lunch-box-a-lecole\/\" >\n\t\t\t\tComprendre un document informatif sur la lunch box \u00e0 l\u2019\u00e9cole\t\t\t<\/a>\n\t\t<\/h3>\n\t\t\t\t<div class=\"elementor-post__meta-data\">\n\t\t\t\t\t<span class=\"elementor-post-date\">\n\t\t\t18 mars 2025\t\t<\/span>\n\t\t\t\t<\/div>\n\t\t\n\t\t<a class=\"elementor-post__read-more\" href=\"https:\/\/devs.openbaz.be\/bruxellesfle\/comprendre-un-document-informatif-sur-la-lunch-box-a-lecole\/\" aria-label=\"En savoir plus sur Comprendre un document informatif sur la lunch box \u00e0 l\u2019\u00e9cole\" tabindex=\"-1\" >\n\t\t\tPlus d'infos \u00bb\t\t<\/a>\n\n\t\t\t\t<\/div>\n\t\t\t\t<\/article>\n\t\t\t\t<\/div>\n\t\t\n\t\t\t\t\t\t<\/div>\n\t\t\t\t<\/div>\n\t\t\t\t\t<\/div>\n\t\t\t\t<\/div>\n\t\t<div class=\"elementor-element elementor-element-b0fdaf3 e-flex e-con-boxed e-con e-parent\" data-id=\"b0fdaf3\" data-element_type=\"container\" data-e-type=\"container\" data-settings=\"{&quot;background_background&quot;:&quot;classic&quot;,&quot;background_motion_fx_motion_fx_scrolling&quot;:&quot;yes&quot;,&quot;background_motion_fx_translateY_effect&quot;:&quot;yes&quot;,&quot;background_motion_fx_translateY_direction&quot;:&quot;negative&quot;,&quot;background_motion_fx_translateY_speed&quot;:{&quot;unit&quot;:&quot;px&quot;,&quot;size&quot;:1.5,&quot;sizes&quot;:[]},&quot;background_motion_fx_opacity_effect&quot;:&quot;yes&quot;,&quot;background_motion_fx_opacity_direction&quot;:&quot;in-out&quot;,&quot;background_motion_fx_opacity_level&quot;:{&quot;unit&quot;:&quot;px&quot;,&quot;size&quot;:3.9,&quot;sizes&quot;:[]},&quot;background_motion_fx_motion_fx_mouse&quot;:&quot;yes&quot;,&quot;background_motion_fx_mouseTrack_effect&quot;:&quot;yes&quot;,&quot;background_motion_fx_mouseTrack_speed&quot;:{&quot;unit&quot;:&quot;px&quot;,&quot;size&quot;:1.5,&quot;sizes&quot;:[]},&quot;background_motion_fx_translateY_affectedRange&quot;:{&quot;unit&quot;:&quot;%&quot;,&quot;size&quot;:&quot;&quot;,&quot;sizes&quot;:{&quot;start&quot;:0,&quot;end&quot;:100}},&quot;background_motion_fx_opacity_range&quot;:{&quot;unit&quot;:&quot;%&quot;,&quot;size&quot;:&quot;&quot;,&quot;sizes&quot;:{&quot;start&quot;:20,&quot;end&quot;:80}},&quot;background_motion_fx_devices&quot;:[&quot;desktop&quot;,&quot;tablet&quot;,&quot;mobile&quot;]}\">\n\t\t\t\t\t<div class=\"e-con-inner\">\n\t\t\t\t<div class=\"elementor-element elementor-element-dbf4e51 elementor-widget elementor-widget-heading\" data-id=\"dbf4e51\" data-element_type=\"widget\" data-e-type=\"widget\" data-widget_type=\"heading.default\">\n\t\t\t\t<div class=\"elementor-widget-container\">\n\t\t\t\t\t<h2 class=\"elementor-heading-title elementor-size-default\">Offres de volontariat<\/h2>\t\t\t\t<\/div>\n\t\t\t\t<\/div>\n\t\t\t\t<div class=\"elementor-element elementor-element-f217e86 elementor-widget elementor-widget-text-editor\" data-id=\"f217e86\" data-element_type=\"widget\" data-e-type=\"widget\" data-widget_type=\"text-editor.default\">\n\t\t\t\t<div class=\"elementor-widget-container\">\n\t\t\t\t\t\t\t\t\t<p>Toutes les opportunit\u00e9s de volontariat dans le secteur de la formation en Fran\u00e7ais Langue \u00e9trang\u00e8re et seconde \u00e0 Bruxelles.<\/p><p>Consultez \u00e9galement la page des offres de b\u00e9n\u00e9volat de Lire et Ecrire.<\/p><p>N&rsquo;h\u00e9sitez pas \u00e0 nous communiquer toute nouvelle offre via notre page contact.<\/p>\t\t\t\t\t\t\t\t<\/div>\n\t\t\t\t<\/div>\n\t\t\t\t\t<\/div>\n\t\t\t\t<\/div>\n\t\t<div class=\"elementor-element elementor-element-7859444 e-flex e-con-boxed e-con e-parent\" data-id=\"7859444\" data-element_type=\"container\" data-e-type=\"container\" data-settings=\"{&quot;background_background&quot;:&quot;classic&quot;}\">\n\t\t\t\t\t<div class=\"e-con-inner\">\n\t\t\t\t<div class=\"elementor-element elementor-element-3f08ef9 elementor-grid-3 elementor-grid-tablet-2 elementor-grid-mobile-1 elementor-posts--thumbnail-top elementor-widget elementor-widget-posts\" data-id=\"3f08ef9\" data-element_type=\"widget\" data-e-type=\"widget\" data-settings=\"{&quot;classic_columns&quot;:&quot;3&quot;,&quot;classic_columns_tablet&quot;:&quot;2&quot;,&quot;classic_columns_mobile&quot;:&quot;1&quot;,&quot;classic_row_gap&quot;:{&quot;unit&quot;:&quot;px&quot;,&quot;size&quot;:35,&quot;sizes&quot;:[]},&quot;classic_row_gap_tablet&quot;:{&quot;unit&quot;:&quot;px&quot;,&quot;size&quot;:&quot;&quot;,&quot;sizes&quot;:[]},&quot;classic_row_gap_mobile&quot;:{&quot;unit&quot;:&quot;px&quot;,&quot;size&quot;:&quot;&quot;,&quot;sizes&quot;:[]}}\" data-widget_type=\"posts.classic\">\n\t\t\t\t<div class=\"elementor-widget-container\">\n\t\t\t\t\t\t\t<div class=\"elementor-posts-container elementor-posts elementor-posts--skin-classic elementor-grid\" role=\"list\">\n\t\t\t\t<article class=\"elementor-post elementor-grid-item post-14348 post type-post status-publish format-standard has-post-thumbnail hentry category-offres-de-volontariat\" role=\"listitem\">\n\t\t\t\t<a class=\"elementor-post__thumbnail__link\" href=\"https:\/\/devs.openbaz.be\/bruxellesfle\/formateurice-fle\/\" tabindex=\"-1\" >\n\t\t\t<div class=\"elementor-post__thumbnail\"><img decoding=\"async\" width=\"200\" height=\"200\" src=\"https:\/\/devs.openbaz.be\/bruxellesfle\/wp-content\/uploads\/2026\/02\/miniature-cultures-et-sante-200px.png\" class=\"attachment-full size-full wp-image-13587\" alt=\"\" srcset=\"https:\/\/devs.openbaz.be\/bruxellesfle\/wp-content\/uploads\/2026\/02\/miniature-cultures-et-sante-200px.png 200w, https:\/\/devs.openbaz.be\/bruxellesfle\/wp-content\/uploads\/2026\/02\/miniature-cultures-et-sante-200px-150x150.png 150w\" sizes=\"(max-width: 200px) 100vw, 200px\" \/><\/div>\n\t\t<\/a>\n\t\t\t\t<div class=\"elementor-post__text\">\n\t\t\t\t<h3 class=\"elementor-post__title\">\n\t\t\t<a href=\"https:\/\/devs.openbaz.be\/bruxellesfle\/formateurice-fle\/\" >\n\t\t\t\tFormateur\u00b7trice FLE b\u00e9n\u00e9vole\t\t\t<\/a>\n\t\t<\/h3>\n\t\t\t\t<div class=\"elementor-post__meta-data\">\n\t\t\t\t\t<span class=\"elementor-post-date\">\n\t\t\t1 avril 2026\t\t<\/span>\n\t\t\t\t<\/div>\n\t\t\n\t\t<a class=\"elementor-post__read-more\" href=\"https:\/\/devs.openbaz.be\/bruxellesfle\/formateurice-fle\/\" aria-label=\"En savoir plus sur Formateur\u00b7trice FLE b\u00e9n\u00e9vole\" tabindex=\"-1\" >\n\t\t\tPlus d'infos \u00bb\t\t<\/a>\n\n\t\t\t\t<\/div>\n\t\t\t\t<\/article>\n\t\t\t\t<article class=\"elementor-post elementor-grid-item post-14325 post type-post status-publish format-standard has-post-thumbnail hentry category-offres-de-volontariat\" role=\"listitem\">\n\t\t\t\t<a class=\"elementor-post__thumbnail__link\" href=\"https:\/\/devs.openbaz.be\/bruxellesfle\/formateur-trice-benevoles-cire\/\" tabindex=\"-1\" >\n\t\t\t<div class=\"elementor-post__thumbnail\"><img fetchpriority=\"high\" decoding=\"async\" width=\"800\" height=\"180\" src=\"https:\/\/devs.openbaz.be\/bruxellesfle\/wp-content\/uploads\/2020\/01\/bandeau-Cir\u00e9.jpg\" class=\"attachment-full size-full wp-image-5447\" alt=\"\" srcset=\"https:\/\/devs.openbaz.be\/bruxellesfle\/wp-content\/uploads\/2020\/01\/bandeau-Cir\u00e9.jpg 800w, https:\/\/devs.openbaz.be\/bruxellesfle\/wp-content\/uploads\/2020\/01\/bandeau-Cir\u00e9-300x68.jpg 300w, https:\/\/devs.openbaz.be\/bruxellesfle\/wp-content\/uploads\/2020\/01\/bandeau-Cir\u00e9-768x173.jpg 768w, https:\/\/devs.openbaz.be\/bruxellesfle\/wp-content\/uploads\/2020\/01\/bandeau-Cir\u00e9-200x45.jpg 200w, https:\/\/devs.openbaz.be\/bruxellesfle\/wp-content\/uploads\/2020\/01\/bandeau-Cir\u00e9-400x90.jpg 400w, https:\/\/devs.openbaz.be\/bruxellesfle\/wp-content\/uploads\/2020\/01\/bandeau-Cir\u00e9-600x135.jpg 600w\" sizes=\"(max-width: 800px) 100vw, 800px\" \/><\/div>\n\t\t<\/a>\n\t\t\t\t<div class=\"elementor-post__text\">\n\t\t\t\t<h3 class=\"elementor-post__title\">\n\t\t\t<a href=\"https:\/\/devs.openbaz.be\/bruxellesfle\/formateur-trice-benevoles-cire\/\" >\n\t\t\t\t2 formateur\u00b7trice\u00b7s FLE b\u00e9n\u00e9voles\t\t\t<\/a>\n\t\t<\/h3>\n\t\t\t\t<div class=\"elementor-post__meta-data\">\n\t\t\t\t\t<span class=\"elementor-post-date\">\n\t\t\t16 mars 2026\t\t<\/span>\n\t\t\t\t<\/div>\n\t\t\n\t\t<a class=\"elementor-post__read-more\" href=\"https:\/\/devs.openbaz.be\/bruxellesfle\/formateur-trice-benevoles-cire\/\" aria-label=\"En savoir plus sur 2 formateur\u00b7trice\u00b7s FLE b\u00e9n\u00e9voles\" tabindex=\"-1\" >\n\t\t\tPlus d'infos \u00bb\t\t<\/a>\n\n\t\t\t\t<\/div>\n\t\t\t\t<\/article>\n\t\t\t\t<article class=\"elementor-post elementor-grid-item post-14324 post type-post status-publish format-standard has-post-thumbnail hentry category-offres-de-volontariat\" role=\"listitem\">\n\t\t\t\t<a class=\"elementor-post__thumbnail__link\" href=\"https:\/\/devs.openbaz.be\/bruxellesfle\/formateurices-en-fle\/\" tabindex=\"-1\" >\n\t\t\t<div class=\"elementor-post__thumbnail\"><img decoding=\"async\" width=\"800\" height=\"180\" src=\"https:\/\/devs.openbaz.be\/bruxellesfle\/wp-content\/uploads\/2020\/06\/bandeau-le-maitre-mot.jpg\" class=\"attachment-full size-full wp-image-6854\" alt=\"\" srcset=\"https:\/\/devs.openbaz.be\/bruxellesfle\/wp-content\/uploads\/2020\/06\/bandeau-le-maitre-mot.jpg 800w, https:\/\/devs.openbaz.be\/bruxellesfle\/wp-content\/uploads\/2020\/06\/bandeau-le-maitre-mot-300x68.jpg 300w, https:\/\/devs.openbaz.be\/bruxellesfle\/wp-content\/uploads\/2020\/06\/bandeau-le-maitre-mot-768x173.jpg 768w, https:\/\/devs.openbaz.be\/bruxellesfle\/wp-content\/uploads\/2020\/06\/bandeau-le-maitre-mot-200x45.jpg 200w, https:\/\/devs.openbaz.be\/bruxellesfle\/wp-content\/uploads\/2020\/06\/bandeau-le-maitre-mot-400x90.jpg 400w, https:\/\/devs.openbaz.be\/bruxellesfle\/wp-content\/uploads\/2020\/06\/bandeau-le-maitre-mot-600x135.jpg 600w\" sizes=\"(max-width: 800px) 100vw, 800px\" \/><\/div>\n\t\t<\/a>\n\t\t\t\t<div class=\"elementor-post__text\">\n\t\t\t\t<h3 class=\"elementor-post__title\">\n\t\t\t<a href=\"https:\/\/devs.openbaz.be\/bruxellesfle\/formateurices-en-fle\/\" >\n\t\t\t\tFormateurices en FLE\t\t\t<\/a>\n\t\t<\/h3>\n\t\t\t\t<div class=\"elementor-post__meta-data\">\n\t\t\t\t\t<span class=\"elementor-post-date\">\n\t\t\t2 septembre 2025\t\t<\/span>\n\t\t\t\t<\/div>\n\t\t\n\t\t<a class=\"elementor-post__read-more\" href=\"https:\/\/devs.openbaz.be\/bruxellesfle\/formateurices-en-fle\/\" aria-label=\"En savoir plus sur Formateurices en FLE\" tabindex=\"-1\" >\n\t\t\tPlus d'infos \u00bb\t\t<\/a>\n\n\t\t\t\t<\/div>\n\t\t\t\t<\/article>\n\t\t\t\t<article class=\"elementor-post elementor-grid-item post-14405 post type-post status-publish format-standard has-post-thumbnail hentry category-a1 category-comprehension-orale category-ecole-education category-ressources-pedagogiques\" role=\"listitem\">\n\t\t\t\t<div class=\"elementor-post__text\">\n\t\t\t\t<h3 class=\"elementor-post__title\">\n\t\t\t<a href=\"https:\/\/devs.openbaz.be\/bruxellesfle\/emploi-temps-scolaire-enfant\/\" >\n\t\t\t\tComprendre l\u2019emploi du temps scolaire de son enfant\t\t\t<\/a>\n\t\t<\/h3>\n\t\t\t\t<div class=\"elementor-post__meta-data\">\n\t\t\t\t\t<span class=\"elementor-post-date\">\n\t\t\t19 mars 2025\t\t<\/span>\n\t\t\t\t<\/div>\n\t\t\n\t\t<a class=\"elementor-post__read-more\" href=\"https:\/\/devs.openbaz.be\/bruxellesfle\/emploi-temps-scolaire-enfant\/\" aria-label=\"En savoir plus sur Comprendre l\u2019emploi du temps scolaire de son enfant\" tabindex=\"-1\" >\n\t\t\tPlus d'infos \u00bb\t\t<\/a>\n\n\t\t\t\t<\/div>\n\t\t\t\t<\/article>\n\t\t\t\t<article class=\"elementor-post elementor-grid-item post-14404 post type-post status-publish format-standard has-post-thumbnail hentry category-a1 category-a2 category-comprehension-ecrite category-ecole-education category-fiches-activites category-ressources-pedagogiques\" role=\"listitem\">\n\t\t\t\t<div class=\"elementor-post__text\">\n\t\t\t\t<h3 class=\"elementor-post__title\">\n\t\t\t<a href=\"https:\/\/devs.openbaz.be\/bruxellesfle\/comprendre-un-avis-concernant-une-epidemie-dans-letablissement-scolaire\/\" >\n\t\t\t\tComprendre un avis concernant une \u00e9pid\u00e9mie dans l\u2019\u00e9tablissement scolaire\t\t\t<\/a>\n\t\t<\/h3>\n\t\t\t\t<div class=\"elementor-post__meta-data\">\n\t\t\t\t\t<span class=\"elementor-post-date\">\n\t\t\t19 mars 2025\t\t<\/span>\n\t\t\t\t<\/div>\n\t\t\n\t\t<a class=\"elementor-post__read-more\" href=\"https:\/\/devs.openbaz.be\/bruxellesfle\/comprendre-un-avis-concernant-une-epidemie-dans-letablissement-scolaire\/\" aria-label=\"En savoir plus sur Comprendre un avis concernant une \u00e9pid\u00e9mie dans l\u2019\u00e9tablissement scolaire\" tabindex=\"-1\" >\n\t\t\tPlus d'infos \u00bb\t\t<\/a>\n\n\t\t\t\t<\/div>\n\t\t\t\t<\/article>\n\t\t\t\t<article class=\"elementor-post elementor-grid-item post-14403 post type-post status-publish format-standard has-post-thumbnail hentry category-comprehension-ecrite category-fiches-activites category-production-ecrite category-ressources-pedagogiques\" role=\"listitem\">\n\t\t\t\t<div class=\"elementor-post__text\">\n\t\t\t\t<h3 class=\"elementor-post__title\">\n\t\t\t<a href=\"https:\/\/devs.openbaz.be\/bruxellesfle\/comprendre-un-document-informatif-sur-la-lunch-box-a-lecole\/\" >\n\t\t\t\tComprendre un document informatif sur la lunch box \u00e0 l\u2019\u00e9cole\t\t\t<\/a>\n\t\t<\/h3>\n\t\t\t\t<div class=\"elementor-post__meta-data\">\n\t\t\t\t\t<span class=\"elementor-post-date\">\n\t\t\t18 mars 2025\t\t<\/span>\n\t\t\t\t<\/div>\n\t\t\n\t\t<a class=\"elementor-post__read-more\" href=\"https:\/\/devs.openbaz.be\/bruxellesfle\/comprendre-un-document-informatif-sur-la-lunch-box-a-lecole\/\" aria-label=\"En savoir plus sur Comprendre un document informatif sur la lunch box \u00e0 l\u2019\u00e9cole\" tabindex=\"-1\" >\n\t\t\tPlus d'infos \u00bb\t\t<\/a>\n\n\t\t\t\t<\/div>\n\t\t\t\t<\/article>\n\t\t\t\t<\/div>\n\t\t\n\t\t\t\t\t\t<\/div>\n\t\t\t\t<\/div>\n\t\t\t\t\t<\/div>\n\t\t\t\t<\/div>\n\t\t\t\t<\/div>\n\t\t","protected":false},"excerpt":{"rendered":"<p>Offres d\u2019emploi Toutes les opportunit\u00e9s d&#8217;emploi dans le secteur de la formation en Fran\u00e7ais Langue \u00e9trang\u00e9re et seconde \u00e0 Bruxelles. N&rsquo;h\u00e9sitez pas \u00e0 nous communiquer<\/p>\n","protected":false},"author":46,"featured_media":0,"parent":0,"menu_order":0,"comment_status":"closed","ping_status":"closed","template":"","meta":{"footnotes":"","_links_to":"","_links_to_target":""},"class_list":["post-12007","page","type-page","status-publish","hentry"],"aioseo_notices":[],"_links":{"self":[{"href":"https:\/\/devs.openbaz.be\/bruxellesfle\/wp-json\/wp\/v2\/pages\/12007","targetHints":{"allow":["GET"]}}],"collection":[{"href":"https:\/\/devs.openbaz.be\/bruxellesfle\/wp-json\/wp\/v2\/pages"}],"about":[{"href":"https:\/\/devs.openbaz.be\/bruxellesfle\/wp-json\/wp\/v2\/types\/page"}],"author":[{"embeddable":true,"href":"https:\/\/devs.openbaz.be\/bruxellesfle\/wp-json\/wp\/v2\/users\/46"}],"replies":[{"embeddable":true,"href":"https:\/\/devs.openbaz.be\/bruxellesfle\/wp-json\/wp\/v2\/comments?post=12007"}],"version-history":[{"count":22,"href":"https:\/\/devs.openbaz.be\/bruxellesfle\/wp-json\/wp\/v2\/pages\/12007\/revisions"}],"predecessor-version":[{"id":13944,"href":"https:\/\/devs.openbaz.be\/bruxellesfle\/wp-json\/wp\/v2\/pages\/12007\/revisions\/13944"}],"wp:attachment":[{"href":"https:\/\/devs.openbaz.be\/bruxellesfle\/wp-json\/wp\/v2\/media?parent=12007"}],"curies":[{"name":"wp","href":"https:\/\/api.w.org\/{rel}","templated":true}]}}