{"id":11978,"date":"2024-04-03T16:27:19","date_gmt":"2024-04-03T14:27:19","guid":{"rendered":"https:\/\/devs.openbaz.be\/bruxellesfle\/?page_id=11978"},"modified":"2026-03-17T15:49:02","modified_gmt":"2026-03-17T14:49:02","slug":"evenements-par-bruxelles-fle","status":"publish","type":"page","link":"https:\/\/devs.openbaz.be\/bruxellesfle\/evenements-par-bruxelles-fle\/","title":{"rendered":"\u00c9v\u00e9nements par Bruxelles FLE"},"content":{"rendered":"\t\t<div data-elementor-type=\"wp-page\" data-elementor-id=\"11978\" class=\"elementor elementor-11978\" data-elementor-post-type=\"page\">\n\t\t\t\t<div class=\"elementor-element elementor-element-c542df7 e-flex e-con-boxed e-con e-parent\" data-id=\"c542df7\" data-element_type=\"container\" data-e-type=\"container\" data-settings=\"{&quot;background_background&quot;:&quot;classic&quot;}\">\n\t\t\t\t\t<div class=\"e-con-inner\">\n\t\t\t\t<div class=\"elementor-element elementor-element-0136036 elementor-widget elementor-widget-heading\" data-id=\"0136036\" data-element_type=\"widget\" data-e-type=\"widget\" data-widget_type=\"heading.default\">\n\t\t\t\t<div class=\"elementor-widget-container\">\n\t\t\t\t\t<h2 class=\"elementor-heading-title elementor-size-default\">\u00c9v\u00e9nements organis\u00e9s par Bruxelles FLE<\/h2>\t\t\t\t<\/div>\n\t\t\t\t<\/div>\n\t\t\t\t<div class=\"elementor-element elementor-element-6ef3bc4 elementor-widget elementor-widget-text-editor\" data-id=\"6ef3bc4\" data-element_type=\"widget\" data-e-type=\"widget\" data-widget_type=\"text-editor.default\">\n\t\t\t\t<div class=\"elementor-widget-container\">\n\t\t\t\t\t\t\t\t\t<p>Dans le cadre de notre mission d\u2019appui p\u00e9dagogique et de diffusion de connaissance en FLE, nous organisons r\u00e9guli\u00e8rement des \u00e9v\u00e9nements avec des intervenants et experts ext\u00e9rieurs qui alimentent la r\u00e9flexion autour des m\u00e9thodes d\u2019enseignement du FLE.<\/p>\t\t\t\t\t\t\t\t<\/div>\n\t\t\t\t<\/div>\n\t\t\t\t\t<\/div>\n\t\t\t\t<\/div>\n\t\t<div class=\"elementor-element elementor-element-3e570a2 e-flex e-con-boxed e-con e-parent\" data-id=\"3e570a2\" data-element_type=\"container\" data-e-type=\"container\" data-settings=\"{&quot;background_background&quot;:&quot;classic&quot;}\">\n\t\t\t\t\t<div class=\"e-con-inner\">\n\t\t<div class=\"elementor-element elementor-element-3c8f99c e-con-full e-flex e-con e-child\" data-id=\"3c8f99c\" data-element_type=\"container\" data-e-type=\"container\">\n\t\t\t\t<div class=\"elementor-element elementor-element-df58b2a elementor-widget elementor-widget-heading\" data-id=\"df58b2a\" data-element_type=\"widget\" data-e-type=\"widget\" data-widget_type=\"heading.default\">\n\t\t\t\t<div class=\"elementor-widget-container\">\n\t\t\t\t\t<h2 class=\"elementor-heading-title elementor-size-default\">2024<\/h2>\t\t\t\t<\/div>\n\t\t\t\t<\/div>\n\t\t\t\t<\/div>\n\t\t<div class=\"elementor-element elementor-element-56359f1 e-con-full e-grid e-con e-child\" data-id=\"56359f1\" data-element_type=\"container\" data-e-type=\"container\" data-settings=\"{&quot;background_background&quot;:&quot;classic&quot;}\">\n\t\t\t\t<div class=\"elementor-element elementor-element-9ff1ce9 elementor-widget elementor-widget-image\" data-id=\"9ff1ce9\" data-element_type=\"widget\" data-e-type=\"widget\" data-widget_type=\"image.default\">\n\t\t\t\t<div class=\"elementor-widget-container\">\n\t\t\t\t\t\t\t\t\t\t\t\t\t\t\t\t<a href=\"https:\/\/devs.openbaz.be\/bruxellesfle\/rencontre-ouvrir-les-perspectives-des-jeunes-allophones-a-bruxelles\/\">\n\t\t\t\t\t\t\t<img fetchpriority=\"high\" decoding=\"async\" width=\"500\" height=\"250\" src=\"https:\/\/devs.openbaz.be\/bruxellesfle\/wp-content\/uploads\/2026\/02\/Miniature-event-jeunes-500px.jpg\" class=\"elementor-animation-float attachment-full size-full wp-image-13702\" alt=\"\" srcset=\"https:\/\/devs.openbaz.be\/bruxellesfle\/wp-content\/uploads\/2026\/02\/Miniature-event-jeunes-500px.jpg 500w, https:\/\/devs.openbaz.be\/bruxellesfle\/wp-content\/uploads\/2026\/02\/Miniature-event-jeunes-500px-300x150.jpg 300w\" sizes=\"(max-width: 500px) 100vw, 500px\" \/>\t\t\t\t\t\t\t\t<\/a>\n\t\t\t\t\t\t\t\t\t\t\t\t\t\t\t<\/div>\n\t\t\t\t<\/div>\n\t\t\t\t<div class=\"elementor-element elementor-element-ecc8585 elementor-widget elementor-widget-image\" data-id=\"ecc8585\" data-element_type=\"widget\" data-e-type=\"widget\" data-widget_type=\"image.default\">\n\t\t\t\t<div class=\"elementor-widget-container\">\n\t\t\t\t\t\t\t\t\t\t\t\t\t\t\t\t<a href=\"https:\/\/devs.openbaz.be\/bruxellesfle\/liaisons-fle-4\/\">\n\t\t\t\t\t\t\t<img decoding=\"async\" width=\"500\" height=\"250\" src=\"https:\/\/devs.openbaz.be\/bruxellesfle\/wp-content\/uploads\/2026\/02\/visuel-liaisons-fle-4-500px.jpg\" class=\"elementor-animation-float attachment-full size-full wp-image-13701\" alt=\"\" srcset=\"https:\/\/devs.openbaz.be\/bruxellesfle\/wp-content\/uploads\/2026\/02\/visuel-liaisons-fle-4-500px.jpg 500w, https:\/\/devs.openbaz.be\/bruxellesfle\/wp-content\/uploads\/2026\/02\/visuel-liaisons-fle-4-500px-300x150.jpg 300w\" sizes=\"(max-width: 500px) 100vw, 500px\" \/>\t\t\t\t\t\t\t\t<\/a>\n\t\t\t\t\t\t\t\t\t\t\t\t\t\t\t<\/div>\n\t\t\t\t<\/div>\n\t\t\t\t<\/div>\n\t\t\t\t\t<\/div>\n\t\t\t\t<\/div>\n\t\t<div class=\"elementor-element elementor-element-118dd0a e-flex e-con-boxed e-con e-parent\" data-id=\"118dd0a\" data-element_type=\"container\" data-e-type=\"container\" data-settings=\"{&quot;background_background&quot;:&quot;classic&quot;}\">\n\t\t\t\t\t<div class=\"e-con-inner\">\n\t\t<div class=\"elementor-element elementor-element-19dffa8 e-con-full e-flex e-con e-child\" data-id=\"19dffa8\" data-element_type=\"container\" data-e-type=\"container\">\n\t\t\t\t<div class=\"elementor-element elementor-element-7f7d90b elementor-widget elementor-widget-heading\" data-id=\"7f7d90b\" data-element_type=\"widget\" data-e-type=\"widget\" data-widget_type=\"heading.default\">\n\t\t\t\t<div class=\"elementor-widget-container\">\n\t\t\t\t\t<h2 class=\"elementor-heading-title elementor-size-default\">2023<\/h2>\t\t\t\t<\/div>\n\t\t\t\t<\/div>\n\t\t<div class=\"elementor-element elementor-element-8c7c390 e-con-full e-grid e-con e-child\" data-id=\"8c7c390\" data-element_type=\"container\" data-e-type=\"container\" data-settings=\"{&quot;background_background&quot;:&quot;classic&quot;}\">\n\t\t\t\t<div class=\"elementor-element elementor-element-6c5e765 elementor-widget elementor-widget-image\" data-id=\"6c5e765\" data-element_type=\"widget\" data-e-type=\"widget\" data-widget_type=\"image.default\">\n\t\t\t\t<div class=\"elementor-widget-container\">\n\t\t\t\t\t\t\t\t\t\t\t\t\t\t\t\t<a href=\"https:\/\/devs.openbaz.be\/bruxellesfle\/rencontre-parler-sante-quand-on-ne-parle-pas-francais\/\">\n\t\t\t\t\t\t\t<img decoding=\"async\" width=\"500\" height=\"250\" src=\"https:\/\/devs.openbaz.be\/bruxellesfle\/wp-content\/uploads\/2023\/10\/visuel-peri-2023-miniature.jpg\" class=\"elementor-animation-float attachment-full size-full wp-image-11462\" alt=\"\" srcset=\"https:\/\/devs.openbaz.be\/bruxellesfle\/wp-content\/uploads\/2023\/10\/visuel-peri-2023-miniature.jpg 500w, https:\/\/devs.openbaz.be\/bruxellesfle\/wp-content\/uploads\/2023\/10\/visuel-peri-2023-miniature-300x150.jpg 300w, https:\/\/devs.openbaz.be\/bruxellesfle\/wp-content\/uploads\/2023\/10\/visuel-peri-2023-miniature-200x100.jpg 200w, https:\/\/devs.openbaz.be\/bruxellesfle\/wp-content\/uploads\/2023\/10\/visuel-peri-2023-miniature-400x200.jpg 400w\" sizes=\"(max-width: 500px) 100vw, 500px\" \/>\t\t\t\t\t\t\t\t<\/a>\n\t\t\t\t\t\t\t\t\t\t\t\t\t\t\t<\/div>\n\t\t\t\t<\/div>\n\t\t\t\t<div class=\"elementor-element elementor-element-485ced2 elementor-widget elementor-widget-image\" data-id=\"485ced2\" data-element_type=\"widget\" data-e-type=\"widget\" data-widget_type=\"image.default\">\n\t\t\t\t<div class=\"elementor-widget-container\">\n\t\t\t\t\t\t\t\t\t\t\t\t\t\t\t\t<a href=\"https:\/\/devs.openbaz.be\/bruxellesfle\/liaisons-fle-3\/\">\n\t\t\t\t\t\t\t<img loading=\"lazy\" decoding=\"async\" width=\"500\" height=\"250\" src=\"https:\/\/devs.openbaz.be\/bruxellesfle\/wp-content\/uploads\/2023\/05\/miniature-liaisons-fle-3.jpg\" class=\"elementor-animation-float attachment-full size-full wp-image-11113\" alt=\"\" srcset=\"https:\/\/devs.openbaz.be\/bruxellesfle\/wp-content\/uploads\/2023\/05\/miniature-liaisons-fle-3.jpg 500w, https:\/\/devs.openbaz.be\/bruxellesfle\/wp-content\/uploads\/2023\/05\/miniature-liaisons-fle-3-300x150.jpg 300w, https:\/\/devs.openbaz.be\/bruxellesfle\/wp-content\/uploads\/2023\/05\/miniature-liaisons-fle-3-200x100.jpg 200w, https:\/\/devs.openbaz.be\/bruxellesfle\/wp-content\/uploads\/2023\/05\/miniature-liaisons-fle-3-400x200.jpg 400w\" sizes=\"(max-width: 500px) 100vw, 500px\" \/>\t\t\t\t\t\t\t\t<\/a>\n\t\t\t\t\t\t\t\t\t\t\t\t\t\t\t<\/div>\n\t\t\t\t<\/div>\n\t\t\t\t<\/div>\n\t\t\t\t<\/div>\n\t\t\t\t\t<\/div>\n\t\t\t\t<\/div>\n\t\t<div class=\"elementor-element elementor-element-8329aa2 e-flex e-con-boxed e-con e-parent\" data-id=\"8329aa2\" data-element_type=\"container\" data-e-type=\"container\" data-settings=\"{&quot;background_background&quot;:&quot;classic&quot;}\">\n\t\t\t\t\t<div class=\"e-con-inner\">\n\t\t<div class=\"elementor-element elementor-element-ebf6ae9 e-con-full e-flex e-con e-child\" data-id=\"ebf6ae9\" data-element_type=\"container\" data-e-type=\"container\">\n\t\t\t\t<div class=\"elementor-element elementor-element-5b897f3 elementor-widget elementor-widget-heading\" data-id=\"5b897f3\" data-element_type=\"widget\" data-e-type=\"widget\" data-widget_type=\"heading.default\">\n\t\t\t\t<div class=\"elementor-widget-container\">\n\t\t\t\t\t<h2 class=\"elementor-heading-title elementor-size-default\">2022<\/h2>\t\t\t\t<\/div>\n\t\t\t\t<\/div>\n\t\t<div class=\"elementor-element elementor-element-1ab3951 e-con-full e-grid e-con e-child\" data-id=\"1ab3951\" data-element_type=\"container\" data-e-type=\"container\" data-settings=\"{&quot;background_background&quot;:&quot;classic&quot;}\">\n\t\t\t\t<div class=\"elementor-element elementor-element-ea63434 elementor-widget elementor-widget-image\" data-id=\"ea63434\" data-element_type=\"widget\" data-e-type=\"widget\" data-widget_type=\"image.default\">\n\t\t\t\t<div class=\"elementor-widget-container\">\n\t\t\t\t\t\t\t\t\t\t\t\t\t\t\t\t<a href=\"https:\/\/devs.openbaz.be\/bruxellesfle\/rencontre-asl-peri\/\">\n\t\t\t\t\t\t\t<img loading=\"lazy\" decoding=\"async\" width=\"500\" height=\"250\" src=\"https:\/\/devs.openbaz.be\/bruxellesfle\/wp-content\/uploads\/2022\/02\/ASL-miniature-500x250-1.jpg\" class=\"elementor-animation-float attachment-full size-full wp-image-10144\" alt=\"\" srcset=\"https:\/\/devs.openbaz.be\/bruxellesfle\/wp-content\/uploads\/2022\/02\/ASL-miniature-500x250-1.jpg 500w, https:\/\/devs.openbaz.be\/bruxellesfle\/wp-content\/uploads\/2022\/02\/ASL-miniature-500x250-1-300x150.jpg 300w, https:\/\/devs.openbaz.be\/bruxellesfle\/wp-content\/uploads\/2022\/02\/ASL-miniature-500x250-1-200x100.jpg 200w, https:\/\/devs.openbaz.be\/bruxellesfle\/wp-content\/uploads\/2022\/02\/ASL-miniature-500x250-1-400x200.jpg 400w\" sizes=\"(max-width: 500px) 100vw, 500px\" \/>\t\t\t\t\t\t\t\t<\/a>\n\t\t\t\t\t\t\t\t\t\t\t\t\t\t\t<\/div>\n\t\t\t\t<\/div>\n\t\t\t\t<div class=\"elementor-element elementor-element-742e15f elementor-widget elementor-widget-image\" data-id=\"742e15f\" data-element_type=\"widget\" data-e-type=\"widget\" data-widget_type=\"image.default\">\n\t\t\t\t<div class=\"elementor-widget-container\">\n\t\t\t\t\t\t\t\t\t\t\t\t\t\t\t\t<a href=\"https:\/\/devs.openbaz.be\/bruxellesfle\/liaisons-fle-2\/\">\n\t\t\t\t\t\t\t<img loading=\"lazy\" decoding=\"async\" width=\"500\" height=\"250\" src=\"https:\/\/devs.openbaz.be\/bruxellesfle\/wp-content\/uploads\/2026\/03\/Visuel-liaisons-FLE-2022-2-500px.jpg\" class=\"elementor-animation-float attachment-full size-full wp-image-14056\" alt=\"\" srcset=\"https:\/\/devs.openbaz.be\/bruxellesfle\/wp-content\/uploads\/2026\/03\/Visuel-liaisons-FLE-2022-2-500px.jpg 500w, https:\/\/devs.openbaz.be\/bruxellesfle\/wp-content\/uploads\/2026\/03\/Visuel-liaisons-FLE-2022-2-500px-300x150.jpg 300w\" sizes=\"(max-width: 500px) 100vw, 500px\" \/>\t\t\t\t\t\t\t\t<\/a>\n\t\t\t\t\t\t\t\t\t\t\t\t\t\t\t<\/div>\n\t\t\t\t<\/div>\n\t\t\t\t<\/div>\n\t\t\t\t<\/div>\n\t\t\t\t\t<\/div>\n\t\t\t\t<\/div>\n\t\t<div class=\"elementor-element elementor-element-2a29005 e-flex e-con-boxed e-con e-parent\" data-id=\"2a29005\" data-element_type=\"container\" data-e-type=\"container\" data-settings=\"{&quot;background_background&quot;:&quot;classic&quot;}\">\n\t\t\t\t\t<div class=\"e-con-inner\">\n\t\t<div class=\"elementor-element elementor-element-d211fd8 e-con-full e-flex e-con e-child\" data-id=\"d211fd8\" data-element_type=\"container\" data-e-type=\"container\">\n\t\t\t\t<div class=\"elementor-element elementor-element-0dde39d elementor-widget elementor-widget-heading\" data-id=\"0dde39d\" data-element_type=\"widget\" data-e-type=\"widget\" data-widget_type=\"heading.default\">\n\t\t\t\t<div class=\"elementor-widget-container\">\n\t\t\t\t\t<h2 class=\"elementor-heading-title elementor-size-default\">2021<\/h2>\t\t\t\t<\/div>\n\t\t\t\t<\/div>\n\t\t<div class=\"elementor-element elementor-element-757bf10 e-con-full e-grid e-con e-child\" data-id=\"757bf10\" data-element_type=\"container\" data-e-type=\"container\" data-settings=\"{&quot;background_background&quot;:&quot;classic&quot;}\">\n\t\t\t\t<div class=\"elementor-element elementor-element-19df81d elementor-widget elementor-widget-image\" data-id=\"19df81d\" data-element_type=\"widget\" data-e-type=\"widget\" data-widget_type=\"image.default\">\n\t\t\t\t<div class=\"elementor-widget-container\">\n\t\t\t\t\t\t\t\t\t\t\t\t\t\t\t\t<a href=\"https:\/\/devs.openbaz.be\/bruxellesfle\/ressources-num-alpha-fle\/\">\n\t\t\t\t\t\t\t<img loading=\"lazy\" decoding=\"async\" width=\"500\" height=\"250\" src=\"https:\/\/devs.openbaz.be\/bruxellesfle\/wp-content\/uploads\/2024\/04\/banner-page-event.jpg\" class=\"elementor-animation-float attachment-full size-full wp-image-11980\" alt=\"\" srcset=\"https:\/\/devs.openbaz.be\/bruxellesfle\/wp-content\/uploads\/2024\/04\/banner-page-event.jpg 500w, https:\/\/devs.openbaz.be\/bruxellesfle\/wp-content\/uploads\/2024\/04\/banner-page-event-300x150.jpg 300w\" sizes=\"(max-width: 500px) 100vw, 500px\" \/>\t\t\t\t\t\t\t\t<\/a>\n\t\t\t\t\t\t\t\t\t\t\t\t\t\t\t<\/div>\n\t\t\t\t<\/div>\n\t\t\t\t<div class=\"elementor-element elementor-element-0ba55cd elementor-widget elementor-widget-image\" data-id=\"0ba55cd\" data-element_type=\"widget\" data-e-type=\"widget\" data-widget_type=\"image.default\">\n\t\t\t\t<div class=\"elementor-widget-container\">\n\t\t\t\t\t\t\t\t\t\t\t\t\t\t\t\t<a href=\"https:\/\/devs.openbaz.be\/bruxellesfle\/focaalinaire-webinaire-focaale\/\">\n\t\t\t\t\t\t\t<img loading=\"lazy\" decoding=\"async\" width=\"500\" height=\"250\" src=\"https:\/\/devs.openbaz.be\/bruxellesfle\/wp-content\/uploads\/2021\/08\/miniature-focaalinaire.jpg\" class=\"elementor-animation-float attachment-full size-full wp-image-9220\" alt=\"\" srcset=\"https:\/\/devs.openbaz.be\/bruxellesfle\/wp-content\/uploads\/2021\/08\/miniature-focaalinaire.jpg 500w, https:\/\/devs.openbaz.be\/bruxellesfle\/wp-content\/uploads\/2021\/08\/miniature-focaalinaire-300x150.jpg 300w, https:\/\/devs.openbaz.be\/bruxellesfle\/wp-content\/uploads\/2021\/08\/miniature-focaalinaire-200x100.jpg 200w, https:\/\/devs.openbaz.be\/bruxellesfle\/wp-content\/uploads\/2021\/08\/miniature-focaalinaire-400x200.jpg 400w\" sizes=\"(max-width: 500px) 100vw, 500px\" \/>\t\t\t\t\t\t\t\t<\/a>\n\t\t\t\t\t\t\t\t\t\t\t\t\t\t\t<\/div>\n\t\t\t\t<\/div>\n\t\t\t\t<div class=\"elementor-element elementor-element-eea2d18 elementor-widget elementor-widget-image\" data-id=\"eea2d18\" data-element_type=\"widget\" data-e-type=\"widget\" data-widget_type=\"image.default\">\n\t\t\t\t<div class=\"elementor-widget-container\">\n\t\t\t\t\t\t\t\t\t\t\t\t\t\t\t\t<a href=\"https:\/\/devs.openbaz.be\/bruxellesfle\/salon-des-ressources\/\">\n\t\t\t\t\t\t\t<img loading=\"lazy\" decoding=\"async\" width=\"500\" height=\"250\" src=\"https:\/\/devs.openbaz.be\/bruxellesfle\/wp-content\/uploads\/2021\/08\/miniature-salon-ressources.jpg\" class=\"elementor-animation-float attachment-large size-large wp-image-9221\" alt=\"\" srcset=\"https:\/\/devs.openbaz.be\/bruxellesfle\/wp-content\/uploads\/2021\/08\/miniature-salon-ressources.jpg 500w, https:\/\/devs.openbaz.be\/bruxellesfle\/wp-content\/uploads\/2021\/08\/miniature-salon-ressources-300x150.jpg 300w, https:\/\/devs.openbaz.be\/bruxellesfle\/wp-content\/uploads\/2021\/08\/miniature-salon-ressources-200x100.jpg 200w, https:\/\/devs.openbaz.be\/bruxellesfle\/wp-content\/uploads\/2021\/08\/miniature-salon-ressources-400x200.jpg 400w\" sizes=\"(max-width: 500px) 100vw, 500px\" \/>\t\t\t\t\t\t\t\t<\/a>\n\t\t\t\t\t\t\t\t\t\t\t\t\t\t\t<\/div>\n\t\t\t\t<\/div>\n\t\t\t\t<\/div>\n\t\t\t\t<\/div>\n\t\t\t\t\t<\/div>\n\t\t\t\t<\/div>\n\t\t<div class=\"elementor-element elementor-element-1f7a78a e-flex e-con-boxed e-con e-parent\" data-id=\"1f7a78a\" data-element_type=\"container\" data-e-type=\"container\" data-settings=\"{&quot;background_background&quot;:&quot;classic&quot;}\">\n\t\t\t\t\t<div class=\"e-con-inner\">\n\t\t<div class=\"elementor-element elementor-element-ed81168 e-con-full e-flex e-con e-child\" data-id=\"ed81168\" data-element_type=\"container\" data-e-type=\"container\">\n\t\t\t\t<div class=\"elementor-element elementor-element-77dd6ae elementor-widget elementor-widget-heading\" data-id=\"77dd6ae\" data-element_type=\"widget\" data-e-type=\"widget\" data-widget_type=\"heading.default\">\n\t\t\t\t<div class=\"elementor-widget-container\">\n\t\t\t\t\t<h2 class=\"elementor-heading-title elementor-size-default\">2020<\/h2>\t\t\t\t<\/div>\n\t\t\t\t<\/div>\n\t\t<div class=\"elementor-element elementor-element-10305fa e-con-full e-grid e-con e-child\" data-id=\"10305fa\" data-element_type=\"container\" data-e-type=\"container\" data-settings=\"{&quot;background_background&quot;:&quot;classic&quot;}\">\n\t\t\t\t<div class=\"elementor-element elementor-element-e0ab405 elementor-widget elementor-widget-image\" data-id=\"e0ab405\" data-element_type=\"widget\" data-e-type=\"widget\" data-widget_type=\"image.default\">\n\t\t\t\t<div class=\"elementor-widget-container\">\n\t\t\t\t\t\t\t\t\t\t\t\t\t\t\t\t<a href=\"https:\/\/devs.openbaz.be\/bruxellesfle\/liaisons-fle\/\">\n\t\t\t\t\t\t\t<img loading=\"lazy\" decoding=\"async\" width=\"500\" height=\"250\" src=\"https:\/\/devs.openbaz.be\/bruxellesfle\/wp-content\/uploads\/2021\/08\/miniature-liaisons-fle.jpg\" class=\"elementor-animation-float attachment-full size-full wp-image-9219\" alt=\"\" srcset=\"https:\/\/devs.openbaz.be\/bruxellesfle\/wp-content\/uploads\/2021\/08\/miniature-liaisons-fle.jpg 500w, https:\/\/devs.openbaz.be\/bruxellesfle\/wp-content\/uploads\/2021\/08\/miniature-liaisons-fle-300x150.jpg 300w, https:\/\/devs.openbaz.be\/bruxellesfle\/wp-content\/uploads\/2021\/08\/miniature-liaisons-fle-200x100.jpg 200w, https:\/\/devs.openbaz.be\/bruxellesfle\/wp-content\/uploads\/2021\/08\/miniature-liaisons-fle-400x200.jpg 400w\" sizes=\"(max-width: 500px) 100vw, 500px\" \/>\t\t\t\t\t\t\t\t<\/a>\n\t\t\t\t\t\t\t\t\t\t\t\t\t\t\t<\/div>\n\t\t\t\t<\/div>\n\t\t\t\t<\/div>\n\t\t\t\t<\/div>\n\t\t\t\t\t<\/div>\n\t\t\t\t<\/div>\n\t\t\t\t<\/div>\n\t\t","protected":false},"excerpt":{"rendered":"<p>\u00c9v\u00e9nements organis\u00e9s par Bruxelles FLE Dans le cadre de notre mission d\u2019appui p\u00e9dagogique et de diffusion de connaissance en FLE, nous organisons r\u00e9guli\u00e8rement des \u00e9v\u00e9nements avec des intervenants et experts ext\u00e9rieurs qui alimentent la r\u00e9flexion autour des m\u00e9thodes d\u2019enseignement du FLE. 2024 2023 2022 2021 2020<\/p>\n","protected":false},"author":46,"featured_media":0,"parent":0,"menu_order":0,"comment_status":"closed","ping_status":"closed","template":"","meta":{"footnotes":"","_links_to":"","_links_to_target":""},"class_list":["post-11978","page","type-page","status-publish","hentry"],"aioseo_notices":[],"_links":{"self":[{"href":"https:\/\/devs.openbaz.be\/bruxellesfle\/wp-json\/wp\/v2\/pages\/11978","targetHints":{"allow":["GET"]}}],"collection":[{"href":"https:\/\/devs.openbaz.be\/bruxellesfle\/wp-json\/wp\/v2\/pages"}],"about":[{"href":"https:\/\/devs.openbaz.be\/bruxellesfle\/wp-json\/wp\/v2\/types\/page"}],"author":[{"embeddable":true,"href":"https:\/\/devs.openbaz.be\/bruxellesfle\/wp-json\/wp\/v2\/users\/46"}],"replies":[{"embeddable":true,"href":"https:\/\/devs.openbaz.be\/bruxellesfle\/wp-json\/wp\/v2\/comments?post=11978"}],"version-history":[{"count":94,"href":"https:\/\/devs.openbaz.be\/bruxellesfle\/wp-json\/wp\/v2\/pages\/11978\/revisions"}],"predecessor-version":[{"id":14059,"href":"https:\/\/devs.openbaz.be\/bruxellesfle\/wp-json\/wp\/v2\/pages\/11978\/revisions\/14059"}],"wp:attachment":[{"href":"https:\/\/devs.openbaz.be\/bruxellesfle\/wp-json\/wp\/v2\/media?parent=11978"}],"curies":[{"name":"wp","href":"https:\/\/api.w.org\/{rel}","templated":true}]}}