{"id":11356,"date":"2023-10-02T11:56:46","date_gmt":"2023-10-02T09:56:46","guid":{"rendered":"https:\/\/devs.openbaz.be\/bruxellesfle\/?page_id=11356"},"modified":"2026-03-24T11:24:19","modified_gmt":"2026-03-24T10:24:19","slug":"rencontre-asl-peri","status":"publish","type":"page","link":"https:\/\/devs.openbaz.be\/bruxellesfle\/rencontre-asl-peri\/","title":{"rendered":"Rencontre &#8211; L&rsquo;apprentissage du fran\u00e7ais dans les espaces sociaux"},"content":{"rendered":"\t\t<div data-elementor-type=\"wp-page\" data-elementor-id=\"11356\" class=\"elementor elementor-11356\" data-elementor-post-type=\"page\">\n\t\t\t\t<div class=\"elementor-element elementor-element-311a6482 e-flex e-con-boxed e-con e-parent\" data-id=\"311a6482\" data-element_type=\"container\" data-e-type=\"container\">\n\t\t\t\t\t<div class=\"e-con-inner\">\n\t\t\t\t<div class=\"elementor-element elementor-element-2c164272 elementor-widget elementor-widget-image\" data-id=\"2c164272\" data-element_type=\"widget\" data-e-type=\"widget\" data-widget_type=\"image.default\">\n\t\t\t\t<div class=\"elementor-widget-container\">\n\t\t\t\t\t\t\t\t\t\t\t\t\t\t\t<img fetchpriority=\"high\" decoding=\"async\" width=\"800\" height=\"280\" src=\"https:\/\/devs.openbaz.be\/bruxellesfle\/wp-content\/uploads\/2026\/02\/Visuel-ASL-event-800px.png\" class=\"attachment-full size-full wp-image-13611\" alt=\"\" srcset=\"https:\/\/devs.openbaz.be\/bruxellesfle\/wp-content\/uploads\/2026\/02\/Visuel-ASL-event-800px.png 800w, https:\/\/devs.openbaz.be\/bruxellesfle\/wp-content\/uploads\/2026\/02\/Visuel-ASL-event-800px-300x105.png 300w, https:\/\/devs.openbaz.be\/bruxellesfle\/wp-content\/uploads\/2026\/02\/Visuel-ASL-event-800px-768x269.png 768w\" sizes=\"(max-width: 800px) 100vw, 800px\" \/>\t\t\t\t\t\t\t\t\t\t\t\t\t\t\t<\/div>\n\t\t\t\t<\/div>\n\t\t\t\t\t<\/div>\n\t\t\t\t<\/div>\n\t\t<div class=\"elementor-element elementor-element-5d7a146b e-flex e-con-boxed e-con e-parent\" data-id=\"5d7a146b\" data-element_type=\"container\" data-e-type=\"container\">\n\t\t\t\t\t<div class=\"e-con-inner\">\n\t\t<div class=\"elementor-element elementor-element-783e4a08 e-con-full e-flex e-con e-child\" data-id=\"783e4a08\" data-element_type=\"container\" data-e-type=\"container\" data-settings=\"{&quot;background_background&quot;:&quot;classic&quot;}\">\n\t\t\t\t<div class=\"elementor-element elementor-element-1781d47c elementor-widget elementor-widget-heading\" data-id=\"1781d47c\" data-element_type=\"widget\" data-e-type=\"widget\" data-widget_type=\"heading.default\">\n\t\t\t\t<div class=\"elementor-widget-container\">\n\t\t\t\t\t<h2 class=\"elementor-heading-title elementor-size-default\">Qu'est-ce que c'est ? <\/h2>\t\t\t\t<\/div>\n\t\t\t\t<\/div>\n\t\t\t\t<div class=\"elementor-element elementor-element-3490ead0 elementor-widget elementor-widget-text-editor\" data-id=\"3490ead0\" data-element_type=\"widget\" data-e-type=\"widget\" data-widget_type=\"text-editor.default\">\n\t\t\t\t<div class=\"elementor-widget-container\">\n\t\t\t\t\t\t\t\t\t<p>Une rencontre qui a pour objectif de cr\u00e9er une dynamique d\u2019\u00e9changes autour de <strong>l\u2019approche des Ateliers SocioLinguistiques<\/strong> (ASL), une m\u00e9thodologie innovante de l\u2019enseignement du fran\u00e7ais permettant aux adultes allophones de <strong>s\u2019approprier un espace social de leur quotidien<\/strong> \u00e0 Bruxelles. Retrouvez plus d\u2019infos \u00e0 propos des ASL <a href=\"https:\/\/www.bruxellesfle.be\/asl\/\" target=\"_blank\" rel=\"noopener\">sur notre page<\/a>.<\/p>\t\t\t\t\t\t\t\t<\/div>\n\t\t\t\t<\/div>\n\t\t\t\t<\/div>\n\t\t\t\t\t<\/div>\n\t\t\t\t<\/div>\n\t\t<div class=\"elementor-element elementor-element-7d6f1e75 e-flex e-con-boxed e-con e-parent\" data-id=\"7d6f1e75\" data-element_type=\"container\" data-e-type=\"container\" data-settings=\"{&quot;background_background&quot;:&quot;classic&quot;}\">\n\t\t\t\t\t<div class=\"e-con-inner\">\n\t\t<div class=\"elementor-element elementor-element-491487a7 e-con-full e-flex e-con e-child\" data-id=\"491487a7\" data-element_type=\"container\" data-e-type=\"container\" data-settings=\"{&quot;background_background&quot;:&quot;classic&quot;}\">\n\t\t\t\t<div class=\"elementor-element elementor-element-362b4e44 elementor-widget elementor-widget-text-editor\" data-id=\"362b4e44\" data-element_type=\"widget\" data-e-type=\"widget\" data-widget_type=\"text-editor.default\">\n\t\t\t\t<div class=\"elementor-widget-container\">\n\t\t\t\t\t\t\t\t\t<p>Cet \u00e9v\u00e9nement est l\u2019occasion de r\u00e9unir tous les acteur\u00b7trice\u00b7s int\u00e9ress\u00e9\u00b7e\u00b7s par la dynamique ASL :<\/p><ul><li>Formatrice\u00b7teur\u00b7s et coordinateur\u00b7trice\u00b7s de centres de formation<\/li><li>Travailleuse\u00b7eur\u00b7s d\u2019organismes accueillant des publics allophones<\/li><li>Repr\u00e9sentant\u00b7e\u00b7s d\u2019institutions en charge de la coh\u00e9sion sociale, de l\u2019\u00e9ducation et de la sant\u00e9<\/li><li>Chercheuse\u00b7eur\u00b7s sp\u00e9cialis\u00e9\u00b7e\u00b7s dans la formation linguistique des personnes allophones<\/li><\/ul>\t\t\t\t\t\t\t\t<\/div>\n\t\t\t\t<\/div>\n\t\t\t\t<\/div>\n\t\t\t\t\t<\/div>\n\t\t\t\t<\/div>\n\t\t<div class=\"elementor-element elementor-element-603bac63 e-flex e-con-boxed e-con e-parent\" data-id=\"603bac63\" data-element_type=\"container\" data-e-type=\"container\">\n\t\t\t\t\t<div class=\"e-con-inner\">\n\t\t\t\t<div class=\"elementor-element elementor-element-cdd51b7 elementor-widget elementor-widget-video\" data-id=\"cdd51b7\" data-element_type=\"widget\" data-e-type=\"widget\" data-settings=\"{&quot;youtube_url&quot;:&quot;https:\\\/\\\/www.youtube.com\\\/watch?v=-FToLGPPFP8&quot;,&quot;video_type&quot;:&quot;youtube&quot;,&quot;controls&quot;:&quot;yes&quot;}\" data-widget_type=\"video.default\">\n\t\t\t\t<div class=\"elementor-widget-container\">\n\t\t\t\t\t\t\t<div class=\"elementor-wrapper elementor-open-inline\">\n\t\t\t<div class=\"elementor-video\"><\/div>\t\t<\/div>\n\t\t\t\t\t\t<\/div>\n\t\t\t\t<\/div>\n\t\t\t\t\t<\/div>\n\t\t\t\t<\/div>\n\t\t<div class=\"elementor-element elementor-element-b08a9c5 e-flex e-con-boxed e-con e-parent\" data-id=\"b08a9c5\" data-element_type=\"container\" data-e-type=\"container\">\n\t\t\t\t\t<div class=\"e-con-inner\">\n\t\t<div class=\"elementor-element elementor-element-aad90ad e-con-full e-flex e-con e-child\" data-id=\"aad90ad\" data-element_type=\"container\" data-e-type=\"container\" data-settings=\"{&quot;background_background&quot;:&quot;classic&quot;}\">\n\t\t\t\t<div class=\"elementor-element elementor-element-144529d elementor-widget elementor-widget-heading\" data-id=\"144529d\" data-element_type=\"widget\" data-e-type=\"widget\" data-widget_type=\"heading.default\">\n\t\t\t\t<div class=\"elementor-widget-container\">\n\t\t\t\t\t<h2 class=\"elementor-heading-title elementor-size-default\">Les diapositives de pr\u00e9sentation de la rencontre :<\/h2>\t\t\t\t<\/div>\n\t\t\t\t<\/div>\n\t\t\t\t<div class=\"elementor-element elementor-element-3b756e4 elementor-widget elementor-widget-image\" data-id=\"3b756e4\" data-element_type=\"widget\" data-e-type=\"widget\" data-widget_type=\"image.default\">\n\t\t\t\t<div class=\"elementor-widget-container\">\n\t\t\t\t\t\t\t\t\t\t\t\t\t\t\t\t<a href=\"https:\/\/www.bruxellesfle.be\/wp-content\/uploads\/2022\/03\/Presentation-Rencontre-ASL-16-03-22.pdf\">\n\t\t\t\t\t\t\t<img decoding=\"async\" width=\"400\" height=\"267\" src=\"https:\/\/devs.openbaz.be\/bruxellesfle\/wp-content\/uploads\/2026\/02\/rencontre-asl-dia-ppt-400px.png\" class=\"attachment-full size-full wp-image-13612\" alt=\"\" srcset=\"https:\/\/devs.openbaz.be\/bruxellesfle\/wp-content\/uploads\/2026\/02\/rencontre-asl-dia-ppt-400px.png 400w, https:\/\/devs.openbaz.be\/bruxellesfle\/wp-content\/uploads\/2026\/02\/rencontre-asl-dia-ppt-400px-300x200.png 300w, https:\/\/devs.openbaz.be\/bruxellesfle\/wp-content\/uploads\/2026\/02\/rencontre-asl-dia-ppt-400px-391x260.png 391w\" sizes=\"(max-width: 400px) 100vw, 400px\" \/>\t\t\t\t\t\t\t\t<\/a>\n\t\t\t\t\t\t\t\t\t\t\t\t\t\t\t<\/div>\n\t\t\t\t<\/div>\n\t\t\t\t<\/div>\n\t\t\t\t\t<\/div>\n\t\t\t\t<\/div>\n\t\t\t\t<\/div>\n\t\t","protected":false},"excerpt":{"rendered":"<p>Qu&rsquo;est-ce que c&rsquo;est ? Une rencontre qui a pour objectif de cr\u00e9er une dynamique d\u2019\u00e9changes autour de l\u2019approche des Ateliers SocioLinguistiques (ASL), une m\u00e9thodologie innovante de l\u2019enseignement du fran\u00e7ais permettant aux adultes allophones de s\u2019approprier un espace social de leur quotidien \u00e0 Bruxelles. Retrouvez plus d\u2019infos \u00e0 propos des ASL sur notre page. Cet \u00e9v\u00e9nement [&hellip;]<\/p>\n","protected":false},"author":46,"featured_media":0,"parent":0,"menu_order":0,"comment_status":"closed","ping_status":"closed","template":"","meta":{"footnotes":"","_links_to":"","_links_to_target":""},"class_list":["post-11356","page","type-page","status-publish","hentry"],"aioseo_notices":[],"_links":{"self":[{"href":"https:\/\/devs.openbaz.be\/bruxellesfle\/wp-json\/wp\/v2\/pages\/11356","targetHints":{"allow":["GET"]}}],"collection":[{"href":"https:\/\/devs.openbaz.be\/bruxellesfle\/wp-json\/wp\/v2\/pages"}],"about":[{"href":"https:\/\/devs.openbaz.be\/bruxellesfle\/wp-json\/wp\/v2\/types\/page"}],"author":[{"embeddable":true,"href":"https:\/\/devs.openbaz.be\/bruxellesfle\/wp-json\/wp\/v2\/users\/46"}],"replies":[{"embeddable":true,"href":"https:\/\/devs.openbaz.be\/bruxellesfle\/wp-json\/wp\/v2\/comments?post=11356"}],"version-history":[{"count":57,"href":"https:\/\/devs.openbaz.be\/bruxellesfle\/wp-json\/wp\/v2\/pages\/11356\/revisions"}],"predecessor-version":[{"id":14150,"href":"https:\/\/devs.openbaz.be\/bruxellesfle\/wp-json\/wp\/v2\/pages\/11356\/revisions\/14150"}],"wp:attachment":[{"href":"https:\/\/devs.openbaz.be\/bruxellesfle\/wp-json\/wp\/v2\/media?parent=11356"}],"curies":[{"name":"wp","href":"https:\/\/api.w.org\/{rel}","templated":true}]}}