{"id":11277,"date":"2023-07-06T15:24:12","date_gmt":"2023-07-06T13:24:12","guid":{"rendered":"https:\/\/devs.openbaz.be\/bruxellesfle\/?page_id=11277"},"modified":"2023-07-06T15:24:12","modified_gmt":"2023-07-06T13:24:12","slug":"arendal-journal-de-bord","status":"publish","type":"page","link":"https:\/\/devs.openbaz.be\/bruxellesfle\/arendal-journal-de-bord\/","title":{"rendered":"Arendal : journal de bord"},"content":{"rendered":"<p>&nbsp;<\/p>\n<p><strong><span style=\"font-size: 18pt;\">Arendal : Journal de bord<\/span><\/strong><\/p>\n<p><span style=\"font-size: 14pt;\">En mai 2023, une \u00e9quipe de 14 personnes (formateur\u00b7trice\u00b7s, cordinatrice\u00b7teur\u00b7s et deux agent\u00b7e\u00b7s de guidance) travaillant dans les centres de formation participant au projet est partie pour r\u00e9aliser une semaine d\u2019observation sur le lieu de travail \u00e0 Arendal, en Norv\u00e8ge.<\/span><\/p>\n<p><span style=\"font-size: 14pt;\">Ce journal de bord vise \u00e0 raconter, partager, et diffuser cette exp\u00e9rience de formation norv\u00e9gienne. Tous et toutes les participant\u00b7e\u00b7s \u00e0 la mobilit\u00e9 y ont particip\u00e9, ce qui permet de donner une vue assez large sur les cours et les autres activit\u00e9s r\u00e9alis\u00e9es tout au long des 5 jours de mobilit\u00e9.<\/span><\/p>\n<p><center><\/center><center><\/center><\/p>\n","protected":false},"excerpt":{"rendered":"<p>&nbsp; Arendal : Journal de bord En mai 2023, une \u00e9quipe de 14 personnes (formateur\u00b7trice\u00b7s, cordinatrice\u00b7teur\u00b7s et deux agent\u00b7e\u00b7s de guidance) travaillant dans les centres de formation participant au projet est partie pour r\u00e9aliser une semaine d\u2019observation sur le lieu de travail \u00e0 Arendal, en Norv\u00e8ge. Ce journal de bord vise \u00e0 raconter, partager, et [&hellip;]<\/p>\n","protected":false},"author":46,"featured_media":0,"parent":0,"menu_order":0,"comment_status":"closed","ping_status":"closed","template":"","meta":{"footnotes":"","_links_to":"","_links_to_target":""},"class_list":["post-11277","page","type-page","status-publish","hentry"],"aioseo_notices":[],"_links":{"self":[{"href":"https:\/\/devs.openbaz.be\/bruxellesfle\/wp-json\/wp\/v2\/pages\/11277","targetHints":{"allow":["GET"]}}],"collection":[{"href":"https:\/\/devs.openbaz.be\/bruxellesfle\/wp-json\/wp\/v2\/pages"}],"about":[{"href":"https:\/\/devs.openbaz.be\/bruxellesfle\/wp-json\/wp\/v2\/types\/page"}],"author":[{"embeddable":true,"href":"https:\/\/devs.openbaz.be\/bruxellesfle\/wp-json\/wp\/v2\/users\/46"}],"replies":[{"embeddable":true,"href":"https:\/\/devs.openbaz.be\/bruxellesfle\/wp-json\/wp\/v2\/comments?post=11277"}],"version-history":[{"count":1,"href":"https:\/\/devs.openbaz.be\/bruxellesfle\/wp-json\/wp\/v2\/pages\/11277\/revisions"}],"predecessor-version":[{"id":11279,"href":"https:\/\/devs.openbaz.be\/bruxellesfle\/wp-json\/wp\/v2\/pages\/11277\/revisions\/11279"}],"wp:attachment":[{"href":"https:\/\/devs.openbaz.be\/bruxellesfle\/wp-json\/wp\/v2\/media?parent=11277"}],"curies":[{"name":"wp","href":"https:\/\/api.w.org\/{rel}","templated":true}]}}