{"id":10368,"date":"2022-06-16T14:57:03","date_gmt":"2022-06-16T12:57:03","guid":{"rendered":"https:\/\/devs.openbaz.be\/bruxellesfle\/?page_id=10368"},"modified":"2022-06-16T14:59:13","modified_gmt":"2022-06-16T12:59:13","slug":"rome-journal-de-bord","status":"publish","type":"page","link":"https:\/\/devs.openbaz.be\/bruxellesfle\/rome-journal-de-bord\/","title":{"rendered":"Rome : journal de bord"},"content":{"rendered":"<p>&nbsp;<\/p>\n<p><strong><span style=\"font-size: 18pt;\">Rome : Journal de bord<\/span><\/strong><\/p>\n<p style=\"text-align: left;\"><span style=\"font-size: 14pt;\">En avril 2022, une \u00e9quipe de 13 personnes (formateurs, formatrices, coordinatrices, coordinateurs et un agent de guidance) travaillant dans les centres de formation participant au projet FLE+ est partie pour r\u00e9aliser une semaine d\u2019observation sur le lieu de travail \u00e0 Rome, en Italie, aupr\u00e8s du r\u00e9seau Rete Scuole Migranti.<\/span><\/p>\n<p style=\"text-align: left;\"><span style=\"font-size: 14pt;\">Pour raconter, partager, et diffuser cette exp\u00e9rience de formation romaine, les participants ont pr\u00e9par\u00e9 ce journal de bord, qui d\u00e9crit les cours et ateliers observ\u00e9s, les journ\u00e9es de formation, ainsi que les projets d\u00e9couverts tout au long de notre semaine \u00e0 Rome.<\/span><\/p>\n<p><center><\/center><center><\/center><\/p>\n","protected":false},"excerpt":{"rendered":"<p>&nbsp; Rome : Journal de bord En avril 2022, une \u00e9quipe de 13 personnes (formateurs, formatrices, coordinatrices, coordinateurs et un agent de guidance) travaillant dans les centres de formation participant au projet FLE+ est partie pour r\u00e9aliser une semaine d\u2019observation sur le lieu de travail \u00e0 Rome, en Italie, aupr\u00e8s du r\u00e9seau Rete Scuole Migranti. [&hellip;]<\/p>\n","protected":false},"author":46,"featured_media":0,"parent":0,"menu_order":0,"comment_status":"closed","ping_status":"closed","template":"","meta":{"footnotes":"","_links_to":"","_links_to_target":""},"class_list":["post-10368","page","type-page","status-publish","hentry"],"aioseo_notices":[],"_links":{"self":[{"href":"https:\/\/devs.openbaz.be\/bruxellesfle\/wp-json\/wp\/v2\/pages\/10368","targetHints":{"allow":["GET"]}}],"collection":[{"href":"https:\/\/devs.openbaz.be\/bruxellesfle\/wp-json\/wp\/v2\/pages"}],"about":[{"href":"https:\/\/devs.openbaz.be\/bruxellesfle\/wp-json\/wp\/v2\/types\/page"}],"author":[{"embeddable":true,"href":"https:\/\/devs.openbaz.be\/bruxellesfle\/wp-json\/wp\/v2\/users\/46"}],"replies":[{"embeddable":true,"href":"https:\/\/devs.openbaz.be\/bruxellesfle\/wp-json\/wp\/v2\/comments?post=10368"}],"version-history":[{"count":3,"href":"https:\/\/devs.openbaz.be\/bruxellesfle\/wp-json\/wp\/v2\/pages\/10368\/revisions"}],"predecessor-version":[{"id":10373,"href":"https:\/\/devs.openbaz.be\/bruxellesfle\/wp-json\/wp\/v2\/pages\/10368\/revisions\/10373"}],"wp:attachment":[{"href":"https:\/\/devs.openbaz.be\/bruxellesfle\/wp-json\/wp\/v2\/media?parent=10368"}],"curies":[{"name":"wp","href":"https:\/\/api.w.org\/{rel}","templated":true}]}}